{"id":2919,"date":"2023-10-01T17:02:34","date_gmt":"2023-10-01T15:02:34","guid":{"rendered":"https:\/\/veganova.eu\/?post_type=product&#038;p=2919"},"modified":"2026-04-21T07:23:35","modified_gmt":"2026-04-21T05:23:35","slug":"doctors-best-extra-strength-ginkgo-120mg-360-kaps","status":"publish","type":"product","link":"https:\/\/veganova.eu\/pl\/shop\/doctors-best-extra-strength-ginkgo-120mg-360-kaps\/","title":{"rendered":"Doctor's Best Extra Strength Ginkgo, 120 mg (360 kapsu\u0142ek)"},"content":{"rendered":"<h3>Doctor's Best Extra Strength Ginkgo, 120 mg (360 kapsu\u0142ek)<\/h3>\n<p>Czym jest ekstrakt z mi\u0142orz\u0119bu japo\u0144skiego Doctor's Best Extra Strength?<br \/>\nEkstrakt z mi\u0142orz\u0119bu japo\u0144skiego Doctor's Best Extra Strength Ginkgo Extract stanowi silne po\u0142\u0105czenie flawonoid\u00f3w (g\u0142\u00f3wnie glikozyd\u00f3w flawonowych) i lakton\u00f3w terpenowych wyizolowanych z li\u015bci mi\u0142orz\u0119bu japo\u0144skiego. G\u0142\u00f3wnymi flawonoidami wyizolowanymi z li\u015bci mi\u0142orz\u0119bu s\u0105 kemferol, kwercetyna i izorhamnetyna, a g\u0142\u00f3wnymi laktonami terpenowymi s\u0105 20-w\u0119glowe pochodne okre\u015blane jako ginkgolidy A, B, C, J i M. Istniej\u0105 istotne dowody na pozytywny wp\u0142yw ekstraktu z li\u015bci Ginkgo biloba na \u015bwiadomo\u015b\u0107, uwag\u0119 i inne zdolno\u015bci umys\u0142owe. Ekstrakt z mi\u0142orz\u0119bu japo\u0144skiego Doctor's Best Extra Strength wspomaga prawid\u0142owe funkcjonowanie mitrochondri\u00f3w i kom\u00f3rek nerwowych.<\/p>\n<p>Jak to dzia\u0142a?<br \/>\nB\u0142ony kom\u00f3rkowe, kt\u00f3re stanowi\u0105 wi\u0119kszo\u015b\u0107 substancji wszystkich naszych kom\u00f3rek, s\u0105 podatne na uszkodzenia oksydacyjne powodowane przez szkodliwe wolne rodniki. B\u0142ony kom\u00f3rkowe sk\u0142adaj\u0105 si\u0119 z podw\u00f3jnych warstw molekularnych lipid\u00f3w (\"dwuwarstw lipidowych\"), kt\u00f3re s\u0105 szczeg\u00f3lnie podatne na uszkodzenia przez wolne rodniki w wyniku \"peroksydacji lipid\u00f3w\". Wolne rodniki s\u0105 reaktywne chemicznie, poniewa\u017c posiadaj\u0105 niestabilny uk\u0142ad elektron\u00f3w. Wolne rodniki tlenowe s\u0105 szczeg\u00f3lnie reaktywne i s\u0105 naturalnie tworzone przez mitochondria obecne we wszystkich naszych kom\u00f3rkach. Poniewa\u017c mitochondria wykorzystuj\u0105 tlen do wytwarzania energii z naszych produkt\u00f3w spo\u017cywczych, niezmiennie generuj\u0105 rodniki tlenowe. Nasze kom\u00f3rki wykorzystuj\u0105 przeciwutleniaj\u0105ce sk\u0142adniki od\u017cywcze z po\u017cywienia, wraz z enzymami przeciwutleniaj\u0105cymi wytwarzanymi w kom\u00f3rkach, aby usuwa\u0107 wolne rodniki, a tym samym zapobiega\u0107 powodowaniu przez nie uszkodze\u0144. Badania wykaza\u0142y, \u017ce spo\u017cywanie suplement\u00f3w bogatych w przeciwutleniacze mo\u017ce pom\u00f3c zneutralizowa\u0107 wolne rodniki i inne potencjalnie toksyczne substancje. Glikozydy flawonowe z ekstrakt\u00f3w z li\u015bci mi\u0142orz\u0119bu japo\u0144skiego s\u0105 silnymi przeciwutleniaczami, kt\u00f3re mog\u0105 pom\u00f3c organizmowi w zwalczaniu reaktywnych wolnych rodnik\u00f3w.<\/p>\n<p>Dlaczego warto przyjmowa\u0107 Doctor's Best Ginkgo Extract?<br \/>\nDoctor's Best Extra Strength Ginkgo Extract to najwy\u017cszej jako\u015bci standaryzowany ekstrakt z mi\u0142orz\u0119bu japo\u0144skiego, kt\u00f3ry zawiera co najmniej 24% glikozyd\u00f3w flawonowych i 6% lakton\u00f3w terpenowych, co potwierdzono w niezale\u017cnej analizie laboratoryjnej. Jako\u015b\u0107 naszego mi\u0142orz\u0119bu japo\u0144skiego jest gwarantowana przez system zapewnienia jako\u015bci ProfileProven opracowany przez Ethical Naturals, Inc. Proces ten obejmuje najszersze testy i badania przesiewowe na ka\u017cdym etapie produkcji w celu zapewnienia czysto\u015bci i si\u0142y dzia\u0142ania.<\/p>","protected":false},"excerpt":{"rendered":"<p>Wega\u0144ski suplement diety zawieraj\u0105cy Ginkga Doctor's Best Extra Strength Ginkgo, 120mg jest odpowiedni do wspomagania pami\u0119ci i funkcji m\u00f3zgu. Opakowanie zawiera: 360 kapsu\u0142ek. Bezglutenowy i wolny od GMO.<\/p>","protected":false},"featured_media":53237,"comment_status":"closed","ping_status":"closed","template":"","meta":{"advanced_seo_description":"","jetpack_seo_html_title":"","jetpack_seo_noindex":false},"pwb-brand":[147],"product_brand":[4565],"product_cat":[2599,2592,289,597,149],"product_tag":[1167,1221,1157,1235,1158,1223],"class_list":{"0":"post-2919","1":"product","2":"type-product","3":"status-publish","4":"has-post-thumbnail","6":"pwb-brand-doctors-best","7":"product_brand-doctors-best","8":"product_cat-brain-and-memory","9":"product_cat-detox","10":"product_cat-heart-and-blood-vessels","11":"product_cat-body-immunity","12":"product_cat-superfoods","13":"product_tag-blood-vessels","14":"product_tag-brain","15":"product_tag-circulation","16":"product_tag-free-radical-scavenger","17":"product_tag-heart","18":"product_tag-memory","19":"brand_woo-doctors-best","21":"first","22":"instock","23":"taxable","24":"shipping-taxable","25":"purchasable","26":"product-type-simple"},"jetpack_sharing_enabled":true,"brands":[{"id":147,"name":"Doctor's Best","slug":"doctors-best"}],"_links":{"self":[{"href":"https:\/\/veganova.eu\/pl\/wp-json\/wp\/v2\/product\/2919","targetHints":{"allow":["GET"]}}],"collection":[{"href":"https:\/\/veganova.eu\/pl\/wp-json\/wp\/v2\/product"}],"about":[{"href":"https:\/\/veganova.eu\/pl\/wp-json\/wp\/v2\/types\/product"}],"replies":[{"embeddable":true,"href":"https:\/\/veganova.eu\/pl\/wp-json\/wp\/v2\/comments?post=2919"}],"version-history":[{"count":1,"href":"https:\/\/veganova.eu\/pl\/wp-json\/wp\/v2\/product\/2919\/revisions"}],"predecessor-version":[{"id":57465,"href":"https:\/\/veganova.eu\/pl\/wp-json\/wp\/v2\/product\/2919\/revisions\/57465"}],"wp:featuredmedia":[{"embeddable":true,"href":"https:\/\/veganova.eu\/pl\/wp-json\/wp\/v2\/media\/53237"}],"wp:attachment":[{"href":"https:\/\/veganova.eu\/pl\/wp-json\/wp\/v2\/media?parent=2919"}],"wp:term":[{"taxonomy":"pwb-brand","embeddable":true,"href":"https:\/\/veganova.eu\/pl\/wp-json\/wp\/v2\/pwb-brand?post=2919"},{"taxonomy":"product_brand","embeddable":true,"href":"https:\/\/veganova.eu\/pl\/wp-json\/wp\/v2\/product_brand?post=2919"},{"taxonomy":"product_cat","embeddable":true,"href":"https:\/\/veganova.eu\/pl\/wp-json\/wp\/v2\/product_cat?post=2919"},{"taxonomy":"product_tag","embeddable":true,"href":"https:\/\/veganova.eu\/pl\/wp-json\/wp\/v2\/product_tag?post=2919"}],"curies":[{"name":"wp","href":"https:\/\/api.w.org\/{rel}","templated":true}]}}