{"id":2978,"date":"2023-10-01T17:02:43","date_gmt":"2023-10-01T15:02:43","guid":{"rendered":"https:\/\/veganova.eu\/?post_type=product&#038;p=2978"},"modified":"2026-04-25T02:20:30","modified_gmt":"2026-04-25T00:20:30","slug":"doctors-best-stabilized-r-lipoic-acid-with-bioenhanced-na-rala-200mg-60-kaps","status":"publish","type":"product","link":"https:\/\/veganova.eu\/pl\/shop\/doctors-best-stabilized-r-lipoic-acid-with-bioenhanced-na-rala-200mg-60-kaps\/","title":{"rendered":"Doctor's Best Stabilized R-Lipoic Acid with BioEnhanced Na-RALA, 200 mg (60 kapsu\u0142ek)"},"content":{"rendered":"<h3>Najlepszy stabilizowany kwas R-liponowy Doctor's Best z bio-wzmocnionym Na-RALA<\/h3>\n<ul>\n<li>Kwas alfa-liponowy to zawieraj\u0105cy siark\u0119 kwas t\u0142uszczowy wyst\u0119puj\u0105cy naturalnie w organizmie.<\/li>\n<li>Wraz z wiekiem spada nasza zdolno\u015b\u0107 do syntezy kwasu alfa-liponowego.<\/li>\n<li>Najlepszy kwas alfa-liponowy dzia\u0142a jako koenzym w metabolizmie w\u0119glowodan\u00f3w i jest wymagany do syntezy acetylo-CoA, kluczowego metabolitu w procesie kom\u00f3rkowym, kt\u00f3ry przekszta\u0142ca glukoz\u0119 (cukier we krwi) w energi\u0119.<\/li>\n<li>Kwas liponowy jest cz\u0119sto okre\u015blany jako \"uniwersalny przeciwutleniacz\".<\/li>\n<\/ul>","protected":false},"excerpt":{"rendered":"<p>Wega\u0144ski suplement diety Doctor's Best Stabilized R-Lipoic Acid with BioEnhanced Na-RALA 200mg, opakowanie zawiera: 60 kapsu\u0142ek. Bezglutenowy i wolny od GMO.<\/p>","protected":false},"featured_media":11982,"comment_status":"closed","ping_status":"closed","template":"","meta":{"advanced_seo_description":"","jetpack_seo_html_title":"","jetpack_seo_noindex":false},"pwb-brand":[147],"product_brand":[4565],"product_cat":[174,132],"product_tag":[1093,860,1235,1094],"class_list":{"0":"post-2978","1":"product","2":"type-product","3":"status-publish","4":"has-post-thumbnail","6":"pwb-brand-doctors-best","7":"product_brand-doctors-best","8":"product_cat-amino-acids","9":"product_cat-sports-nutrition","10":"product_tag-antioxidant","11":"product_tag-energy","12":"product_tag-free-radical-scavenger","13":"product_tag-metabolism","14":"brand_woo-doctors-best","16":"first","17":"instock","18":"taxable","19":"shipping-taxable","20":"purchasable","21":"product-type-simple"},"jetpack_sharing_enabled":true,"brands":[{"id":147,"name":"Doctor's Best","slug":"doctors-best"}],"_links":{"self":[{"href":"https:\/\/veganova.eu\/pl\/wp-json\/wp\/v2\/product\/2978","targetHints":{"allow":["GET"]}}],"collection":[{"href":"https:\/\/veganova.eu\/pl\/wp-json\/wp\/v2\/product"}],"about":[{"href":"https:\/\/veganova.eu\/pl\/wp-json\/wp\/v2\/types\/product"}],"replies":[{"embeddable":true,"href":"https:\/\/veganova.eu\/pl\/wp-json\/wp\/v2\/comments?post=2978"}],"version-history":[{"count":1,"href":"https:\/\/veganova.eu\/pl\/wp-json\/wp\/v2\/product\/2978\/revisions"}],"predecessor-version":[{"id":57484,"href":"https:\/\/veganova.eu\/pl\/wp-json\/wp\/v2\/product\/2978\/revisions\/57484"}],"wp:featuredmedia":[{"embeddable":true,"href":"https:\/\/veganova.eu\/pl\/wp-json\/wp\/v2\/media\/11982"}],"wp:attachment":[{"href":"https:\/\/veganova.eu\/pl\/wp-json\/wp\/v2\/media?parent=2978"}],"wp:term":[{"taxonomy":"pwb-brand","embeddable":true,"href":"https:\/\/veganova.eu\/pl\/wp-json\/wp\/v2\/pwb-brand?post=2978"},{"taxonomy":"product_brand","embeddable":true,"href":"https:\/\/veganova.eu\/pl\/wp-json\/wp\/v2\/product_brand?post=2978"},{"taxonomy":"product_cat","embeddable":true,"href":"https:\/\/veganova.eu\/pl\/wp-json\/wp\/v2\/product_cat?post=2978"},{"taxonomy":"product_tag","embeddable":true,"href":"https:\/\/veganova.eu\/pl\/wp-json\/wp\/v2\/product_tag?post=2978"}],"curies":[{"name":"wp","href":"https:\/\/api.w.org\/{rel}","templated":true}]}}