{"id":3310,"date":"2023-10-01T17:04:45","date_gmt":"2023-10-01T15:04:45","guid":{"rendered":"https:\/\/veganova.eu\/?post_type=product&#038;p=3310"},"modified":"2026-04-21T07:23:56","modified_gmt":"2026-04-21T05:23:56","slug":"now-foods-alpha-lipoic-acid-with-vitamins-c-e-100mg-60-kaps","status":"publish","type":"product","link":"https:\/\/veganova.eu\/pl\/shop\/now-foods-alpha-lipoic-acid-with-vitamins-c-e-100mg-60-kaps\/","title":{"rendered":"NOW Foods Kwas alfa-liponowy z witaminami C i E, 100 mg (60 kapsu\u0142ek)"},"content":{"rendered":"<h3>NOW Foods Kwas alfa liponowy z witaminami C i E<\/h3>\n<ul>\n<li>Kwas alfa-liponowy (ALA) jest naturalnie wytwarzany w organizmie ludzkim w bardzo ma\u0142ych ilo\u015bciach, ale jest r\u00f3wnie\u017c dost\u0119pny z po\u017cywienia.<\/li>\n<li>ALA jest wyj\u0105tkowy, poniewa\u017c wspiera systemy usuwania wolnych rodnik\u00f3w w organizmie i mo\u017ce funkcjonowa\u0107 zar\u00f3wno w \u015brodowisku wodnym, jak i t\u0142uszczowym.<\/li>\n<li>ALA mo\u017ce r\u00f3wnie\u017c przetwarza\u0107 przeciwutleniaj\u0105ce witaminy C i E, zwi\u0119kszaj\u0105c w ten spos\u00f3b ich aktywno\u015b\u0107.<\/li>\n<\/ul>","protected":false},"excerpt":{"rendered":"<p>Wega\u0144ski suplement diety NOW Foods Alpha Lipoic Acid with Vitamins C &amp; E, 100mg to po\u0142\u0105czenie, kt\u00f3re wspomaga lepsze wch\u0142anianie witamin C i E, co daje im wi\u0119ksze (nie tylko) dzia\u0142anie antyoksydacyjne. Opakowanie zawiera: 60 kapsu\u0142ek. Bezglutenowy, wolny od GMO.<\/p>","protected":false},"featured_media":53583,"comment_status":"closed","ping_status":"closed","template":"","meta":{"advanced_seo_description":"","jetpack_seo_html_title":"","jetpack_seo_noindex":false},"pwb-brand":[173],"product_brand":[4580],"product_cat":[174,132],"product_tag":[1235,1094],"class_list":{"0":"post-3310","1":"product","2":"type-product","3":"status-publish","4":"has-post-thumbnail","6":"pwb-brand-now-foods","7":"product_brand-now-foods","8":"product_cat-amino-acids","9":"product_cat-sports-nutrition","10":"product_tag-free-radical-scavenger","11":"product_tag-metabolism","12":"brand_woo-now-foods","14":"first","15":"outofstock","16":"taxable","17":"shipping-taxable","18":"purchasable","19":"product-type-simple"},"jetpack_sharing_enabled":true,"brands":[{"id":173,"name":"NOW Foods","slug":"now-foods"}],"_links":{"self":[{"href":"https:\/\/veganova.eu\/pl\/wp-json\/wp\/v2\/product\/3310","targetHints":{"allow":["GET"]}}],"collection":[{"href":"https:\/\/veganova.eu\/pl\/wp-json\/wp\/v2\/product"}],"about":[{"href":"https:\/\/veganova.eu\/pl\/wp-json\/wp\/v2\/types\/product"}],"replies":[{"embeddable":true,"href":"https:\/\/veganova.eu\/pl\/wp-json\/wp\/v2\/comments?post=3310"}],"version-history":[{"count":1,"href":"https:\/\/veganova.eu\/pl\/wp-json\/wp\/v2\/product\/3310\/revisions"}],"predecessor-version":[{"id":57759,"href":"https:\/\/veganova.eu\/pl\/wp-json\/wp\/v2\/product\/3310\/revisions\/57759"}],"wp:featuredmedia":[{"embeddable":true,"href":"https:\/\/veganova.eu\/pl\/wp-json\/wp\/v2\/media\/53583"}],"wp:attachment":[{"href":"https:\/\/veganova.eu\/pl\/wp-json\/wp\/v2\/media?parent=3310"}],"wp:term":[{"taxonomy":"pwb-brand","embeddable":true,"href":"https:\/\/veganova.eu\/pl\/wp-json\/wp\/v2\/pwb-brand?post=3310"},{"taxonomy":"product_brand","embeddable":true,"href":"https:\/\/veganova.eu\/pl\/wp-json\/wp\/v2\/product_brand?post=3310"},{"taxonomy":"product_cat","embeddable":true,"href":"https:\/\/veganova.eu\/pl\/wp-json\/wp\/v2\/product_cat?post=3310"},{"taxonomy":"product_tag","embeddable":true,"href":"https:\/\/veganova.eu\/pl\/wp-json\/wp\/v2\/product_tag?post=3310"}],"curies":[{"name":"wp","href":"https:\/\/api.w.org\/{rel}","templated":true}]}}