{"id":3326,"date":"2023-10-01T17:04:51","date_gmt":"2023-10-01T15:04:51","guid":{"rendered":"https:\/\/veganova.eu\/?post_type=product&#038;p=3326"},"modified":"2026-04-21T07:23:57","modified_gmt":"2026-04-21T05:23:57","slug":"now-foods-beet-root-powder-340g","status":"publish","type":"product","link":"https:\/\/veganova.eu\/pl\/shop\/now-foods-beet-root-powder-340g\/","title":{"rendered":"NOW Foods Sproszkowany korze\u0144 buraka (340g)"},"content":{"rendered":"<h3>NOW Foods Sproszkowany korze\u0144 buraka (340g)<\/h3>\n<ul>\n<li>Super \u017cywno\u015b\u0107<\/li>\n<li>Czysty proszek<\/li>\n<li>Naturalnie wyst\u0119puj\u0105ce azotany<\/li>\n<\/ul>\n<p>NOW Sports Beet Root Powder to czysta pochodna burak\u00f3w niemodyfikowanych genetycznie, kt\u00f3ra jest suszona, a nie ekstrahowana. Buraki s\u0105 prawdziw\u0105 super\u017cywno\u015bci\u0105 i s\u0105 naturalnie bogate w r\u00f3\u017cne sk\u0142adniki od\u017cywcze, w tym azotany. Ka\u017cda \u0142y\u017cka sto\u0142owa NOW Sports Beet Root Powder odpowiada 2,5 ca\u0142ym burakom.<\/p>","protected":false},"excerpt":{"rendered":"<p>NOW Foods Beet Root Powder, wega\u0144ski suplement diety z ekstraktem z buraka, jest bogaty w witaminy, minera\u0142y i przeciwutleniacze. Posta\u0107 proszku nadaje si\u0119 do stosowania w posi\u0142kach lub koktajlach. Opakowanie zawiera: 340g. Bez GMO.<\/p>","protected":false},"featured_media":53901,"comment_status":"closed","ping_status":"closed","template":"","meta":{"advanced_seo_description":"","jetpack_seo_html_title":"","jetpack_seo_noindex":false},"pwb-brand":[173],"product_brand":[4580],"product_cat":[2592,597,2600,149],"product_tag":[1093,1128,1167,1058,1304,1117],"class_list":{"0":"post-3326","1":"product","2":"type-product","3":"status-publish","4":"has-post-thumbnail","6":"pwb-brand-now-foods","7":"product_brand-now-foods","8":"product_cat-detox","9":"product_cat-body-immunity","10":"product_cat-inflammation","11":"product_cat-superfoods","12":"product_tag-antioxidant","13":"product_tag-beauty","14":"product_tag-blood-vessels","15":"product_tag-healthy-skin","16":"product_tag-hematopoiesis","17":"product_tag-immunity","18":"brand_woo-now-foods","20":"first","21":"outofstock","22":"taxable","23":"shipping-taxable","24":"purchasable","25":"product-type-simple"},"jetpack_sharing_enabled":true,"brands":[{"id":173,"name":"NOW Foods","slug":"now-foods"}],"_links":{"self":[{"href":"https:\/\/veganova.eu\/pl\/wp-json\/wp\/v2\/product\/3326","targetHints":{"allow":["GET"]}}],"collection":[{"href":"https:\/\/veganova.eu\/pl\/wp-json\/wp\/v2\/product"}],"about":[{"href":"https:\/\/veganova.eu\/pl\/wp-json\/wp\/v2\/types\/product"}],"replies":[{"embeddable":true,"href":"https:\/\/veganova.eu\/pl\/wp-json\/wp\/v2\/comments?post=3326"}],"version-history":[{"count":1,"href":"https:\/\/veganova.eu\/pl\/wp-json\/wp\/v2\/product\/3326\/revisions"}],"predecessor-version":[{"id":57774,"href":"https:\/\/veganova.eu\/pl\/wp-json\/wp\/v2\/product\/3326\/revisions\/57774"}],"wp:featuredmedia":[{"embeddable":true,"href":"https:\/\/veganova.eu\/pl\/wp-json\/wp\/v2\/media\/53901"}],"wp:attachment":[{"href":"https:\/\/veganova.eu\/pl\/wp-json\/wp\/v2\/media?parent=3326"}],"wp:term":[{"taxonomy":"pwb-brand","embeddable":true,"href":"https:\/\/veganova.eu\/pl\/wp-json\/wp\/v2\/pwb-brand?post=3326"},{"taxonomy":"product_brand","embeddable":true,"href":"https:\/\/veganova.eu\/pl\/wp-json\/wp\/v2\/product_brand?post=3326"},{"taxonomy":"product_cat","embeddable":true,"href":"https:\/\/veganova.eu\/pl\/wp-json\/wp\/v2\/product_cat?post=3326"},{"taxonomy":"product_tag","embeddable":true,"href":"https:\/\/veganova.eu\/pl\/wp-json\/wp\/v2\/product_tag?post=3326"}],"curies":[{"name":"wp","href":"https:\/\/api.w.org\/{rel}","templated":true}]}}