{"id":3351,"date":"2023-10-01T17:05:01","date_gmt":"2023-10-01T15:05:01","guid":{"rendered":"https:\/\/veganova.eu\/?post_type=product&#038;p=3351"},"modified":"2026-04-21T07:23:59","modified_gmt":"2026-04-21T05:23:59","slug":"now-foods-better-stevia-packets-original-100-packets","status":"publish","type":"product","link":"https:\/\/veganova.eu\/pl\/shop\/now-foods-better-stevia-packets-original-100-packets\/","title":{"rendered":"NOW Foods Better Stevia w opakowaniach, Original (100 tabletek)"},"content":{"rendered":"<h3>NOW Foods Better Stevia<\/h3>\n<ul>\n<li>Naturalnie niski indeks glikemiczny<\/li>\n<li>S\u0142odzik zero kalorii<\/li>\n<li>Great Taste<\/li>\n<li>Bezglutenowy<\/li>\n<li>Nic sztucznego<\/li>\n<li>100 pakiet\u00f3w<\/li>\n<\/ul>","protected":false},"excerpt":{"rendered":"<p>Wega\u0144ski naturalny s\u0142odzik NOW Foods Better Stevia ma niski indeks glikemiczny, zero kalorii i nie zawiera alkoholu. Wyst\u0119puje w najczystszej i najwy\u017cszej jako\u015bci formie. Opakowanie zawiera: 59 ml. Bezglutenowy, wolny od GMO.<\/p>","protected":false},"featured_media":51463,"comment_status":"closed","ping_status":"closed","template":"","meta":{"advanced_seo_description":"","jetpack_seo_html_title":"","jetpack_seo_noindex":false},"pwb-brand":[173],"product_brand":[4580],"product_cat":[143,234],"product_tag":[599,600,601,602,603],"class_list":{"0":"post-3351","1":"product","2":"type-product","3":"status-publish","4":"has-post-thumbnail","6":"pwb-brand-now-foods","7":"product_brand-now-foods","8":"product_cat-health-issues","9":"product_cat-healthy-sweetening","10":"product_tag-gluten-free","11":"product_tag-no-sugar","12":"product_tag-non-gmo","13":"product_tag-vegan","14":"product_tag-vege","15":"brand_woo-now-foods","17":"first","18":"instock","19":"taxable","20":"shipping-taxable","21":"purchasable","22":"product-type-simple"},"jetpack_sharing_enabled":true,"brands":[{"id":173,"name":"NOW Foods","slug":"now-foods"}],"_links":{"self":[{"href":"https:\/\/veganova.eu\/pl\/wp-json\/wp\/v2\/product\/3351","targetHints":{"allow":["GET"]}}],"collection":[{"href":"https:\/\/veganova.eu\/pl\/wp-json\/wp\/v2\/product"}],"about":[{"href":"https:\/\/veganova.eu\/pl\/wp-json\/wp\/v2\/types\/product"}],"replies":[{"embeddable":true,"href":"https:\/\/veganova.eu\/pl\/wp-json\/wp\/v2\/comments?post=3351"}],"version-history":[{"count":1,"href":"https:\/\/veganova.eu\/pl\/wp-json\/wp\/v2\/product\/3351\/revisions"}],"predecessor-version":[{"id":57790,"href":"https:\/\/veganova.eu\/pl\/wp-json\/wp\/v2\/product\/3351\/revisions\/57790"}],"wp:featuredmedia":[{"embeddable":true,"href":"https:\/\/veganova.eu\/pl\/wp-json\/wp\/v2\/media\/51463"}],"wp:attachment":[{"href":"https:\/\/veganova.eu\/pl\/wp-json\/wp\/v2\/media?parent=3351"}],"wp:term":[{"taxonomy":"pwb-brand","embeddable":true,"href":"https:\/\/veganova.eu\/pl\/wp-json\/wp\/v2\/pwb-brand?post=3351"},{"taxonomy":"product_brand","embeddable":true,"href":"https:\/\/veganova.eu\/pl\/wp-json\/wp\/v2\/product_brand?post=3351"},{"taxonomy":"product_cat","embeddable":true,"href":"https:\/\/veganova.eu\/pl\/wp-json\/wp\/v2\/product_cat?post=3351"},{"taxonomy":"product_tag","embeddable":true,"href":"https:\/\/veganova.eu\/pl\/wp-json\/wp\/v2\/product_tag?post=3351"}],"curies":[{"name":"wp","href":"https:\/\/api.w.org\/{rel}","templated":true}]}}