{"id":3365,"date":"2023-10-01T17:05:05","date_gmt":"2023-10-01T15:05:05","guid":{"rendered":"https:\/\/veganova.eu\/?post_type=product&#038;p=3365"},"modified":"2026-04-21T07:24:00","modified_gmt":"2026-04-21T05:24:00","slug":"now-foods-butterbur-60-kaps","status":"publish","type":"product","link":"https:\/\/veganova.eu\/pl\/shop\/now-foods-butterbur-60-kaps\/","title":{"rendered":"NOW Foods Butterbur (60 kaps)"},"content":{"rendered":"<h3>NOW Foods Butterbur<\/h3>\n<ul>\n<li>Z Feverfew<\/li>\n<li>Wspomaga prawid\u0142owy przep\u0142yw krwi do m\u00f3zgu<\/li>\n<li>Europejscy zielarze stosuj\u0105 Butterbur od dziesi\u0119cioleci, a badania naukowe wykaza\u0142y, \u017ce petasyny, aktywne sk\u0142adniki Butterbur, mog\u0105 promowa\u0107 zdrowy przep\u0142yw krwi do m\u00f3zgu i wspiera\u0107 normalne funkcje neurologiczne.<\/li>\n<li>NOW Butterbur jest r\u00f3wnie\u017c wolny od niepo\u017c\u0105danych alkaloid\u00f3w pirolizydynowych (PA), dzi\u0119ki czemu mo\u017ce by\u0107 stosowany regularnie.<\/li>\n<\/ul>","protected":false},"excerpt":{"rendered":"<p>Wega\u0144ski suplement diety NOW Foods Butterbur jest idealny dla zdrowego funkcjonowania m\u00f3zgu i nerw\u00f3w, jednocze\u015bnie wspieraj\u0105c kr\u0105\u017cenie. Opakowanie zawiera: 60 kapsu\u0142ek. Bezglutenowy, wolny od GMO.<\/p>","protected":false},"featured_media":53577,"comment_status":"closed","ping_status":"closed","template":"","meta":{"advanced_seo_description":"","jetpack_seo_html_title":"","jetpack_seo_noindex":false},"pwb-brand":[173],"product_brand":[4580],"product_cat":[2599,284,152],"product_tag":[1200,1311,1252],"class_list":{"0":"post-3365","1":"product","2":"type-product","3":"status-publish","4":"has-post-thumbnail","6":"pwb-brand-now-foods","7":"product_brand-now-foods","8":"product_cat-brain-and-memory","9":"product_cat-trace-elements","10":"product_cat-vitamins-and-minerals","11":"product_tag-blood-circulation","12":"product_tag-brain-functions","13":"product_tag-nervous-functions","14":"brand_woo-now-foods","16":"first","17":"instock","18":"taxable","19":"shipping-taxable","20":"purchasable","21":"product-type-simple"},"jetpack_sharing_enabled":true,"brands":[{"id":173,"name":"NOW Foods","slug":"now-foods"}],"_links":{"self":[{"href":"https:\/\/veganova.eu\/pl\/wp-json\/wp\/v2\/product\/3365","targetHints":{"allow":["GET"]}}],"collection":[{"href":"https:\/\/veganova.eu\/pl\/wp-json\/wp\/v2\/product"}],"about":[{"href":"https:\/\/veganova.eu\/pl\/wp-json\/wp\/v2\/types\/product"}],"replies":[{"embeddable":true,"href":"https:\/\/veganova.eu\/pl\/wp-json\/wp\/v2\/comments?post=3365"}],"version-history":[{"count":1,"href":"https:\/\/veganova.eu\/pl\/wp-json\/wp\/v2\/product\/3365\/revisions"}],"predecessor-version":[{"id":57799,"href":"https:\/\/veganova.eu\/pl\/wp-json\/wp\/v2\/product\/3365\/revisions\/57799"}],"wp:featuredmedia":[{"embeddable":true,"href":"https:\/\/veganova.eu\/pl\/wp-json\/wp\/v2\/media\/53577"}],"wp:attachment":[{"href":"https:\/\/veganova.eu\/pl\/wp-json\/wp\/v2\/media?parent=3365"}],"wp:term":[{"taxonomy":"pwb-brand","embeddable":true,"href":"https:\/\/veganova.eu\/pl\/wp-json\/wp\/v2\/pwb-brand?post=3365"},{"taxonomy":"product_brand","embeddable":true,"href":"https:\/\/veganova.eu\/pl\/wp-json\/wp\/v2\/product_brand?post=3365"},{"taxonomy":"product_cat","embeddable":true,"href":"https:\/\/veganova.eu\/pl\/wp-json\/wp\/v2\/product_cat?post=3365"},{"taxonomy":"product_tag","embeddable":true,"href":"https:\/\/veganova.eu\/pl\/wp-json\/wp\/v2\/product_tag?post=3365"}],"curies":[{"name":"wp","href":"https:\/\/api.w.org\/{rel}","templated":true}]}}