{"id":3385,"date":"2023-10-01T17:05:15","date_gmt":"2023-10-01T15:05:15","guid":{"rendered":"https:\/\/veganova.eu\/?post_type=product&#038;p=3385"},"modified":"2026-04-21T07:24:01","modified_gmt":"2026-04-21T05:24:01","slug":"now-foods-chlorella-1000mg-120-tab","status":"publish","type":"product","link":"https:\/\/veganova.eu\/pl\/shop\/now-foods-chlorella-1000mg-120-tab\/","title":{"rendered":"NOW Foods Chlorella, 1000 mg (120 tab.)"},"content":{"rendered":"<h3>NOW Foods Chlorella<\/h3>\n<ul>\n<li>Chlorella to zielona jednokom\u00f3rkowa mikroalga, kt\u00f3ra zawiera naturalnie wyst\u0119puj\u0105cy chlorofil, a tak\u017ce beta-karoten, mieszane karotenoidy, witamin\u0119 C, \u017celazo i bia\u0142ko.<\/li>\n<li>\u015aciana kom\u00f3rkowa tej wysokiej jako\u015bci chlorelli zosta\u0142a mechanicznie rozbita w celu zwi\u0119kszenia strawno\u015bci.<\/li>\n<\/ul>","protected":false},"excerpt":{"rendered":"<p>Wega\u0144ski suplement diety NOW Foods Chlorella, 1000mg to zielona super\u017cywno\u015b\u0107 bogata w chlorofil, kartenoidy, witamin\u0119 C, \u017celazo i bia\u0142ko. Pomaga r\u00f3wnie\u017c w problemach z trawieniem i wi\u0105\u017ce toksyny i metale ci\u0119\u017ckie. Opakowanie zawiera: 120 tabletek. Bezglutenowy, wolny od GMO.<\/p>","protected":false},"featured_media":51396,"comment_status":"closed","ping_status":"closed","template":"","meta":{"advanced_seo_description":"","jetpack_seo_html_title":"","jetpack_seo_noindex":false},"pwb-brand":[173],"product_brand":[4580],"product_cat":[2592,2600,149],"product_tag":[1037,1067,1320,1284,1286,1090],"class_list":{"0":"post-3385","1":"product","2":"type-product","3":"status-publish","4":"has-post-thumbnail","6":"pwb-brand-now-foods","7":"product_brand-now-foods","8":"product_cat-detox","9":"product_cat-inflammation","10":"product_cat-superfoods","11":"product_tag-detox","12":"product_tag-digestion","13":"product_tag-green-foods","14":"product_tag-heavy-metals","15":"product_tag-natural-deodorant","16":"product_tag-toxins","17":"brand_woo-now-foods","19":"first","20":"instock","21":"taxable","22":"shipping-taxable","23":"purchasable","24":"product-type-simple"},"jetpack_sharing_enabled":true,"brands":[{"id":173,"name":"NOW Foods","slug":"now-foods"}],"_links":{"self":[{"href":"https:\/\/veganova.eu\/pl\/wp-json\/wp\/v2\/product\/3385","targetHints":{"allow":["GET"]}}],"collection":[{"href":"https:\/\/veganova.eu\/pl\/wp-json\/wp\/v2\/product"}],"about":[{"href":"https:\/\/veganova.eu\/pl\/wp-json\/wp\/v2\/types\/product"}],"replies":[{"embeddable":true,"href":"https:\/\/veganova.eu\/pl\/wp-json\/wp\/v2\/comments?post=3385"}],"version-history":[{"count":1,"href":"https:\/\/veganova.eu\/pl\/wp-json\/wp\/v2\/product\/3385\/revisions"}],"predecessor-version":[{"id":57818,"href":"https:\/\/veganova.eu\/pl\/wp-json\/wp\/v2\/product\/3385\/revisions\/57818"}],"wp:featuredmedia":[{"embeddable":true,"href":"https:\/\/veganova.eu\/pl\/wp-json\/wp\/v2\/media\/51396"}],"wp:attachment":[{"href":"https:\/\/veganova.eu\/pl\/wp-json\/wp\/v2\/media?parent=3385"}],"wp:term":[{"taxonomy":"pwb-brand","embeddable":true,"href":"https:\/\/veganova.eu\/pl\/wp-json\/wp\/v2\/pwb-brand?post=3385"},{"taxonomy":"product_brand","embeddable":true,"href":"https:\/\/veganova.eu\/pl\/wp-json\/wp\/v2\/product_brand?post=3385"},{"taxonomy":"product_cat","embeddable":true,"href":"https:\/\/veganova.eu\/pl\/wp-json\/wp\/v2\/product_cat?post=3385"},{"taxonomy":"product_tag","embeddable":true,"href":"https:\/\/veganova.eu\/pl\/wp-json\/wp\/v2\/product_tag?post=3385"}],"curies":[{"name":"wp","href":"https:\/\/api.w.org\/{rel}","templated":true}]}}