{"id":3400,"date":"2023-10-01T17:05:21","date_gmt":"2023-10-01T15:05:21","guid":{"rendered":"https:\/\/veganova.eu\/?post_type=product&#038;p=3400"},"modified":"2026-04-21T07:24:02","modified_gmt":"2026-04-21T05:24:02","slug":"now-foods-coq10-30mg-60-kaps","status":"publish","type":"product","link":"https:\/\/veganova.eu\/pl\/shop\/now-foods-coq10-30mg-60-kaps\/","title":{"rendered":"NOW Foods CoQ10, 30 mg (60 kapsu\u0142ek)"},"content":{"rendered":"<h3>NOW Foods CoQ10<\/h3>\n<ul>\n<li>Wspomaga prac\u0119 serca<\/li>\n<li>Produkcja energii kom\u00f3rkowej<\/li>\n<li>Koenzym Q10 (CoQ10) jest zwi\u0105zkiem witaminopodobnym, kt\u00f3ry odgrywa kluczow\u0105 rol\u0119 w produkcji energii kom\u00f3rkowej.<\/li>\n<li>CoQ10 wyst\u0119puje w ca\u0142ym organizmie, ale jest szczeg\u00f3lnie skoncentrowany w sercu, w\u0105trobie i nerkach, a jego produkcja zmniejsza si\u0119 wraz z wiekiem.<\/li>\n<li>CoQ10 dzia\u0142a jako silny zmiatacz wolnych rodnik\u00f3w w b\u0142onach kom\u00f3rkowych, a tak\u017ce w naczyniach krwiono\u015bnych.<\/li>\n<li>Lata bada\u0144 naukowych wykaza\u0142y, \u017ce CoQ10 pomaga utrzyma\u0107 zdrowe serce i uk\u0142ad naczyniowy.<\/li>\n<li>NOW to CoQ10 klasy farmaceutycznej.<\/li>\n<li>Produkty NOW CoQ10 zawieraj\u0105 wy\u0142\u0105cznie naturaln\u0105, ca\u0142kowicie trans form\u0119 CoQ10 wytwarzan\u0105 w procesie fermentacji.<\/li>\n<\/ul>","protected":false},"excerpt":{"rendered":"<p>Wega\u0144ski suplement diety NOW Foods CoQ10, 30mg jest odpowiedni dla zdrowego serca i uk\u0142adu naczyniowego. Opakowanie zawiera: 60 kapsu\u0142ek. Bezglutenowy, wolny od GMO.<\/p>","protected":false},"featured_media":51638,"comment_status":"closed","ping_status":"closed","template":"","meta":{"advanced_seo_description":"","jetpack_seo_html_title":"","jetpack_seo_noindex":false},"pwb-brand":[173],"product_brand":[4580],"product_cat":[289,2591,152],"product_tag":[1159,1167,1235,1158,1133],"class_list":{"0":"post-3400","1":"product","2":"type-product","3":"status-publish","4":"has-post-thumbnail","6":"pwb-brand-now-foods","7":"product_brand-now-foods","8":"product_cat-heart-and-blood-vessels","9":"product_cat-liver","10":"product_cat-vitamins-and-minerals","11":"product_tag-aging","12":"product_tag-blood-vessels","13":"product_tag-free-radical-scavenger","14":"product_tag-heart","15":"product_tag-wrinkles","16":"brand_woo-now-foods","18":"first","19":"instock","20":"taxable","21":"shipping-taxable","22":"purchasable","23":"product-type-simple"},"jetpack_sharing_enabled":true,"brands":[{"id":173,"name":"NOW Foods","slug":"now-foods"}],"_links":{"self":[{"href":"https:\/\/veganova.eu\/pl\/wp-json\/wp\/v2\/product\/3400","targetHints":{"allow":["GET"]}}],"collection":[{"href":"https:\/\/veganova.eu\/pl\/wp-json\/wp\/v2\/product"}],"about":[{"href":"https:\/\/veganova.eu\/pl\/wp-json\/wp\/v2\/types\/product"}],"replies":[{"embeddable":true,"href":"https:\/\/veganova.eu\/pl\/wp-json\/wp\/v2\/comments?post=3400"}],"version-history":[{"count":1,"href":"https:\/\/veganova.eu\/pl\/wp-json\/wp\/v2\/product\/3400\/revisions"}],"predecessor-version":[{"id":57832,"href":"https:\/\/veganova.eu\/pl\/wp-json\/wp\/v2\/product\/3400\/revisions\/57832"}],"wp:featuredmedia":[{"embeddable":true,"href":"https:\/\/veganova.eu\/pl\/wp-json\/wp\/v2\/media\/51638"}],"wp:attachment":[{"href":"https:\/\/veganova.eu\/pl\/wp-json\/wp\/v2\/media?parent=3400"}],"wp:term":[{"taxonomy":"pwb-brand","embeddable":true,"href":"https:\/\/veganova.eu\/pl\/wp-json\/wp\/v2\/pwb-brand?post=3400"},{"taxonomy":"product_brand","embeddable":true,"href":"https:\/\/veganova.eu\/pl\/wp-json\/wp\/v2\/product_brand?post=3400"},{"taxonomy":"product_cat","embeddable":true,"href":"https:\/\/veganova.eu\/pl\/wp-json\/wp\/v2\/product_cat?post=3400"},{"taxonomy":"product_tag","embeddable":true,"href":"https:\/\/veganova.eu\/pl\/wp-json\/wp\/v2\/product_tag?post=3400"}],"curies":[{"name":"wp","href":"https:\/\/api.w.org\/{rel}","templated":true}]}}