{"id":3419,"date":"2023-10-01T17:05:32","date_gmt":"2023-10-01T15:05:32","guid":{"rendered":"https:\/\/veganova.eu\/?post_type=product&#038;p=3419"},"modified":"2026-04-26T02:21:34","modified_gmt":"2026-04-26T00:21:34","slug":"now-foods-d-mannose-500mg-120-kaps","status":"publish","type":"product","link":"https:\/\/veganova.eu\/pl\/shop\/now-foods-d-mannose-500mg-120-kaps\/","title":{"rendered":"NOW Foods D-Mannose, 500 mg (120 kapsu\u0142ek)"},"content":{"rendered":"<h3>NOW Foods D-Mannose<\/h3>\n<ul>\n<li>Oczyszczanie p\u0119cherza moczowego<\/li>\n<li>D-mannoza to naturalnie wyst\u0119puj\u0105cy cukier prosty, kt\u00f3ry organizm wykorzystuje do oczyszczania dr\u00f3g moczowych i utrzymania zdrowej wy\u015bci\u00f3\u0142ki p\u0119cherza.<\/li>\n<li>Jest metabolizowany tylko w niewielkich ilo\u015bciach, a jego nadmiar jest szybko wydalany z moczem, wi\u0119c nie zak\u0142\u00f3ca zdrowej regulacji poziomu cukru we krwi.<\/li>\n<li>Badania kliniczne wykaza\u0142y, \u017ce regularne stosowanie D-mannozy wspomaga prawid\u0142owe funkcjonowanie dr\u00f3g moczowych poprzez oczyszczanie i utrzymywanie zdrowej wy\u015bci\u00f3\u0142ki p\u0119cherza moczowego.<\/li>\n<\/ul>","protected":false},"excerpt":{"rendered":"<p>Vegan nutritional supplement NOW Foods D-Mannose, 500mg, contains D-mannose, which helps maintain a healthy environment in the kidneys and cleans the urinary system. The package contains: 120 capsules. Gluten-free, GMO-free.<\/p>","protected":false},"featured_media":51560,"comment_status":"closed","ping_status":"closed","template":"","meta":{"advanced_seo_description":"","jetpack_seo_html_title":"","jetpack_seo_noindex":false},"pwb-brand":[173],"product_brand":[4580],"product_cat":[284,152],"product_tag":[1327,1204,1326],"class_list":{"0":"post-3419","1":"product","2":"type-product","3":"status-publish","4":"has-post-thumbnail","6":"pwb-brand-now-foods","7":"product_brand-now-foods","8":"product_cat-trace-elements","9":"product_cat-vitamins-and-minerals","10":"product_tag-bladder","11":"product_tag-healthy-blood-sugar","12":"product_tag-kidneys","13":"brand_woo-now-foods","15":"first","16":"instock","17":"taxable","18":"shipping-taxable","19":"purchasable","20":"product-type-simple"},"jetpack_sharing_enabled":true,"brands":[{"id":173,"name":"NOW Foods","slug":"now-foods"}],"_links":{"self":[{"href":"https:\/\/veganova.eu\/pl\/wp-json\/wp\/v2\/product\/3419","targetHints":{"allow":["GET"]}}],"collection":[{"href":"https:\/\/veganova.eu\/pl\/wp-json\/wp\/v2\/product"}],"about":[{"href":"https:\/\/veganova.eu\/pl\/wp-json\/wp\/v2\/types\/product"}],"replies":[{"embeddable":true,"href":"https:\/\/veganova.eu\/pl\/wp-json\/wp\/v2\/comments?post=3419"}],"version-history":[{"count":1,"href":"https:\/\/veganova.eu\/pl\/wp-json\/wp\/v2\/product\/3419\/revisions"}],"predecessor-version":[{"id":57850,"href":"https:\/\/veganova.eu\/pl\/wp-json\/wp\/v2\/product\/3419\/revisions\/57850"}],"wp:featuredmedia":[{"embeddable":true,"href":"https:\/\/veganova.eu\/pl\/wp-json\/wp\/v2\/media\/51560"}],"wp:attachment":[{"href":"https:\/\/veganova.eu\/pl\/wp-json\/wp\/v2\/media?parent=3419"}],"wp:term":[{"taxonomy":"pwb-brand","embeddable":true,"href":"https:\/\/veganova.eu\/pl\/wp-json\/wp\/v2\/pwb-brand?post=3419"},{"taxonomy":"product_brand","embeddable":true,"href":"https:\/\/veganova.eu\/pl\/wp-json\/wp\/v2\/product_brand?post=3419"},{"taxonomy":"product_cat","embeddable":true,"href":"https:\/\/veganova.eu\/pl\/wp-json\/wp\/v2\/product_cat?post=3419"},{"taxonomy":"product_tag","embeddable":true,"href":"https:\/\/veganova.eu\/pl\/wp-json\/wp\/v2\/product_tag?post=3419"}],"curies":[{"name":"wp","href":"https:\/\/api.w.org\/{rel}","templated":true}]}}