{"id":3431,"date":"2023-10-01T17:05:37","date_gmt":"2023-10-01T15:05:37","guid":{"rendered":"https:\/\/veganova.eu\/?post_type=product&#038;p=3431"},"modified":"2026-04-21T07:24:05","modified_gmt":"2026-04-21T05:24:05","slug":"now-foods-digest-ultimate-60-kaps","status":"publish","type":"product","link":"https:\/\/veganova.eu\/pl\/shop\/now-foods-digest-ultimate-60-kaps\/","title":{"rendered":"NOW Foods Digest Ultimate (60 kaps)"},"content":{"rendered":"<h3>Now Foods Digest Ultimate<\/h3>\n<ul>\n<li>optymalizuje warto\u015b\u0107 od\u017cywcz\u0105 \u017cywno\u015bci. zakres pH przewodu pokarmowego.<\/li>\n<li>Ten z\u0142o\u017cony \u015brodek wspomagaj\u0105cy trawienie pomaga zoptymalizowa\u0107 wch\u0142anianie sk\u0142adnik\u00f3w od\u017cywczych poprzez wspomaganie rozk\u0142adu bia\u0142ek, w\u0119glowodan\u00f3w i t\u0142uszcz\u00f3w, a tak\u017ce produkt\u00f3w mlecznych, ziaren i niestrawnego b\u0142onnika znajduj\u0105cego si\u0119 w \u017cywno\u015bci, takiej jak warzywa i fasola.<\/li>\n<li>Digest Ultimate jest r\u00f3wnie\u017c odpowiedni dla wegetarian.<\/li>\n<\/ul>\n<p>&nbsp;<\/p>","protected":false},"excerpt":{"rendered":"<p>Wega\u0144ski suplement diety NOW Foods Digest Ultimate z kompleksow\u0105 zawarto\u015bci\u0105 enzym\u00f3w wspomagaj\u0105cych zdrowe trawienie (t\u0142uszcze, cukry, gluten, laktoza). Opakowanie zawiera: 60 kapsu\u0142ek. Bezglutenowy.<\/p>","protected":false},"featured_media":51643,"comment_status":"closed","ping_status":"closed","template":"","meta":{"advanced_seo_description":"","jetpack_seo_html_title":"","jetpack_seo_noindex":false},"pwb-brand":[173],"product_brand":[4580],"product_cat":[596],"product_tag":[1190,1156],"class_list":{"0":"post-3431","1":"product","2":"type-product","3":"status-publish","4":"has-post-thumbnail","6":"pwb-brand-now-foods","7":"product_brand-now-foods","8":"product_cat-digestion","9":"product_tag-digestive-enzymes","10":"product_tag-healthy-digestion","11":"brand_woo-now-foods","13":"first","14":"instock","15":"taxable","16":"shipping-taxable","17":"purchasable","18":"product-type-simple"},"jetpack_sharing_enabled":true,"brands":[{"id":173,"name":"NOW Foods","slug":"now-foods"}],"_links":{"self":[{"href":"https:\/\/veganova.eu\/pl\/wp-json\/wp\/v2\/product\/3431","targetHints":{"allow":["GET"]}}],"collection":[{"href":"https:\/\/veganova.eu\/pl\/wp-json\/wp\/v2\/product"}],"about":[{"href":"https:\/\/veganova.eu\/pl\/wp-json\/wp\/v2\/types\/product"}],"replies":[{"embeddable":true,"href":"https:\/\/veganova.eu\/pl\/wp-json\/wp\/v2\/comments?post=3431"}],"version-history":[{"count":1,"href":"https:\/\/veganova.eu\/pl\/wp-json\/wp\/v2\/product\/3431\/revisions"}],"predecessor-version":[{"id":57862,"href":"https:\/\/veganova.eu\/pl\/wp-json\/wp\/v2\/product\/3431\/revisions\/57862"}],"wp:featuredmedia":[{"embeddable":true,"href":"https:\/\/veganova.eu\/pl\/wp-json\/wp\/v2\/media\/51643"}],"wp:attachment":[{"href":"https:\/\/veganova.eu\/pl\/wp-json\/wp\/v2\/media?parent=3431"}],"wp:term":[{"taxonomy":"pwb-brand","embeddable":true,"href":"https:\/\/veganova.eu\/pl\/wp-json\/wp\/v2\/pwb-brand?post=3431"},{"taxonomy":"product_brand","embeddable":true,"href":"https:\/\/veganova.eu\/pl\/wp-json\/wp\/v2\/product_brand?post=3431"},{"taxonomy":"product_cat","embeddable":true,"href":"https:\/\/veganova.eu\/pl\/wp-json\/wp\/v2\/product_cat?post=3431"},{"taxonomy":"product_tag","embeddable":true,"href":"https:\/\/veganova.eu\/pl\/wp-json\/wp\/v2\/product_tag?post=3431"}],"curies":[{"name":"wp","href":"https:\/\/api.w.org\/{rel}","templated":true}]}}