{"id":3517,"date":"2023-10-01T17:06:13","date_gmt":"2023-10-01T15:06:13","guid":{"rendered":"https:\/\/veganova.eu\/?post_type=product&#038;p=3517"},"modified":"2026-04-21T07:24:10","modified_gmt":"2026-04-21T05:24:10","slug":"now-foods-kelp-325mcg-250-kaps","status":"publish","type":"product","link":"https:\/\/veganova.eu\/pl\/shop\/now-foods-kelp-325mcg-250-kaps\/","title":{"rendered":"NOW Foods Kelp, 325mcg (250 kapsu\u0142ek)"},"content":{"rendered":"<h3>NOW Foods Kelp<\/h3>\n<ul>\n<li>Wspomaga prawid\u0142owe funkcjonowanie tarczycy<\/li>\n<li>Kelp to du\u017ce wodorosty li\u015bciaste nale\u017c\u0105ce do rodziny brunatnic, kt\u00f3re rosn\u0105 w lasach w ch\u0142odniejszych wodach ocean\u00f3w na ca\u0142ym \u015bwiecie.<\/li>\n<li>Kelp jest od wiek\u00f3w stosowany jako wa\u017cny sk\u0142adnik od\u017cywczy w kuchni chi\u0144skiej, japo\u0144skiej i korea\u0144skiej.<\/li>\n<li>Jest r\u00f3wnie\u017c doskona\u0142ym \u017ar\u00f3d\u0142em jodu, kt\u00f3ry, jak wykazano, jest niezb\u0119dny dla prawid\u0142owego funkcjonowania tarczycy. gruczo\u0142\u00f3w.<\/li>\n<\/ul>","protected":false},"excerpt":{"rendered":"<p>NOW Foods Kelp Vegan Nutritional Supplement, 325mcg, is suitable for thyroid health. The package contains: 250 tablets. Gluten-free, GMO-free.<\/p>","protected":false},"featured_media":51539,"comment_status":"closed","ping_status":"closed","template":"","meta":{"advanced_seo_description":"","jetpack_seo_html_title":"","jetpack_seo_noindex":false},"pwb-brand":[173],"product_brand":[4580],"product_cat":[149,2594],"product_tag":[1056,1117,1057],"class_list":{"0":"post-3517","1":"product","2":"type-product","3":"status-publish","4":"has-post-thumbnail","6":"pwb-brand-now-foods","7":"product_brand-now-foods","8":"product_cat-superfoods","9":"product_cat-thyroid","10":"product_tag-hormonal-system","11":"product_tag-immunity","12":"product_tag-thyroid-gland","13":"brand_woo-now-foods","15":"first","16":"instock","17":"taxable","18":"shipping-taxable","19":"purchasable","20":"product-type-simple"},"jetpack_sharing_enabled":true,"brands":[{"id":173,"name":"NOW Foods","slug":"now-foods"}],"_links":{"self":[{"href":"https:\/\/veganova.eu\/pl\/wp-json\/wp\/v2\/product\/3517","targetHints":{"allow":["GET"]}}],"collection":[{"href":"https:\/\/veganova.eu\/pl\/wp-json\/wp\/v2\/product"}],"about":[{"href":"https:\/\/veganova.eu\/pl\/wp-json\/wp\/v2\/types\/product"}],"replies":[{"embeddable":true,"href":"https:\/\/veganova.eu\/pl\/wp-json\/wp\/v2\/comments?post=3517"}],"version-history":[{"count":1,"href":"https:\/\/veganova.eu\/pl\/wp-json\/wp\/v2\/product\/3517\/revisions"}],"predecessor-version":[{"id":57934,"href":"https:\/\/veganova.eu\/pl\/wp-json\/wp\/v2\/product\/3517\/revisions\/57934"}],"wp:featuredmedia":[{"embeddable":true,"href":"https:\/\/veganova.eu\/pl\/wp-json\/wp\/v2\/media\/51539"}],"wp:attachment":[{"href":"https:\/\/veganova.eu\/pl\/wp-json\/wp\/v2\/media?parent=3517"}],"wp:term":[{"taxonomy":"pwb-brand","embeddable":true,"href":"https:\/\/veganova.eu\/pl\/wp-json\/wp\/v2\/pwb-brand?post=3517"},{"taxonomy":"product_brand","embeddable":true,"href":"https:\/\/veganova.eu\/pl\/wp-json\/wp\/v2\/product_brand?post=3517"},{"taxonomy":"product_cat","embeddable":true,"href":"https:\/\/veganova.eu\/pl\/wp-json\/wp\/v2\/product_cat?post=3517"},{"taxonomy":"product_tag","embeddable":true,"href":"https:\/\/veganova.eu\/pl\/wp-json\/wp\/v2\/product_tag?post=3517"}],"curies":[{"name":"wp","href":"https:\/\/api.w.org\/{rel}","templated":true}]}}