{"id":47715,"date":"2024-09-15T12:27:40","date_gmt":"2024-09-15T10:27:40","guid":{"rendered":"https:\/\/veganova.eu\/?post_type=product&#038;p=47715"},"modified":"2026-04-21T07:25:51","modified_gmt":"2026-04-21T05:25:51","slug":"weider-ashwagandha-professional-120-vcaps","status":"publish","type":"product","link":"https:\/\/veganova.eu\/pl\/shop\/weider-ashwagandha-professional-120-vcaps\/","title":{"rendered":"Weider Ashwagandha Professional - 120 kapsu\u0142ek"},"content":{"rendered":"<h3>Weider Ashwagandha Professional - 120 kapsu\u0142ek<\/h3>\n<p>Ashwagandha (Withania somnifera), znana r\u00f3wnie\u017c jako senna jagoda, jest stosowana od tysi\u0119cy lat w medycynie tradycyjnej i alternatywnej do r\u00f3\u017cnych cel\u00f3w. Ekstrakt ro\u015blinny jest szczeg\u00f3lnie popularny jako \u015brodek terapeutyczny w indyjskiej sztuce leczniczej Ayurveda. Ashwaganda jest tu stosowana przede wszystkim w celu zmniejszenia stresu, odm\u0142odzenia i poprawy og\u00f3lnej witalno\u015bci. Markowy surowiec KSM-66 znany jest z wyj\u0105tkowo wysokiej jako\u015bci. Korze\u0144 ashwagandhy zawiera wiele wa\u017cnych sk\u0142adnik\u00f3w, takich jak kwasy t\u0142uszczowe, minera\u0142y i fitosk\u0142adniki, jednak szczeg\u00f3lnie charakterystyczne i cenne dla tego typu ro\u015bliny s\u0105 tzw. witanolidy. KSM-66 jest standaryzowany do minimum 5% witanolid\u00f3w poprzez unikalny proces ekstrakcji i podlega najsurowszym kontrolom jako\u015bci i analizom. Dzi\u0119ki zastosowaniu organicznego wzmacniacza AstraGin, nasza formu\u0142a Ashwagandhy jest jeszcze bardziej skuteczna. Mieszanka ekstrakt\u00f3w ro\u015blinnych mo\u017ce poprawi\u0107 wch\u0142anianie r\u00f3\u017cnych innych sk\u0142adnik\u00f3w w jelicie cienkim. Zalecamy przyjmowanie dw\u00f3ch kapsu\u0142ek Ashwagandha Professional dziennie w ramach suplementacji sk\u0142adnik\u00f3w od\u017cywczych w ramach zdrowej diety opartej na potrzebach oraz aktywnego i sportowego stylu \u017cycia. Ashwagandha Professional mo\u017ce by\u0107 przyjmowana zar\u00f3wno w ci\u0105gu dnia, jak i przed snem. Otoczka kapsu\u0142ki nie zawiera \u017celatyny, dzi\u0119ki czemu produkt jest kompatybilny z diet\u0105 wegetaria\u0144sk\u0105 i wega\u0144sk\u0105.<\/p>","protected":false},"excerpt":{"rendered":"<p>Wegetaria\u0144skie kapsu\u0142ki Weider Ashwagandha Professional wspieraj\u0105 zdrowie psychiczne i poziom energii. Zawarto\u015b\u0107: 120 wegetaria\u0144skich kapsu\u0142ek. Certyfikat: Wega\u0144ski, Wegetaria\u0144ski.<\/p>","protected":false},"featured_media":52115,"comment_status":"closed","ping_status":"closed","template":"","meta":{"advanced_seo_description":"","jetpack_seo_html_title":"","jetpack_seo_noindex":false},"pwb-brand":[499],"product_brand":[4792],"product_cat":[2596,152],"product_tag":[],"class_list":{"0":"post-47715","1":"product","2":"type-product","3":"status-publish","4":"has-post-thumbnail","6":"pwb-brand-weider","7":"product_brand-weider","8":"product_cat-herbs","9":"product_cat-vitamins-and-minerals","10":"brand_woo-weider","12":"first","13":"instock","14":"taxable","15":"shipping-taxable","16":"purchasable","17":"product-type-simple"},"jetpack_sharing_enabled":true,"brands":[{"id":499,"name":"Weider","slug":"weider"}],"_links":{"self":[{"href":"https:\/\/veganova.eu\/pl\/wp-json\/wp\/v2\/product\/47715","targetHints":{"allow":["GET"]}}],"collection":[{"href":"https:\/\/veganova.eu\/pl\/wp-json\/wp\/v2\/product"}],"about":[{"href":"https:\/\/veganova.eu\/pl\/wp-json\/wp\/v2\/types\/product"}],"replies":[{"embeddable":true,"href":"https:\/\/veganova.eu\/pl\/wp-json\/wp\/v2\/comments?post=47715"}],"version-history":[{"count":1,"href":"https:\/\/veganova.eu\/pl\/wp-json\/wp\/v2\/product\/47715\/revisions"}],"predecessor-version":[{"id":59200,"href":"https:\/\/veganova.eu\/pl\/wp-json\/wp\/v2\/product\/47715\/revisions\/59200"}],"wp:featuredmedia":[{"embeddable":true,"href":"https:\/\/veganova.eu\/pl\/wp-json\/wp\/v2\/media\/52115"}],"wp:attachment":[{"href":"https:\/\/veganova.eu\/pl\/wp-json\/wp\/v2\/media?parent=47715"}],"wp:term":[{"taxonomy":"pwb-brand","embeddable":true,"href":"https:\/\/veganova.eu\/pl\/wp-json\/wp\/v2\/pwb-brand?post=47715"},{"taxonomy":"product_brand","embeddable":true,"href":"https:\/\/veganova.eu\/pl\/wp-json\/wp\/v2\/product_brand?post=47715"},{"taxonomy":"product_cat","embeddable":true,"href":"https:\/\/veganova.eu\/pl\/wp-json\/wp\/v2\/product_cat?post=47715"},{"taxonomy":"product_tag","embeddable":true,"href":"https:\/\/veganova.eu\/pl\/wp-json\/wp\/v2\/product_tag?post=47715"}],"curies":[{"name":"wp","href":"https:\/\/api.w.org\/{rel}","templated":true}]}}