{"id":47793,"date":"2024-09-15T12:29:02","date_gmt":"2024-09-15T10:29:02","guid":{"rendered":"https:\/\/veganova.eu\/?post_type=product&#038;p=47793"},"modified":"2026-04-21T07:25:55","modified_gmt":"2026-04-21T05:25:55","slug":"trained-by-jp-cream-of-rice-maple-syrup-2000g","status":"publish","type":"product","link":"https:\/\/veganova.eu\/pl\/shop\/trained-by-jp-cream-of-rice-maple-syrup-2000g\/","title":{"rendered":"Trained by JP Krem ry\u017cowy, syrop klonowy - 2000g"},"content":{"rendered":"<h3>Trained by JP Krem ry\u017cowy, syrop klonowy - 2000g<\/h3>\n<p>Dlaczego krem ry\u017cowy?<\/p>\n<p>W okresie przygotowawczym, poza sezonem lub w dowolnej fazie treningowej, jedzenie smacznych rzeczy smakowych zamiast nudnego ry\u017cu mo\u017ce pom\u00f3c w utrzymaniu diety na w\u0142a\u015bciwym torze, poniewa\u017c cz\u0119sto b\u0119dzie to smako\u0142yk, ale mo\u017cna go \u0142atwo dopasowa\u0107 do dziennego zapotrzebowania na w\u0119glowodany.<\/p>\n<p>Poza sezonem, gdy jedzenie mo\u017ce by\u0107 wi\u0119ksze, trawienie mo\u017ce cz\u0119sto sta\u0107 si\u0119 nieco trudniejsze, a w tej fazie posiadanie r\u00f3\u017cnorodnych smak\u00f3w, kt\u00f3re zawsze doskonale si\u0119 trawi\u0105, pozwoli ci zachowa\u0107 apetyt i post\u0119powa\u0107 naprz\u00f3d<\/p>\n<p>JP sam koncentruje si\u0119 na trawieniu, osi\u0105gaj\u0105c ogromne masy cia\u0142a i spo\u017cywaj\u0105c ogromne ilo\u015bci kalorii, dlatego wszystko, co robimy, jest przez niego wypr\u00f3bowywane i testowane, aby upewni\u0107 si\u0119, \u017ce nie ma zbyt du\u017co s\u0142odzika, \u017ce aromaty nie s\u0105 zbyt mocne - wszystkie rzeczy, kt\u00f3re s\u0105 wa\u017cne, gdy faktycznie \u017cyjesz i oddychasz kulturystyk\u0105.<\/p>\n<p>2 kg COR jest dost\u0119pny w 13 pysznych smakach, aby zadowoli\u0107 Twoje kubki smakowe!<\/p>\n<p>Szybko dzia\u0142aj\u0105ce w\u0119glowodany<\/p>\n<p>Niesamowity smak<br \/>\n\u0141atwe mieszanie<br \/>\nDoskonale trawione<br \/>\n2 kg to 80x 25 g porcji<\/p>","protected":false},"excerpt":{"rendered":"<p>Power fitness breakfast Trained by JP Cream of Rice, flavor: Maple Syrup. Content: 2000g. Certification: vegan, vegetarian, gluten free.<\/p>","protected":false},"featured_media":52220,"comment_status":"closed","ping_status":"closed","template":"","meta":{"advanced_seo_description":"","jetpack_seo_html_title":"","jetpack_seo_noindex":false},"pwb-brand":[2217],"product_brand":[4954],"product_cat":[225,132],"product_tag":[],"class_list":{"0":"post-47793","1":"product","2":"type-product","3":"status-publish","4":"has-post-thumbnail","6":"pwb-brand-trained-by-jp","7":"product_brand-trained-by-jp","8":"product_cat-carbohydrates","9":"product_cat-sports-nutrition","10":"brand_woo-trained-by-jp","12":"first","13":"instock","14":"taxable","15":"shipping-taxable","16":"purchasable","17":"product-type-simple"},"jetpack_sharing_enabled":true,"brands":[{"id":2217,"name":"Szkolony przez JP","slug":"trained-by-jp"}],"_links":{"self":[{"href":"https:\/\/veganova.eu\/pl\/wp-json\/wp\/v2\/product\/47793","targetHints":{"allow":["GET"]}}],"collection":[{"href":"https:\/\/veganova.eu\/pl\/wp-json\/wp\/v2\/product"}],"about":[{"href":"https:\/\/veganova.eu\/pl\/wp-json\/wp\/v2\/types\/product"}],"replies":[{"embeddable":true,"href":"https:\/\/veganova.eu\/pl\/wp-json\/wp\/v2\/comments?post=47793"}],"version-history":[{"count":1,"href":"https:\/\/veganova.eu\/pl\/wp-json\/wp\/v2\/product\/47793\/revisions"}],"predecessor-version":[{"id":59233,"href":"https:\/\/veganova.eu\/pl\/wp-json\/wp\/v2\/product\/47793\/revisions\/59233"}],"wp:featuredmedia":[{"embeddable":true,"href":"https:\/\/veganova.eu\/pl\/wp-json\/wp\/v2\/media\/52220"}],"wp:attachment":[{"href":"https:\/\/veganova.eu\/pl\/wp-json\/wp\/v2\/media?parent=47793"}],"wp:term":[{"taxonomy":"pwb-brand","embeddable":true,"href":"https:\/\/veganova.eu\/pl\/wp-json\/wp\/v2\/pwb-brand?post=47793"},{"taxonomy":"product_brand","embeddable":true,"href":"https:\/\/veganova.eu\/pl\/wp-json\/wp\/v2\/product_brand?post=47793"},{"taxonomy":"product_cat","embeddable":true,"href":"https:\/\/veganova.eu\/pl\/wp-json\/wp\/v2\/product_cat?post=47793"},{"taxonomy":"product_tag","embeddable":true,"href":"https:\/\/veganova.eu\/pl\/wp-json\/wp\/v2\/product_tag?post=47793"}],"curies":[{"name":"wp","href":"https:\/\/api.w.org\/{rel}","templated":true}]}}