{"id":47813,"date":"2024-09-15T12:29:20","date_gmt":"2024-09-15T10:29:20","guid":{"rendered":"https:\/\/veganova.eu\/?post_type=product&#038;p=47813"},"modified":"2026-04-27T02:22:34","modified_gmt":"2026-04-27T00:22:34","slug":"applied-nutrition-critical-greens-apple-burst-150g","status":"publish","type":"product","link":"https:\/\/veganova.eu\/pl\/shop\/applied-nutrition-critical-greens-apple-burst-150g\/","title":{"rendered":"Applied Nutrition Critical Greens, Apple Burst - 150g"},"content":{"rendered":"<h3>Applied Nutrition Critical Greens, Apple Burst - 150g<\/h3>\n<p>Critical Greens zawiera 17 ekstrakt\u00f3w z super-zielonych warzyw, w tym broku\u0142\u00f3w, selera, szpinaku, trawy pszenicznej i jarmu\u017cu w proszku. Nasz\u0105 mieszank\u0119 mo\u017cna po prostu doda\u0107 do koktajlu bia\u0142kowego, smoothie owocowego lub zmiesza\u0107 z wod\u0105, aby uzyska\u0107 \u015bwie\u017cy, naturalny smak.<\/p>\n<p>KLUCZOWE KORZY\u015aCI<\/p>\n<p>Najlepsza sportowa mieszanka super zielonych sk\u0142adnik\u00f3w<br \/>\nStosowany w po\u0142\u0105czeniu z pi\u0119cioma posi\u0142kami dziennie<br \/>\n17 sk\u0142adnik\u00f3w super-zielonych<br \/>\n\u015awie\u017cy, naturalny smak<br \/>\nOdpowiedni dla wegan i wegetarian<br \/>\nProdukt z certyfikatem Halal<\/p>","protected":false},"excerpt":{"rendered":"<p>Nap\u00f3j superfood w postaci proszku Applied Nutrition Critical Greens o smaku: Apple Burst. Zawarto\u015b\u0107: 150g. Certyfikaty: Wega\u0144ski, wegetaria\u0144ski, halal.<\/p>","protected":false},"featured_media":52020,"comment_status":"closed","ping_status":"closed","template":"","meta":{"advanced_seo_description":"","jetpack_seo_html_title":"","jetpack_seo_noindex":false},"pwb-brand":[202],"product_brand":[4592],"product_cat":[149],"product_tag":[],"class_list":{"0":"post-47813","1":"product","2":"type-product","3":"status-publish","4":"has-post-thumbnail","6":"pwb-brand-applied-nutrition","7":"product_brand-applied-nutrition","8":"product_cat-superfoods","9":"brand_woo-applied-nutrition","11":"first","12":"instock","13":"taxable","14":"shipping-taxable","15":"purchasable","16":"product-type-simple"},"jetpack_sharing_enabled":true,"brands":[{"id":202,"name":"Od\u017cywianie stosowane","slug":"applied-nutrition"}],"_links":{"self":[{"href":"https:\/\/veganova.eu\/pl\/wp-json\/wp\/v2\/product\/47813","targetHints":{"allow":["GET"]}}],"collection":[{"href":"https:\/\/veganova.eu\/pl\/wp-json\/wp\/v2\/product"}],"about":[{"href":"https:\/\/veganova.eu\/pl\/wp-json\/wp\/v2\/types\/product"}],"replies":[{"embeddable":true,"href":"https:\/\/veganova.eu\/pl\/wp-json\/wp\/v2\/comments?post=47813"}],"version-history":[{"count":1,"href":"https:\/\/veganova.eu\/pl\/wp-json\/wp\/v2\/product\/47813\/revisions"}],"predecessor-version":[{"id":59242,"href":"https:\/\/veganova.eu\/pl\/wp-json\/wp\/v2\/product\/47813\/revisions\/59242"}],"wp:featuredmedia":[{"embeddable":true,"href":"https:\/\/veganova.eu\/pl\/wp-json\/wp\/v2\/media\/52020"}],"wp:attachment":[{"href":"https:\/\/veganova.eu\/pl\/wp-json\/wp\/v2\/media?parent=47813"}],"wp:term":[{"taxonomy":"pwb-brand","embeddable":true,"href":"https:\/\/veganova.eu\/pl\/wp-json\/wp\/v2\/pwb-brand?post=47813"},{"taxonomy":"product_brand","embeddable":true,"href":"https:\/\/veganova.eu\/pl\/wp-json\/wp\/v2\/product_brand?post=47813"},{"taxonomy":"product_cat","embeddable":true,"href":"https:\/\/veganova.eu\/pl\/wp-json\/wp\/v2\/product_cat?post=47813"},{"taxonomy":"product_tag","embeddable":true,"href":"https:\/\/veganova.eu\/pl\/wp-json\/wp\/v2\/product_tag?post=47813"}],"curies":[{"name":"wp","href":"https:\/\/api.w.org\/{rel}","templated":true}]}}