{"id":47931,"date":"2024-09-15T12:31:28","date_gmt":"2024-09-15T10:31:28","guid":{"rendered":"https:\/\/veganova.eu\/?post_type=product&#038;p=47931"},"modified":"2026-04-26T02:21:35","modified_gmt":"2026-04-26T00:21:35","slug":"kaged-muscle-hydra-charge-orange-mango-288g","status":"publish","type":"product","link":"https:\/\/veganova.eu\/pl\/shop\/kaged-muscle-hydra-charge-orange-mango-288g\/","title":{"rendered":"Kaged Muscle Hydra-Charge, Orange Mango - 288g"},"content":{"rendered":"<h3>Kaged Muscle Hydra-Charge, Orange Mango - 288g<\/h3>\n<p>Hydra-Charge to pyszna mieszanka napoj\u00f3w elektrolitowych, kt\u00f3ra zapewnia nawodnienie, wytrzyma\u0142o\u015b\u0107 i wsparcie antyoksydacyjne dla sportowc\u00f3w na wszystkich poziomach, a wszystko to z mniej ni\u017c 1 g cukru *.<\/p>\n<p>Dostarcza 5 niezb\u0119dnych elektrolit\u00f3w<br \/>\nZwi\u0119ksza wydajno\u015b\u0107 i wytrzyma\u0142o\u015b\u0107*<br \/>\nOrze\u017awiaj\u0105cy, pyszny i gasz\u0105cy pragnienie<br \/>\nZapewnia silne wsparcie antyoksydacyjne*<br \/>\nBez sztucznych barwnik\u00f3w, aromat\u00f3w i barwnik\u00f3w<\/p>","protected":false},"excerpt":{"rendered":"<p>Fitness electrolyte drink in powder form Kaged Muscle Hydra-Charge is perfect for hydratation during sport activity, flavour: Orange Mango. Content: 288g. Certification: vegan.<\/p>","protected":false},"featured_media":51918,"comment_status":"closed","ping_status":"closed","template":"","meta":{"advanced_seo_description":"","jetpack_seo_html_title":"","jetpack_seo_noindex":false},"pwb-brand":[331],"product_brand":[4658],"product_cat":[203,132],"product_tag":[],"class_list":{"0":"post-47931","1":"product","2":"type-product","3":"status-publish","4":"has-post-thumbnail","6":"pwb-brand-kaged-muscle","7":"product_brand-kaged-muscle","8":"product_cat-pre-workout","9":"product_cat-sports-nutrition","10":"brand_woo-kaged-muscle","12":"first","13":"instock","14":"taxable","15":"shipping-taxable","16":"purchasable","17":"product-type-simple"},"jetpack_sharing_enabled":true,"brands":[{"id":331,"name":"Kaged Muscle","slug":"kaged-muscle"}],"_links":{"self":[{"href":"https:\/\/veganova.eu\/pl\/wp-json\/wp\/v2\/product\/47931","targetHints":{"allow":["GET"]}}],"collection":[{"href":"https:\/\/veganova.eu\/pl\/wp-json\/wp\/v2\/product"}],"about":[{"href":"https:\/\/veganova.eu\/pl\/wp-json\/wp\/v2\/types\/product"}],"replies":[{"embeddable":true,"href":"https:\/\/veganova.eu\/pl\/wp-json\/wp\/v2\/comments?post=47931"}],"version-history":[{"count":1,"href":"https:\/\/veganova.eu\/pl\/wp-json\/wp\/v2\/product\/47931\/revisions"}],"predecessor-version":[{"id":59290,"href":"https:\/\/veganova.eu\/pl\/wp-json\/wp\/v2\/product\/47931\/revisions\/59290"}],"wp:featuredmedia":[{"embeddable":true,"href":"https:\/\/veganova.eu\/pl\/wp-json\/wp\/v2\/media\/51918"}],"wp:attachment":[{"href":"https:\/\/veganova.eu\/pl\/wp-json\/wp\/v2\/media?parent=47931"}],"wp:term":[{"taxonomy":"pwb-brand","embeddable":true,"href":"https:\/\/veganova.eu\/pl\/wp-json\/wp\/v2\/pwb-brand?post=47931"},{"taxonomy":"product_brand","embeddable":true,"href":"https:\/\/veganova.eu\/pl\/wp-json\/wp\/v2\/product_brand?post=47931"},{"taxonomy":"product_cat","embeddable":true,"href":"https:\/\/veganova.eu\/pl\/wp-json\/wp\/v2\/product_cat?post=47931"},{"taxonomy":"product_tag","embeddable":true,"href":"https:\/\/veganova.eu\/pl\/wp-json\/wp\/v2\/product_tag?post=47931"}],"curies":[{"name":"wp","href":"https:\/\/api.w.org\/{rel}","templated":true}]}}