{"id":48121,"date":"2024-09-15T12:35:04","date_gmt":"2024-09-15T10:35:04","guid":{"rendered":"https:\/\/veganova.eu\/?post_type=product&#038;p=48121"},"modified":"2026-04-21T07:26:08","modified_gmt":"2026-04-21T05:26:08","slug":"jarrow-formulas-same-200-20-tabs","status":"publish","type":"product","link":"https:\/\/veganova.eu\/pl\/shop\/jarrow-formulas-same-200-20-tabs\/","title":{"rendered":"Jarrow Formulas SAMe 200 - 20 tabletek"},"content":{"rendered":"<h3>Jarrow Formulas SAMe 200 - 20 tabletek<\/h3>\n<p>Jarrow Formulas SAMe 200 dostarcza pe\u0142ne 200 mg SAMe (wydajno\u015b\u0107 netto) z 400 mg disiarczanu tosylanu SAMe. SAMe 200 jest produkowany w niskiej temperaturze i niskiej wilgotno\u015bci i jest powlekany dojelitowo, aby zapewni\u0107 biologicznie aktywny produkt.<\/p>\n<p>Zawiera wi\u0119cej biologicznie aktywnej formy S,S ni\u017c R,S<br \/>\nWyst\u0119puj\u0105cy we wszystkich \u017cywych kom\u00f3rkach SAMe jest metabolitem metioniny (niezb\u0119dnego aminokwasu). SAMe jest chiraln\u0105 cz\u0105steczk\u0105 sk\u0142adaj\u0105c\u0105 si\u0119 z dw\u00f3ch form: (S,S) SAMe i (R,S) SAMe. Biologicznie aktywn\u0105 form\u0105 jest struktura (S,S), podczas gdy struktura (R,S) jest biologicznie nieaktywna. Jarrow Formulas SAMe jest wytwarzany w drodze fermentacji mikrobiologicznej, a nast\u0119pnie przetwarzany bez rozpuszczalnik\u00f3w chemicznych w celu zachowania 68-80% (S,S) SAMe.<\/p>\n<p>SAMe wspiera:<\/p>\n<p>Metabolizm m\u00f3zgu i nastr\u00f3j*<br \/>\nReakcje metylacji SAMe s\u0105 zaanga\u017cowane w syntez\u0119 fosfatydylocholiny, istotnego sk\u0142adnika istoty szarej w m\u00f3zgu i b\u0142on kom\u00f3rkowych.* Zaproponowano r\u00f3wnie\u017c, \u017ce jest zaanga\u017cowany w<br \/>\nw tworzeniu lub metabolizmie neuroprzeka\u017anik\u00f3w, co pomaga w<br \/>\nwspieraj\u0105 zr\u00f3wnowa\u017cony nastr\u00f3j.*<\/p>\n<p>Zdrowie staw\u00f3w*<br \/>\nSAMe wspomaga produkcj\u0119 zdrowej tkanki \u0142\u0105cznej poprzez transsulfuracj\u0119.* W tym procesie transsulfuracji krytyczne sk\u0142adniki tkanki \u0142\u0105cznej znane jako glikozaminoglikany (GAG), w tym glukozamina i chondroityna, s\u0105 siarczanowane przez metabolity SAMe, aby uzyska\u0107 siarczanowane GAG, takie jak siarczan glukozaminy i siarczan chondroityny, elementy budulcowe chrz\u0105stki *.<\/p>\n<p>Funkcja w\u0105troby*<br \/>\nSAMe wspomaga syntez\u0119 glutationu (GSH), kt\u00f3ry ma kluczowe znaczenie dla obrony antyoksydacyjnej i funkcji w\u0105troby, w tym detoksykacji fazy II*.<\/p>\n<p>Jarrow Formulas SAMe 200 jest pakowany w blistry foliowe, aby zmaksymalizowa\u0107 stabilno\u015b\u0107 i dostarcza 200 mg S-adenozylometioniny pochodz\u0105cej z 400 mg disiarczanu SAMe Tosylate.<\/p>","protected":false},"excerpt":{"rendered":"<p>Jarrow Formulas SAMe 200 wspiera zdrow\u0105 w\u0105trob\u0119, stawy i poprawia nastr\u00f3j. Zawarto\u015b\u0107: 20 tabletek. Certyfikaty: bezglutenowy, wega\u0144ski.<\/p>","protected":false},"featured_media":51903,"comment_status":"closed","ping_status":"closed","template":"","meta":{"om_disable_all_campaigns":false,"advanced_seo_description":"","jetpack_seo_html_title":"","jetpack_seo_noindex":false},"pwb-brand":[165],"product_brand":[4572],"product_cat":[2593,286,143,2591,152],"product_tag":[],"class_list":{"0":"post-48121","1":"product","2":"type-product","3":"status-publish","4":"has-post-thumbnail","6":"pwb-brand-jarrow-formulas","7":"product_brand-jarrow-formulas","8":"product_cat-antioxidants","9":"product_cat-for-a-better-mood","10":"product_cat-health-issues","11":"product_cat-liver","12":"product_cat-vitamins-and-minerals","13":"brand_woo-jarrow-formulas","15":"first","16":"outofstock","17":"taxable","18":"shipping-taxable","19":"purchasable","20":"product-type-simple"},"jetpack_sharing_enabled":true,"brands":[{"id":165,"name":"Jarrow Formulas","slug":"jarrow-formulas"}],"_links":{"self":[{"href":"https:\/\/veganova.eu\/pl\/wp-json\/wp\/v2\/product\/48121","targetHints":{"allow":["GET"]}}],"collection":[{"href":"https:\/\/veganova.eu\/pl\/wp-json\/wp\/v2\/product"}],"about":[{"href":"https:\/\/veganova.eu\/pl\/wp-json\/wp\/v2\/types\/product"}],"replies":[{"embeddable":true,"href":"https:\/\/veganova.eu\/pl\/wp-json\/wp\/v2\/comments?post=48121"}],"version-history":[{"count":1,"href":"https:\/\/veganova.eu\/pl\/wp-json\/wp\/v2\/product\/48121\/revisions"}],"predecessor-version":[{"id":59357,"href":"https:\/\/veganova.eu\/pl\/wp-json\/wp\/v2\/product\/48121\/revisions\/59357"}],"wp:featuredmedia":[{"embeddable":true,"href":"https:\/\/veganova.eu\/pl\/wp-json\/wp\/v2\/media\/51903"}],"wp:attachment":[{"href":"https:\/\/veganova.eu\/pl\/wp-json\/wp\/v2\/media?parent=48121"}],"wp:term":[{"taxonomy":"pwb-brand","embeddable":true,"href":"https:\/\/veganova.eu\/pl\/wp-json\/wp\/v2\/pwb-brand?post=48121"},{"taxonomy":"product_brand","embeddable":true,"href":"https:\/\/veganova.eu\/pl\/wp-json\/wp\/v2\/product_brand?post=48121"},{"taxonomy":"product_cat","embeddable":true,"href":"https:\/\/veganova.eu\/pl\/wp-json\/wp\/v2\/product_cat?post=48121"},{"taxonomy":"product_tag","embeddable":true,"href":"https:\/\/veganova.eu\/pl\/wp-json\/wp\/v2\/product_tag?post=48121"}],"curies":[{"name":"wp","href":"https:\/\/api.w.org\/{rel}","templated":true}]}}