{"id":48139,"date":"2024-09-15T12:35:23","date_gmt":"2024-09-15T10:35:23","guid":{"rendered":"https:\/\/veganova.eu\/?post_type=product&#038;p=48139"},"modified":"2026-04-21T07:26:09","modified_gmt":"2026-04-21T05:26:09","slug":"trained-by-jp-sustain-berry-burst-1800g","status":"publish","type":"product","link":"https:\/\/veganova.eu\/pl\/shop\/trained-by-jp-sustain-berry-burst-1800g\/","title":{"rendered":"Trenowany przez JP Sustain, Berry Burst - 1800 g"},"content":{"rendered":"<h3>Trenowany przez JP Sustain, Berry Burst - 1800 g<\/h3>\n<p>Sustain to nasz proszek w\u0119glowodanowy przeznaczony dla elitarnych sportowc\u00f3w.<\/p>\n<p>W CocoMineral wykorzystujemy opatentowane surowce do produkcji aminokwas\u00f3w wspomagaj\u0105cych nawil\u017cenie, a tak\u017ce dodajemy gliceryn\u0119 i r\u00f3\u017cow\u0105 s\u00f3l w celu uzyskania dodatkowych korzy\u015bci nawil\u017caj\u0105cych.<\/p>\n<p>Jako \u017ar\u00f3d\u0142o w\u0119glowodan\u00f3w wykorzystali\u015bmy mieszank\u0119 tr\u00f3jw\u0119glowodanow\u0105, sk\u0142adaj\u0105c\u0105 si\u0119 z opatentowanego Vitargo (skrobia j\u0119czmienna), opatentowanej cyklicznej dekstryny i fruktozy w proszku.<\/p>\n<p>Celem jest tutaj zwi\u0119kszenie efektywno\u015bci wch\u0142aniania w\u0119glowodan\u00f3w, co osi\u0105ga si\u0119 w wi\u0119kszym stopniu, \u0142\u0105cz\u0105c \u017ar\u00f3d\u0142a w taki spos\u00f3b, jak w przypadku Sustain.<\/p>\n<p>Zalecamy popijanie preparatu Sustain podczas sesji treningowej i przyjmowanie go oddzielnie od MPS Max lub niezb\u0119dnych aminokwas\u00f3w. Zalecamy r\u00f3wnie\u017c spo\u017cywanie Sustain w co najmniej 750 ml wody na porcj\u0119, 1 litr na 2 porcje.<\/p>","protected":false},"excerpt":{"rendered":"<p>Trained by JP Sustain jest pe\u0142en w\u0119glowodan\u00f3w, minera\u0142\u00f3w, elektrolit\u00f3w i niezb\u0119dnych aminokwas\u00f3w. Smak: Berry Burst. Zawarto\u015b\u0107: 1800g. Certyfikat: wega\u0144ski.<\/p>","protected":false},"featured_media":52208,"comment_status":"closed","ping_status":"closed","template":"","meta":{"advanced_seo_description":"","jetpack_seo_html_title":"","jetpack_seo_noindex":false},"pwb-brand":[2217],"product_brand":[4954],"product_cat":[225,203,132],"product_tag":[],"class_list":{"0":"post-48139","1":"product","2":"type-product","3":"status-publish","4":"has-post-thumbnail","6":"pwb-brand-trained-by-jp","7":"product_brand-trained-by-jp","8":"product_cat-carbohydrates","9":"product_cat-pre-workout","10":"product_cat-sports-nutrition","11":"brand_woo-trained-by-jp","13":"first","14":"instock","15":"sale","16":"taxable","17":"shipping-taxable","18":"purchasable","19":"product-type-simple"},"jetpack_sharing_enabled":true,"brands":[{"id":2217,"name":"Szkolony przez JP","slug":"trained-by-jp"}],"_links":{"self":[{"href":"https:\/\/veganova.eu\/pl\/wp-json\/wp\/v2\/product\/48139","targetHints":{"allow":["GET"]}}],"collection":[{"href":"https:\/\/veganova.eu\/pl\/wp-json\/wp\/v2\/product"}],"about":[{"href":"https:\/\/veganova.eu\/pl\/wp-json\/wp\/v2\/types\/product"}],"replies":[{"embeddable":true,"href":"https:\/\/veganova.eu\/pl\/wp-json\/wp\/v2\/comments?post=48139"}],"version-history":[{"count":1,"href":"https:\/\/veganova.eu\/pl\/wp-json\/wp\/v2\/product\/48139\/revisions"}],"predecessor-version":[{"id":59364,"href":"https:\/\/veganova.eu\/pl\/wp-json\/wp\/v2\/product\/48139\/revisions\/59364"}],"wp:featuredmedia":[{"embeddable":true,"href":"https:\/\/veganova.eu\/pl\/wp-json\/wp\/v2\/media\/52208"}],"wp:attachment":[{"href":"https:\/\/veganova.eu\/pl\/wp-json\/wp\/v2\/media?parent=48139"}],"wp:term":[{"taxonomy":"pwb-brand","embeddable":true,"href":"https:\/\/veganova.eu\/pl\/wp-json\/wp\/v2\/pwb-brand?post=48139"},{"taxonomy":"product_brand","embeddable":true,"href":"https:\/\/veganova.eu\/pl\/wp-json\/wp\/v2\/product_brand?post=48139"},{"taxonomy":"product_cat","embeddable":true,"href":"https:\/\/veganova.eu\/pl\/wp-json\/wp\/v2\/product_cat?post=48139"},{"taxonomy":"product_tag","embeddable":true,"href":"https:\/\/veganova.eu\/pl\/wp-json\/wp\/v2\/product_tag?post=48139"}],"curies":[{"name":"wp","href":"https:\/\/api.w.org\/{rel}","templated":true}]}}