{"id":48161,"date":"2024-09-15T12:35:50","date_gmt":"2024-09-15T10:35:50","guid":{"rendered":"https:\/\/veganova.eu\/?post_type=product&#038;p=48161"},"modified":"2026-04-21T07:26:10","modified_gmt":"2026-04-21T05:26:10","slug":"jnx-sports-the-curse-pina-colada-250g","status":"publish","type":"product","link":"https:\/\/veganova.eu\/pl\/shop\/jnx-sports-the-curse-pina-colada-250g\/","title":{"rendered":"JNX Sports The Curse!, Pina Colada - 250g"},"content":{"rendered":"<h3>JNX Sports The Curse!, Pina Colada - 250g<\/h3>\n<p>Przedtrening\u00f3wka OG zapewniaj\u0105ca energi\u0119, skupienie i pomp\u0119 mi\u0119\u015bniow\u0105.<\/p>","protected":false},"excerpt":{"rendered":"<p>JNX Sports The Curse! to suplement przedtreningowy zapewniaj\u0105cy energi\u0119, skupienie i pomp\u0119 mi\u0119\u015bniow\u0105. Smak: Pina Colada. Zawarto\u015b\u0107: 250g. Certyfikacja: wega\u0144ski, bezglutenowy.<\/p>","protected":false},"featured_media":47201,"comment_status":"closed","ping_status":"closed","template":"","meta":{"advanced_seo_description":"","jetpack_seo_html_title":"","jetpack_seo_noindex":false},"pwb-brand":[491],"product_brand":[4788],"product_cat":[203,132],"product_tag":[],"class_list":{"0":"post-48161","1":"product","2":"type-product","3":"status-publish","4":"has-post-thumbnail","6":"pwb-brand-jnx-sports","7":"product_brand-jnx-sports","8":"product_cat-pre-workout","9":"product_cat-sports-nutrition","10":"brand_woo-jnx-sports","12":"first","13":"instock","14":"sale","15":"taxable","16":"shipping-taxable","17":"purchasable","18":"product-type-simple"},"jetpack_sharing_enabled":true,"brands":[{"id":491,"name":"JNX Sports","slug":"jnx-sports"}],"_links":{"self":[{"href":"https:\/\/veganova.eu\/pl\/wp-json\/wp\/v2\/product\/48161","targetHints":{"allow":["GET"]}}],"collection":[{"href":"https:\/\/veganova.eu\/pl\/wp-json\/wp\/v2\/product"}],"about":[{"href":"https:\/\/veganova.eu\/pl\/wp-json\/wp\/v2\/types\/product"}],"replies":[{"embeddable":true,"href":"https:\/\/veganova.eu\/pl\/wp-json\/wp\/v2\/comments?post=48161"}],"version-history":[{"count":1,"href":"https:\/\/veganova.eu\/pl\/wp-json\/wp\/v2\/product\/48161\/revisions"}],"predecessor-version":[{"id":59375,"href":"https:\/\/veganova.eu\/pl\/wp-json\/wp\/v2\/product\/48161\/revisions\/59375"}],"wp:featuredmedia":[{"embeddable":true,"href":"https:\/\/veganova.eu\/pl\/wp-json\/wp\/v2\/media\/47201"}],"wp:attachment":[{"href":"https:\/\/veganova.eu\/pl\/wp-json\/wp\/v2\/media?parent=48161"}],"wp:term":[{"taxonomy":"pwb-brand","embeddable":true,"href":"https:\/\/veganova.eu\/pl\/wp-json\/wp\/v2\/pwb-brand?post=48161"},{"taxonomy":"product_brand","embeddable":true,"href":"https:\/\/veganova.eu\/pl\/wp-json\/wp\/v2\/product_brand?post=48161"},{"taxonomy":"product_cat","embeddable":true,"href":"https:\/\/veganova.eu\/pl\/wp-json\/wp\/v2\/product_cat?post=48161"},{"taxonomy":"product_tag","embeddable":true,"href":"https:\/\/veganova.eu\/pl\/wp-json\/wp\/v2\/product_tag?post=48161"}],"curies":[{"name":"wp","href":"https:\/\/api.w.org\/{rel}","templated":true}]}}