{"id":48219,"date":"2024-09-15T12:36:51","date_gmt":"2024-09-15T10:36:51","guid":{"rendered":"https:\/\/veganova.eu\/?post_type=product&#038;p=48219"},"modified":"2026-04-21T07:26:12","modified_gmt":"2026-04-21T05:26:12","slug":"kiki-health-vitamin-b-complex-30-vcaps","status":"publish","type":"product","link":"https:\/\/veganova.eu\/pl\/shop\/kiki-health-vitamin-b-complex-30-vcaps\/","title":{"rendered":"KIKI Health Vitamin B Complex - 30 kapsu\u0142ek"},"content":{"rendered":"<h3>KIKI Health Vitamin B Complex - 30 kapsu\u0142ek<\/h3>\n<ul>\n<li>Wysoka zawarto\u015b\u0107 wszystkich 8 witamin z grupy B<\/li>\n<li>Pochodzi z 11 r\u00f3\u017cnych ekstrakt\u00f3w ro\u015blinnych<\/li>\n<li>Woda ekstrahowana przy u\u017cyciu czystej, czystej wody<\/li>\n<li>Brak no\u015bnik\u00f3w, dodatk\u00f3w, konserwant\u00f3w i wype\u0142niaczy<\/li>\n<\/ul>\n<p>Kompletny kompleks witamin z grupy B stworzony przez natur\u0119. Bez trudu rozpoznawany przez organizm i charakteryzuj\u0105cy si\u0119 wysok\u0105 wch\u0142anialno\u015bci\u0105.<\/p>\n<p>Ten wysokiej jako\u015bci ro\u015blinny kompleks witamin z grupy B zawiera 11 r\u00f3\u017cnych ekstrakt\u00f3w ro\u015blinnych, w tym B1, B2, B3, B5, B6, B7, B9 i B12.<\/p>\n<p>Unikalna formu\u0142a jest tworzona w delikatnym procesie ekstrakcji wod\u0105, kt\u00f3ry nie wykorzystuje \u017cadnych chemikali\u00f3w, dodatk\u00f3w ani no\u015bnik\u00f3w.<\/p>\n<p>Efektem ko\u0144cowym jest czysta i \u0142atwo rozpoznawalna mieszanka wszystkich o\u015bmiu witamin z grupy B.<\/p>","protected":false},"excerpt":{"rendered":"<p>KIKI Health Vitamin B Complex to wysokiej jako\u015bci, ro\u015blinny kompleks witamin B zawieraj\u0105cy 11 r\u00f3\u017cnych ekstrakt\u00f3w ro\u015blinnych, w tym B1, B2, B3, B5, B6, B7, B9 i B12. Zawarto\u015b\u0107: 30 wegetaria\u0144skich kapsu\u0142ek.<\/p>","protected":false},"featured_media":52016,"comment_status":"closed","ping_status":"closed","template":"","meta":{"advanced_seo_description":"","jetpack_seo_html_title":"","jetpack_seo_noindex":false},"pwb-brand":[166],"product_brand":[4573],"product_cat":[153,152],"product_tag":[],"class_list":{"0":"post-48219","1":"product","2":"type-product","3":"status-publish","4":"has-post-thumbnail","6":"pwb-brand-kiki-health","7":"product_brand-kiki-health","8":"product_cat-vitamins","9":"product_cat-vitamins-and-minerals","10":"brand_woo-kiki-health","12":"first","13":"instock","14":"taxable","15":"shipping-taxable","16":"purchasable","17":"product-type-simple"},"jetpack_sharing_enabled":true,"brands":[{"id":166,"name":"KIKI Health","slug":"kiki-health"}],"_links":{"self":[{"href":"https:\/\/veganova.eu\/pl\/wp-json\/wp\/v2\/product\/48219","targetHints":{"allow":["GET"]}}],"collection":[{"href":"https:\/\/veganova.eu\/pl\/wp-json\/wp\/v2\/product"}],"about":[{"href":"https:\/\/veganova.eu\/pl\/wp-json\/wp\/v2\/types\/product"}],"replies":[{"embeddable":true,"href":"https:\/\/veganova.eu\/pl\/wp-json\/wp\/v2\/comments?post=48219"}],"version-history":[{"count":1,"href":"https:\/\/veganova.eu\/pl\/wp-json\/wp\/v2\/product\/48219\/revisions"}],"predecessor-version":[{"id":59399,"href":"https:\/\/veganova.eu\/pl\/wp-json\/wp\/v2\/product\/48219\/revisions\/59399"}],"wp:featuredmedia":[{"embeddable":true,"href":"https:\/\/veganova.eu\/pl\/wp-json\/wp\/v2\/media\/52016"}],"wp:attachment":[{"href":"https:\/\/veganova.eu\/pl\/wp-json\/wp\/v2\/media?parent=48219"}],"wp:term":[{"taxonomy":"pwb-brand","embeddable":true,"href":"https:\/\/veganova.eu\/pl\/wp-json\/wp\/v2\/pwb-brand?post=48219"},{"taxonomy":"product_brand","embeddable":true,"href":"https:\/\/veganova.eu\/pl\/wp-json\/wp\/v2\/product_brand?post=48219"},{"taxonomy":"product_cat","embeddable":true,"href":"https:\/\/veganova.eu\/pl\/wp-json\/wp\/v2\/product_cat?post=48219"},{"taxonomy":"product_tag","embeddable":true,"href":"https:\/\/veganova.eu\/pl\/wp-json\/wp\/v2\/product_tag?post=48219"}],"curies":[{"name":"wp","href":"https:\/\/api.w.org\/{rel}","templated":true}]}}