{"id":5119,"date":"2023-10-01T17:08:46","date_gmt":"2023-10-01T15:08:46","guid":{"rendered":"https:\/\/veganova.eu\/?post_type=product&#038;p=5119"},"modified":"2026-04-21T07:24:34","modified_gmt":"2026-04-21T05:24:34","slug":"doctors-best-lutein-with-optilut-10mg-120-kaps","status":"publish","type":"product","link":"https:\/\/veganova.eu\/pl\/shop\/doctors-best-lutein-with-optilut-10mg-120-kaps\/","title":{"rendered":"Doctor's Best Lutein z OptiLut, 10 mg (120 kapsu\u0142ek)"},"content":{"rendered":"<h3>Doctor's Best Lutein z OptiLut<\/h3>\n<ul>\n<li>Doctor's Best Lutein utrzymuje zdrowe funkcje wzrokowe, wspiera g\u0119sto\u015b\u0107 pigmentu plamki \u017c\u00f3\u0142tej i wspomaga ostro\u015b\u0107 poznawcz\u0105.<\/li>\n<li>OptiLut to naturalny koncentrat luteiny 100% uzyskany z ekstraktu z aksamitki wzniesionej (Tagetes erecta) w procesie oczyszczania bez \u017cadnych przemian chemicznych.<\/li>\n<li>Zapewnia wysoce biodost\u0119pne naturalne \u017ar\u00f3d\u0142o estr\u00f3w luteiny i zeaksantyny.<\/li>\n<li>Luteina i zeaksantyna s\u0105 dwoma g\u0142\u00f3wnymi karotenoidami wyst\u0119puj\u0105cymi u ludzi i s\u0105 wysoce skoncentrowane w siatk\u00f3wce ludzkiego oka.<\/li>\n<li>Luteina jest g\u0142\u00f3wnym karotenoidem wyst\u0119puj\u0105cym w ludzkiej krwi o wysokim st\u0119\u017ceniu w siatk\u00f3wce ludzkiego oka.<\/li>\n<li>Luteina i zeaksantyna dzia\u0142aj\u0105 synergistycznie, wspieraj\u0105c zdrowie oczu.<\/li>\n<li>Luteina i zeaksantyna s\u0105 r\u00f3wnie\u017c silnymi neutralizatorami wolnych rodnik\u00f3w, kt\u00f3re przyczyniaj\u0105 si\u0119 do spektrum obrony antyoksydacyjnej organizmu.<\/li>\n<li>Stwierdzono, \u017ce oba sk\u0142adniki od\u017cywcze zmniejszaj\u0105 uszkodzenia kom\u00f3rek nab\u0142onka soczewki spowodowane promieniowaniem UV.<\/li>\n<\/ul>","protected":false},"excerpt":{"rendered":"<p>Wega\u0144ski suplement diety Doctor's Best Lutein with OptiLut, 10mg wspiera zdrowe funkcje wzrokowe. Opakowanie zawiera: 120 kapsu\u0142ek. Bezglutenowy, wolny od GMO.<\/p>","protected":false},"featured_media":53376,"comment_status":"closed","ping_status":"closed","template":"","meta":{"advanced_seo_description":"","jetpack_seo_html_title":"","jetpack_seo_noindex":false},"pwb-brand":[147],"product_brand":[4565],"product_cat":[284,152],"product_tag":[599,601,602,603],"class_list":{"0":"post-5119","1":"product","2":"type-product","3":"status-publish","4":"has-post-thumbnail","6":"pwb-brand-doctors-best","7":"product_brand-doctors-best","8":"product_cat-trace-elements","9":"product_cat-vitamins-and-minerals","10":"product_tag-gluten-free","11":"product_tag-non-gmo","12":"product_tag-vegan","13":"product_tag-vege","14":"brand_woo-doctors-best","16":"first","17":"instock","18":"taxable","19":"shipping-taxable","20":"purchasable","21":"product-type-simple"},"jetpack_sharing_enabled":true,"brands":[{"id":147,"name":"Doctor's Best","slug":"doctors-best"}],"_links":{"self":[{"href":"https:\/\/veganova.eu\/pl\/wp-json\/wp\/v2\/product\/5119","targetHints":{"allow":["GET"]}}],"collection":[{"href":"https:\/\/veganova.eu\/pl\/wp-json\/wp\/v2\/product"}],"about":[{"href":"https:\/\/veganova.eu\/pl\/wp-json\/wp\/v2\/types\/product"}],"replies":[{"embeddable":true,"href":"https:\/\/veganova.eu\/pl\/wp-json\/wp\/v2\/comments?post=5119"}],"version-history":[{"count":1,"href":"https:\/\/veganova.eu\/pl\/wp-json\/wp\/v2\/product\/5119\/revisions"}],"predecessor-version":[{"id":58232,"href":"https:\/\/veganova.eu\/pl\/wp-json\/wp\/v2\/product\/5119\/revisions\/58232"}],"wp:featuredmedia":[{"embeddable":true,"href":"https:\/\/veganova.eu\/pl\/wp-json\/wp\/v2\/media\/53376"}],"wp:attachment":[{"href":"https:\/\/veganova.eu\/pl\/wp-json\/wp\/v2\/media?parent=5119"}],"wp:term":[{"taxonomy":"pwb-brand","embeddable":true,"href":"https:\/\/veganova.eu\/pl\/wp-json\/wp\/v2\/pwb-brand?post=5119"},{"taxonomy":"product_brand","embeddable":true,"href":"https:\/\/veganova.eu\/pl\/wp-json\/wp\/v2\/product_brand?post=5119"},{"taxonomy":"product_cat","embeddable":true,"href":"https:\/\/veganova.eu\/pl\/wp-json\/wp\/v2\/product_cat?post=5119"},{"taxonomy":"product_tag","embeddable":true,"href":"https:\/\/veganova.eu\/pl\/wp-json\/wp\/v2\/product_tag?post=5119"}],"curies":[{"name":"wp","href":"https:\/\/api.w.org\/{rel}","templated":true}]}}