{"id":5191,"date":"2023-10-01T17:09:19","date_gmt":"2023-10-01T15:09:19","guid":{"rendered":"https:\/\/veganova.eu\/?post_type=product&#038;p=5191"},"modified":"2026-04-21T07:24:38","modified_gmt":"2026-04-21T05:24:38","slug":"now-foods-beta-glucans-with-immunenhancer-extra-strength-60-kaps","status":"publish","type":"product","link":"https:\/\/veganova.eu\/pl\/shop\/now-foods-beta-glucans-with-immunenhancer-extra-strength-60-kaps\/","title":{"rendered":"NOW Foods Beta-Glucans with ImmunEnhancer, Extra Strength (60 kaps)"},"content":{"rendered":"<h3>NOW Foods Beta-Glukany z ImmunEnhancerem<\/h3>\n<ul>\n<li>250 mg beta-glukan\u00f3w<\/li>\n<li>Wspomaga prawid\u0142owe funkcjonowanie uk\u0142adu odporno\u015bciowego<\/li>\n<li>Z beta-1 arabinogalaktanem z modrzewia, 3\/1,6 D-glukan (beta-glukany) jest bioaktywnym w\u0119glowodanem pochodz\u0105cym ze \u015bciany kom\u00f3rkowej<\/li>\n<li>Saccharomyces cerevisiae, powszechnie znane jako dro\u017cd\u017ce piekarskie.<\/li>\n<li>Badania naukowe wykaza\u0142y, \u017ce beta -1,3\/1,6 D-glukan wspiera zdrowy uk\u0142ad odporno\u015bciowy poprzez zdolno\u015b\u0107 do utrzymywania i modulowania kilku aspekt\u00f3w normalnych funkcji odporno\u015bciowych organizmu.<\/li>\n<li>NOW Extra Strength Beta-Glucans jest uzupe\u0142niony o ImmunEnhancer, polisacharyd o wysokiej masie cz\u0105steczkowej ekstrahowany z modrzewia zachodniego, kt\u00f3ry zosta\u0142 przebadany pod k\u0105tem jego zdolno\u015bci do promowania zdrowej odpowiedzi immunologicznej.<\/li>\n<\/ul>","protected":false},"excerpt":{"rendered":"<p>Wega\u0144ski suplement diety NOW Foods Beta-Glucans with ImmunEnhancer, Extra Strength, opakowanie zawiera: 60 kapsu\u0142ek. Bezglutenowy.<\/p>","protected":false},"featured_media":53355,"comment_status":"closed","ping_status":"closed","template":"","meta":{"advanced_seo_description":"","jetpack_seo_html_title":"","jetpack_seo_noindex":false},"pwb-brand":[173],"product_brand":[4580],"product_cat":[597,2597,152],"product_tag":[1164,1117,1242,1166],"class_list":{"0":"post-5191","1":"product","2":"type-product","3":"status-publish","4":"has-post-thumbnail","6":"pwb-brand-now-foods","7":"product_brand-now-foods","8":"product_cat-body-immunity","9":"product_cat-mushrooms","10":"product_cat-vitamins-and-minerals","11":"product_tag-bacteria","12":"product_tag-immunity","13":"product_tag-medicinal-fungi","14":"product_tag-viruses","15":"brand_woo-now-foods","17":"first","18":"instock","19":"taxable","20":"shipping-taxable","21":"purchasable","22":"product-type-simple"},"jetpack_sharing_enabled":true,"brands":[{"id":173,"name":"NOW Foods","slug":"now-foods"}],"_links":{"self":[{"href":"https:\/\/veganova.eu\/pl\/wp-json\/wp\/v2\/product\/5191","targetHints":{"allow":["GET"]}}],"collection":[{"href":"https:\/\/veganova.eu\/pl\/wp-json\/wp\/v2\/product"}],"about":[{"href":"https:\/\/veganova.eu\/pl\/wp-json\/wp\/v2\/types\/product"}],"replies":[{"embeddable":true,"href":"https:\/\/veganova.eu\/pl\/wp-json\/wp\/v2\/comments?post=5191"}],"version-history":[{"count":1,"href":"https:\/\/veganova.eu\/pl\/wp-json\/wp\/v2\/product\/5191\/revisions"}],"predecessor-version":[{"id":58301,"href":"https:\/\/veganova.eu\/pl\/wp-json\/wp\/v2\/product\/5191\/revisions\/58301"}],"wp:featuredmedia":[{"embeddable":true,"href":"https:\/\/veganova.eu\/pl\/wp-json\/wp\/v2\/media\/53355"}],"wp:attachment":[{"href":"https:\/\/veganova.eu\/pl\/wp-json\/wp\/v2\/media?parent=5191"}],"wp:term":[{"taxonomy":"pwb-brand","embeddable":true,"href":"https:\/\/veganova.eu\/pl\/wp-json\/wp\/v2\/pwb-brand?post=5191"},{"taxonomy":"product_brand","embeddable":true,"href":"https:\/\/veganova.eu\/pl\/wp-json\/wp\/v2\/product_brand?post=5191"},{"taxonomy":"product_cat","embeddable":true,"href":"https:\/\/veganova.eu\/pl\/wp-json\/wp\/v2\/product_cat?post=5191"},{"taxonomy":"product_tag","embeddable":true,"href":"https:\/\/veganova.eu\/pl\/wp-json\/wp\/v2\/product_tag?post=5191"}],"curies":[{"name":"wp","href":"https:\/\/api.w.org\/{rel}","templated":true}]}}