{"id":5318,"date":"2023-10-01T17:10:24","date_gmt":"2023-10-01T15:10:24","guid":{"rendered":"https:\/\/veganova.eu\/?post_type=product&#038;p=5318"},"modified":"2026-04-21T07:24:47","modified_gmt":"2026-04-21T05:24:47","slug":"swanson-bergamot-extract-500mg-30-kaps","status":"publish","type":"product","link":"https:\/\/veganova.eu\/pl\/shop\/swanson-bergamot-extract-500mg-30-kaps\/","title":{"rendered":"Ekstrakt z bergamotki Swanson, 500 mg (30 kapsu\u0142ek)"},"content":{"rendered":"<h3>Ekstrakt z bergamotki Swanson, 500 mg (30 kapsu\u0142ek)<\/h3>\n<p>Promuje zdrowy poziom cholesterolu<br \/>\nWielowymiarowe wsparcie dla zdrowia uk\u0142adu sercowo-naczyniowego<br \/>\nZachowuje zdrowie i elastyczno\u015b\u0107 t\u0119tnic<br \/>\nWspiera zdrowy poziom CoQ10<\/p>\n<p>Bergamotka to ma\u0142y, pachn\u0105cy owoc cytrusowy podobny do pomara\u0144czy, ale kolorem bardziej przypominaj\u0105cy cytryn\u0119. Cho\u0107 uwa\u017cany jest za niejadalny ze wzgl\u0119du na swoj\u0105 kwa\u015bn\u0105 goryczk\u0119, jest bardzo poszukiwany ze wzgl\u0119du na olejek eteryczny, kt\u00f3ry od wiek\u00f3w wykorzystywany jest przez perfumerie, szef\u00f3w kuchni (olejek u\u017cywany jest do dodawania zapachu i smaku) oraz tradycyjnych zielarzy. Ostatnie post\u0119py w badaniach nad opiek\u0105 zdrowotn\u0105 znajduj\u0105 nowe zastosowania dla olejku bergamotowego, kt\u00f3ry zawiera biologicznie aktywne flawonoidy. Dodaj Swanson Superior Herbs Bergamot Extract do swojego schematu suplementacji, aby uzyska\u0107 holistyczne podej\u015bcie do utrzymania poziomu cholesterolu.<\/p>","protected":false},"excerpt":{"rendered":"<p>Wegetaria\u0144ski suplement diety Swanson Bergamot Extract, 500mg jest idealny dla zdrowego poziomu cholesterolu i koenzymu Q10, a tak\u017ce wsparcia uk\u0142adu sercowo-naczyniowego. Opakowanie zawiera: 30 kapsu\u0142ek.<\/p>","protected":false},"featured_media":52929,"comment_status":"closed","ping_status":"closed","template":"","meta":{"advanced_seo_description":"","jetpack_seo_html_title":"","jetpack_seo_noindex":false},"pwb-brand":[450],"product_brand":[4753],"product_cat":[289,149],"product_tag":[1159,1241,1040,1158,1153],"class_list":{"0":"post-5318","1":"product","2":"type-product","3":"status-publish","4":"has-post-thumbnail","6":"pwb-brand-swanson","7":"product_brand-swanson","8":"product_cat-heart-and-blood-vessels","9":"product_cat-superfoods","10":"product_tag-aging","11":"product_tag-cardiovascular-system","12":"product_tag-cholesterol","13":"product_tag-heart","14":"product_tag-vessels","15":"brand_woo-swanson","17":"first","18":"instock","19":"taxable","20":"shipping-taxable","21":"purchasable","22":"product-type-simple"},"jetpack_sharing_enabled":true,"brands":[{"id":450,"name":"Swanson","slug":"swanson"}],"_links":{"self":[{"href":"https:\/\/veganova.eu\/pl\/wp-json\/wp\/v2\/product\/5318","targetHints":{"allow":["GET"]}}],"collection":[{"href":"https:\/\/veganova.eu\/pl\/wp-json\/wp\/v2\/product"}],"about":[{"href":"https:\/\/veganova.eu\/pl\/wp-json\/wp\/v2\/types\/product"}],"replies":[{"embeddable":true,"href":"https:\/\/veganova.eu\/pl\/wp-json\/wp\/v2\/comments?post=5318"}],"version-history":[{"count":1,"href":"https:\/\/veganova.eu\/pl\/wp-json\/wp\/v2\/product\/5318\/revisions"}],"predecessor-version":[{"id":58416,"href":"https:\/\/veganova.eu\/pl\/wp-json\/wp\/v2\/product\/5318\/revisions\/58416"}],"wp:featuredmedia":[{"embeddable":true,"href":"https:\/\/veganova.eu\/pl\/wp-json\/wp\/v2\/media\/52929"}],"wp:attachment":[{"href":"https:\/\/veganova.eu\/pl\/wp-json\/wp\/v2\/media?parent=5318"}],"wp:term":[{"taxonomy":"pwb-brand","embeddable":true,"href":"https:\/\/veganova.eu\/pl\/wp-json\/wp\/v2\/pwb-brand?post=5318"},{"taxonomy":"product_brand","embeddable":true,"href":"https:\/\/veganova.eu\/pl\/wp-json\/wp\/v2\/product_brand?post=5318"},{"taxonomy":"product_cat","embeddable":true,"href":"https:\/\/veganova.eu\/pl\/wp-json\/wp\/v2\/product_cat?post=5318"},{"taxonomy":"product_tag","embeddable":true,"href":"https:\/\/veganova.eu\/pl\/wp-json\/wp\/v2\/product_tag?post=5318"}],"curies":[{"name":"wp","href":"https:\/\/api.w.org\/{rel}","templated":true}]}}