{"id":5326,"date":"2023-10-01T17:10:26","date_gmt":"2023-10-01T15:10:26","guid":{"rendered":"https:\/\/veganova.eu\/?post_type=product&#038;p=5326"},"modified":"2026-04-21T07:24:48","modified_gmt":"2026-04-21T05:24:48","slug":"swanson-veggies4life-300-tab","status":"publish","type":"product","link":"https:\/\/veganova.eu\/pl\/shop\/swanson-veggies4life-300-tab\/","title":{"rendered":"Swanson Veggies4Life (300 tab.)"},"content":{"rendered":"<h3>Swanson Veggies4Life (300 tab.)<\/h3>\n<p>Co znalaz\u0142o si\u0119 dzi\u015b na Twoim talerzu? Prawdopodobnie nie warzywa. Potrzebujemy ich, ale cz\u0119sto ich nie jemy. Podaruj sobie zielone dobro z Veggies4Life od Swanson GreenFoods Formulas! Bogate w przeciwutleniacze, witaminy, minera\u0142y i b\u0142onnik z lucerny, broku\u0142\u00f3w i nie tylko, zwi\u0119kszenie dziennego spo\u017cycia warzyw nigdy nie by\u0142o \u0142atwiejsze.<\/p>","protected":false},"excerpt":{"rendered":"<p>Wegetaria\u0144ski suplement diety Swanson Veggies4Life zawiera ekstrakty z lucerny, burak\u00f3w, broku\u0142\u00f3w, marchwi, szpinaku, pomidor\u00f3w, pietruszki, kapusty, selera, jarmu\u017cu, zielonego j\u0119czmienia, oregano, dezodoryzowanego czosnku i wodorost\u00f3w. Spos\u00f3b u\u017cycia: 2 tabletki dziennie. Opakowanie zawiera: 300 lekkostrawnych tabletek wegetaria\u0144skich.<\/p>","protected":false},"featured_media":52916,"comment_status":"closed","ping_status":"closed","template":"","meta":{"advanced_seo_description":"","jetpack_seo_html_title":"","jetpack_seo_noindex":false},"pwb-brand":[450],"product_brand":[4753],"product_cat":[149],"product_tag":[1037,1067,1116,1117],"class_list":{"0":"post-5326","1":"product","2":"type-product","3":"status-publish","4":"has-post-thumbnail","6":"pwb-brand-swanson","7":"product_brand-swanson","8":"product_cat-superfoods","9":"product_tag-detox","10":"product_tag-digestion","11":"product_tag-healthy-gut","12":"product_tag-immunity","13":"brand_woo-swanson","15":"first","16":"instock","17":"taxable","18":"shipping-taxable","19":"purchasable","20":"product-type-simple"},"jetpack_sharing_enabled":true,"brands":[{"id":450,"name":"Swanson","slug":"swanson"}],"_links":{"self":[{"href":"https:\/\/veganova.eu\/pl\/wp-json\/wp\/v2\/product\/5326","targetHints":{"allow":["GET"]}}],"collection":[{"href":"https:\/\/veganova.eu\/pl\/wp-json\/wp\/v2\/product"}],"about":[{"href":"https:\/\/veganova.eu\/pl\/wp-json\/wp\/v2\/types\/product"}],"replies":[{"embeddable":true,"href":"https:\/\/veganova.eu\/pl\/wp-json\/wp\/v2\/comments?post=5326"}],"version-history":[{"count":1,"href":"https:\/\/veganova.eu\/pl\/wp-json\/wp\/v2\/product\/5326\/revisions"}],"predecessor-version":[{"id":58423,"href":"https:\/\/veganova.eu\/pl\/wp-json\/wp\/v2\/product\/5326\/revisions\/58423"}],"wp:featuredmedia":[{"embeddable":true,"href":"https:\/\/veganova.eu\/pl\/wp-json\/wp\/v2\/media\/52916"}],"wp:attachment":[{"href":"https:\/\/veganova.eu\/pl\/wp-json\/wp\/v2\/media?parent=5326"}],"wp:term":[{"taxonomy":"pwb-brand","embeddable":true,"href":"https:\/\/veganova.eu\/pl\/wp-json\/wp\/v2\/pwb-brand?post=5326"},{"taxonomy":"product_brand","embeddable":true,"href":"https:\/\/veganova.eu\/pl\/wp-json\/wp\/v2\/product_brand?post=5326"},{"taxonomy":"product_cat","embeddable":true,"href":"https:\/\/veganova.eu\/pl\/wp-json\/wp\/v2\/product_cat?post=5326"},{"taxonomy":"product_tag","embeddable":true,"href":"https:\/\/veganova.eu\/pl\/wp-json\/wp\/v2\/product_tag?post=5326"}],"curies":[{"name":"wp","href":"https:\/\/api.w.org\/{rel}","templated":true}]}}