{"id":54375,"date":"2025-05-17T15:59:31","date_gmt":"2025-05-17T13:59:31","guid":{"rendered":"https:\/\/veganova.eu\/?post_type=product&#038;p=54375"},"modified":"2026-04-21T07:26:18","modified_gmt":"2026-04-21T05:26:18","slug":"applied-nutrition-carb-x-fruit-burst-1200g","status":"publish","type":"product","link":"https:\/\/veganova.eu\/pl\/shop\/applied-nutrition-carb-x-fruit-burst-1200g\/","title":{"rendered":"Applied Nutrition Carb X, Fruit Burst &#8211; 1200g"},"content":{"rendered":"<h3>Applied Nutrition Carb X, Fruit Burst &#8211; 1200g<\/h3>\n<p>W\u0119glowodany Carb-X Highly Branched Cyclic Dextrin (Cluster Dextrin) s\u0105 wysoce rozpuszczalne i zapewniaj\u0105 szybkie \u017ar\u00f3d\u0142o energii. Carb-X mo\u017ce by\u0107 stosowany wraz z formu\u0142ami BCAA i EAA firmy Applied Nutrition. Innym doskona\u0142ym produktem do stosowania w po\u0142\u0105czeniu z Carb-X jest i-Drive firmy Applied Nutrition.<br \/>\nCarb-X jest idealny przed, w trakcie i po \u0107wiczeniach.<\/p>\n<p>KLUCZOWE KORZY\u015aCI<br \/>\n- Paliwo do treningu<br \/>\n- Wspomaga regeneracj\u0119 po treningu<br \/>\n- Wysoce rozpuszczalne w\u0119glowodany<br \/>\n&#8211; Suitable for Vegan &amp; Vegetarians<br \/>\n- Testowane dla sportowc\u00f3w<br \/>\n- Produkt z certyfikatem Halal<\/p>","protected":false},"excerpt":{"rendered":"<p>Applied Nutrition Carb X, Fruit Burst &#8211; 1200g. Carb-X Highly Branched Cyclic Dextrin carbs (Cluster Dextrin) are highly soluble and provide a quick source of energy. Carb-X can be used alongside Applied Nutrition&#8217;s BCAA and EAA formulas.<\/p>","protected":false},"featured_media":55565,"comment_status":"closed","ping_status":"closed","template":"","meta":{"advanced_seo_description":"","jetpack_seo_html_title":"","jetpack_seo_noindex":false},"pwb-brand":[202],"product_brand":[4592],"product_cat":[203,132],"product_tag":[],"class_list":{"0":"post-54375","1":"product","2":"type-product","3":"status-publish","4":"has-post-thumbnail","6":"pwb-brand-applied-nutrition","7":"product_brand-applied-nutrition","8":"product_cat-pre-workout","9":"product_cat-sports-nutrition","10":"brand_woo-applied-nutrition","12":"first","13":"instock","14":"taxable","15":"shipping-taxable","16":"purchasable","17":"product-type-simple"},"jetpack_sharing_enabled":true,"brands":[{"id":202,"name":"Od\u017cywianie stosowane","slug":"applied-nutrition"}],"_links":{"self":[{"href":"https:\/\/veganova.eu\/pl\/wp-json\/wp\/v2\/product\/54375","targetHints":{"allow":["GET"]}}],"collection":[{"href":"https:\/\/veganova.eu\/pl\/wp-json\/wp\/v2\/product"}],"about":[{"href":"https:\/\/veganova.eu\/pl\/wp-json\/wp\/v2\/types\/product"}],"replies":[{"embeddable":true,"href":"https:\/\/veganova.eu\/pl\/wp-json\/wp\/v2\/comments?post=54375"}],"version-history":[{"count":4,"href":"https:\/\/veganova.eu\/pl\/wp-json\/wp\/v2\/product\/54375\/revisions"}],"predecessor-version":[{"id":59463,"href":"https:\/\/veganova.eu\/pl\/wp-json\/wp\/v2\/product\/54375\/revisions\/59463"}],"wp:featuredmedia":[{"embeddable":true,"href":"https:\/\/veganova.eu\/pl\/wp-json\/wp\/v2\/media\/55565"}],"wp:attachment":[{"href":"https:\/\/veganova.eu\/pl\/wp-json\/wp\/v2\/media?parent=54375"}],"wp:term":[{"taxonomy":"pwb-brand","embeddable":true,"href":"https:\/\/veganova.eu\/pl\/wp-json\/wp\/v2\/pwb-brand?post=54375"},{"taxonomy":"product_brand","embeddable":true,"href":"https:\/\/veganova.eu\/pl\/wp-json\/wp\/v2\/product_brand?post=54375"},{"taxonomy":"product_cat","embeddable":true,"href":"https:\/\/veganova.eu\/pl\/wp-json\/wp\/v2\/product_cat?post=54375"},{"taxonomy":"product_tag","embeddable":true,"href":"https:\/\/veganova.eu\/pl\/wp-json\/wp\/v2\/product_tag?post=54375"}],"curies":[{"name":"wp","href":"https:\/\/api.w.org\/{rel}","templated":true}]}}