{"id":5475,"date":"2023-10-01T17:11:29","date_gmt":"2023-10-01T15:11:29","guid":{"rendered":"https:\/\/veganova.eu\/?post_type=product&#038;p=5475"},"modified":"2026-04-21T07:24:55","modified_gmt":"2026-04-21T05:24:55","slug":"enzymedica-candidase-42-caps","status":"publish","type":"product","link":"https:\/\/veganova.eu\/pl\/shop\/enzymedica-candidase-42-caps\/","title":{"rendered":"Enzymedica Candidase - 42 kaps"},"content":{"rendered":"<h3>Enzymedica Candidase - 42 kaps<\/h3>\n<p>Styl \u017cycia i czynniki \u015brodowiskowe mog\u0105 mie\u0107 du\u017cy wp\u0142yw na zdolno\u015b\u0107 organizmu do utrzymania idealnego poziomu flory jelitowej. Utrzymanie zdrowej flory jelitowej ma kluczowe znaczenie dla og\u00f3lnego stanu zdrowia, poniewa\u017c odnawia energi\u0119 organizmu i utrzymuje optymalne funkcjonowanie uk\u0142adu odporno\u015bciowego i trawiennego.<\/p>\n<p>Gdy flora jelitowa jest zr\u00f3wnowa\u017cona, poziom dro\u017cd\u017cy jest utrzymywany w ryzach i mo\u017cna unikn\u0105\u0107 sporadycznych dolegliwo\u015bci, takich jak problemy z trawieniem, apetyt na cukier, dra\u017cliwo\u015b\u0107, zm\u0119czenie i s\u0142aba pami\u0119\u0107.<\/p>\n<p>Candidase zawiera dwie mieszanki enzym\u00f3w, kt\u00f3re wspieraj\u0105 naturaln\u0105 zdolno\u015b\u0107 organizmu do utrzymania zdrowej r\u00f3wnowagi flory jelitowej. Celulaza rozk\u0142ada \u015bcian\u0119 kom\u00f3rkow\u0105 dro\u017cd\u017cy, podczas gdy proteaza trawi wewn\u0119trzne bia\u0142ka. Ta kombinacja zapewnia delikatny, oczyszczaj\u0105cy efekt bez ostrego dyskomfortu typowego dla oczyszczania.<\/p>\n<p>Candidase zawiera enzymy Thera-blend. Thera-blend to wyj\u0105tkowy proces, kt\u00f3ry \u0142\u0105czy wiele szczep\u00f3w enzym\u00f3w, kt\u00f3re dzia\u0142aj\u0105 w okre\u015blonych poziomach pH, co skutkuje doskona\u0142\u0105 wydajno\u015bci\u0105 w organizmie.<\/p>","protected":false},"excerpt":{"rendered":"<p>Wega\u0144ski suplement diety dla zdrowej mikroflory jelitowej Enzymedica Candidase pomaga poprawi\u0107 trawienie, dra\u017cliwo\u015b\u0107, apetyt na s\u0142odycze, zm\u0119czenie i s\u0142ab\u0105 pami\u0119\u0107. Nie zawiera GMO. Opakowanie zawiera: 42 kapsu\u0142ki.<\/p>","protected":false},"featured_media":12114,"comment_status":"closed","ping_status":"closed","template":"","meta":{"advanced_seo_description":"","jetpack_seo_html_title":"","jetpack_seo_noindex":false},"pwb-brand":[467],"product_brand":[4767],"product_cat":[596],"product_tag":[1314,1462],"class_list":{"0":"post-5475","1":"product","2":"type-product","3":"status-publish","4":"has-post-thumbnail","6":"pwb-brand-enzymedica","7":"product_brand-enzymedica","8":"product_cat-digestion","9":"product_tag-candida","10":"product_tag-yeast","11":"brand_woo-enzymedica","13":"first","14":"instock","15":"taxable","16":"shipping-taxable","17":"purchasable","18":"product-type-simple"},"jetpack_sharing_enabled":true,"brands":[{"id":467,"name":"Enzymedica","slug":"enzymedica"}],"_links":{"self":[{"href":"https:\/\/veganova.eu\/pl\/wp-json\/wp\/v2\/product\/5475","targetHints":{"allow":["GET"]}}],"collection":[{"href":"https:\/\/veganova.eu\/pl\/wp-json\/wp\/v2\/product"}],"about":[{"href":"https:\/\/veganova.eu\/pl\/wp-json\/wp\/v2\/types\/product"}],"replies":[{"embeddable":true,"href":"https:\/\/veganova.eu\/pl\/wp-json\/wp\/v2\/comments?post=5475"}],"version-history":[{"count":1,"href":"https:\/\/veganova.eu\/pl\/wp-json\/wp\/v2\/product\/5475\/revisions"}],"predecessor-version":[{"id":58530,"href":"https:\/\/veganova.eu\/pl\/wp-json\/wp\/v2\/product\/5475\/revisions\/58530"}],"wp:featuredmedia":[{"embeddable":true,"href":"https:\/\/veganova.eu\/pl\/wp-json\/wp\/v2\/media\/12114"}],"wp:attachment":[{"href":"https:\/\/veganova.eu\/pl\/wp-json\/wp\/v2\/media?parent=5475"}],"wp:term":[{"taxonomy":"pwb-brand","embeddable":true,"href":"https:\/\/veganova.eu\/pl\/wp-json\/wp\/v2\/pwb-brand?post=5475"},{"taxonomy":"product_brand","embeddable":true,"href":"https:\/\/veganova.eu\/pl\/wp-json\/wp\/v2\/product_brand?post=5475"},{"taxonomy":"product_cat","embeddable":true,"href":"https:\/\/veganova.eu\/pl\/wp-json\/wp\/v2\/product_cat?post=5475"},{"taxonomy":"product_tag","embeddable":true,"href":"https:\/\/veganova.eu\/pl\/wp-json\/wp\/v2\/product_tag?post=5475"}],"curies":[{"name":"wp","href":"https:\/\/api.w.org\/{rel}","templated":true}]}}