{"id":8390,"date":"2023-10-01T17:09:50","date_gmt":"2023-10-01T15:09:50","guid":{"rendered":"https:\/\/veganova.eu\/?post_type=product&#038;p=8390"},"modified":"2026-04-21T07:25:00","modified_gmt":"2026-04-21T05:25:00","slug":"san-rawfusion-vanilla-bean-933g","status":"publish","type":"product","link":"https:\/\/veganova.eu\/pl\/shop\/san-rawfusion-vanilla-bean-933g\/","title":{"rendered":"SAN RawFusion, Vanilla Bean (933g)"},"content":{"rendered":"<h3>SAN RawFusion<\/h3>\n<ul>\n<li>Nowa generacja bia\u0142ek pochodzenia ro\u015blinnego<\/li>\n<li>Ponad rok intensywnych bada\u0144 i rozwoju technologii wyciskania na zimno zaowocowa\u0142 bezkonkurencyjn\u0105, zatwierdzon\u0105 przez SAN wega\u0144sk\u0105 formu\u0142\u0105 bia\u0142kow\u0105.<\/li>\n<li>RAWFUSION to nie tylko zweryfikowane w ramach projektu non-GMO, ca\u0142kowicie naturalne i wolne od alergen\u00f3w \u017ar\u00f3d\u0142o bia\u0142ka ro\u015blinnego, ale tak\u017ce a\u017c 21 gram\u00f3w naszego w\u0142asnego bio-fermentowanego bia\u0142ka na porcj\u0119 - co czyni go idealnym dla ka\u017cdego.<\/li>\n<li>Ekskluzywna mieszanka izolatu bia\u0142ka grochu, koncentratu bia\u0142ka kie\u0142kuj\u0105cego br\u0105zowego ry\u017cu, koncentratu bia\u0142ka karczocha i bogatego w NNKT oleju s\u0142onecznikowego RAWFUSION zapewnia t\u0119 zastrze\u017con\u0105 formu\u0142\u0119, kt\u00f3ra jest idealna dla wegan i stanowi wysokobia\u0142kowy, rozs\u0105dny wyb\u00f3r r\u00f3wnie\u017c dla os\u00f3b nieb\u0119d\u0105cych weganami.<\/li>\n<li>W rzeczywisto\u015bci, z ponad 4,5 gramami BCAA na porcj\u0119, profil aminokwasowy RAWFUSION konkuruje z bia\u0142kiem mlecznym, ale bez \u017cadnych wad bia\u0142ka mlecznego lub zwierz\u0119cego.<\/li>\n<\/ul>","protected":false},"excerpt":{"rendered":"<p>Wega\u0144ski suplement diety zawieraj\u0105cy bia\u0142ko ro\u015blinne i aminokwasy SAN RawFusion to mieszanka grochu, br\u0105zowego ry\u017cu, karczoch\u00f3w i oleju s\u0142onecznikowego. Zawiera 21 g bia\u0142ka i 4,5 g BCAA na porcj\u0119. Smak: Vanilla Bean, opakowanie zawiera: 933g. Bezglutenowy, wolny od GMO.<\/p>","protected":false},"featured_media":51538,"comment_status":"closed","ping_status":"closed","template":"","meta":{"advanced_seo_description":"","jetpack_seo_html_title":"","jetpack_seo_noindex":false},"pwb-brand":[431],"product_brand":[4740],"product_cat":[132,133],"product_tag":[1445,1378,1443],"class_list":{"0":"post-8390","1":"product","2":"type-product","3":"status-publish","4":"has-post-thumbnail","6":"pwb-brand-san","7":"product_brand-san","8":"product_cat-sports-nutrition","9":"product_cat-vegan-proteins","10":"product_tag-protein-for-men","11":"product_tag-protein-with-amino-acids","12":"product_tag-vegetable-protein","13":"brand_woo-san","15":"first","16":"instock","17":"sale","18":"taxable","19":"shipping-taxable","20":"purchasable","21":"product-type-simple"},"jetpack_sharing_enabled":true,"brands":[{"id":431,"name":"SAN","slug":"san"}],"_links":{"self":[{"href":"https:\/\/veganova.eu\/pl\/wp-json\/wp\/v2\/product\/8390","targetHints":{"allow":["GET"]}}],"collection":[{"href":"https:\/\/veganova.eu\/pl\/wp-json\/wp\/v2\/product"}],"about":[{"href":"https:\/\/veganova.eu\/pl\/wp-json\/wp\/v2\/types\/product"}],"replies":[{"embeddable":true,"href":"https:\/\/veganova.eu\/pl\/wp-json\/wp\/v2\/comments?post=8390"}],"version-history":[{"count":1,"href":"https:\/\/veganova.eu\/pl\/wp-json\/wp\/v2\/product\/8390\/revisions"}],"predecessor-version":[{"id":58593,"href":"https:\/\/veganova.eu\/pl\/wp-json\/wp\/v2\/product\/8390\/revisions\/58593"}],"wp:featuredmedia":[{"embeddable":true,"href":"https:\/\/veganova.eu\/pl\/wp-json\/wp\/v2\/media\/51538"}],"wp:attachment":[{"href":"https:\/\/veganova.eu\/pl\/wp-json\/wp\/v2\/media?parent=8390"}],"wp:term":[{"taxonomy":"pwb-brand","embeddable":true,"href":"https:\/\/veganova.eu\/pl\/wp-json\/wp\/v2\/pwb-brand?post=8390"},{"taxonomy":"product_brand","embeddable":true,"href":"https:\/\/veganova.eu\/pl\/wp-json\/wp\/v2\/product_brand?post=8390"},{"taxonomy":"product_cat","embeddable":true,"href":"https:\/\/veganova.eu\/pl\/wp-json\/wp\/v2\/product_cat?post=8390"},{"taxonomy":"product_tag","embeddable":true,"href":"https:\/\/veganova.eu\/pl\/wp-json\/wp\/v2\/product_tag?post=8390"}],"curies":[{"name":"wp","href":"https:\/\/api.w.org\/{rel}","templated":true}]}}