{"id":8720,"date":"2023-10-01T17:12:20","date_gmt":"2023-10-01T15:12:20","guid":{"rendered":"https:\/\/veganova.eu\/?post_type=product&#038;p=8720"},"modified":"2026-04-21T07:25:04","modified_gmt":"2026-04-21T05:25:04","slug":"natural-vitality-calm-kids-gummies-sweet-citrus-60-gummies","status":"publish","type":"product","link":"https:\/\/veganova.eu\/pl\/shop\/natural-vitality-calm-kids-gummies-sweet-citrus-60-gummies\/","title":{"rendered":"Natural Vitality Calm Kids Gummies, Sweet Citrus - 60 \u017celk\u00f3w"},"content":{"rendered":"<h3>Natural Vitality Calm Kids Gummies, Sweet Citrus - 60 \u017celk\u00f3w<\/h3>\n<p>Kid-Friendly Magnesium Supplements<\/p>\n<p>Natural Vitality CALM for Kids Gummies help to promote balanced mood and healthy development. Made with magnesium, these gummies support healthy development of the brain, nervous system &amp; muscles and supports heart health. With a delicious citrus flavor, each gummy is vegan and gluten-free with a sweet taste kids will love.*<\/p>","protected":false},"excerpt":{"rendered":"<p>Vegan nutritional supplement for children Natural Vitality Calm Kids Gummies containing magnesium, is ideal for healthy sleep, good mood, proper function of muscles, brain, nervous system, healthy heart and strong bones. Nutritional supplement in the form of gelatin. Flavor: Sweet citrus (sweet citrus fruit). Package contents: 60 gelatins.<\/p>","protected":false},"featured_media":53744,"comment_status":"closed","ping_status":"closed","template":"","meta":{"advanced_seo_description":"","jetpack_seo_html_title":"","jetpack_seo_noindex":false},"pwb-brand":[422],"product_brand":[4732],"product_cat":[336],"product_tag":[1494,1178],"class_list":{"0":"post-8720","1":"product","2":"type-product","3":"status-publish","4":"has-post-thumbnail","6":"pwb-brand-natural-vitality","7":"product_brand-natural-vitality","8":"product_cat-for-kids","9":"product_tag-childrens-sleep","10":"product_tag-for-children","11":"brand_woo-natural-vitality","13":"first","14":"instock","15":"taxable","16":"shipping-taxable","17":"purchasable","18":"product-type-simple"},"jetpack_sharing_enabled":true,"brands":[{"id":422,"name":"Naturalna witalno\u015b\u0107","slug":"natural-vitality"}],"_links":{"self":[{"href":"https:\/\/veganova.eu\/pl\/wp-json\/wp\/v2\/product\/8720","targetHints":{"allow":["GET"]}}],"collection":[{"href":"https:\/\/veganova.eu\/pl\/wp-json\/wp\/v2\/product"}],"about":[{"href":"https:\/\/veganova.eu\/pl\/wp-json\/wp\/v2\/types\/product"}],"replies":[{"embeddable":true,"href":"https:\/\/veganova.eu\/pl\/wp-json\/wp\/v2\/comments?post=8720"}],"version-history":[{"count":1,"href":"https:\/\/veganova.eu\/pl\/wp-json\/wp\/v2\/product\/8720\/revisions"}],"predecessor-version":[{"id":58636,"href":"https:\/\/veganova.eu\/pl\/wp-json\/wp\/v2\/product\/8720\/revisions\/58636"}],"wp:featuredmedia":[{"embeddable":true,"href":"https:\/\/veganova.eu\/pl\/wp-json\/wp\/v2\/media\/53744"}],"wp:attachment":[{"href":"https:\/\/veganova.eu\/pl\/wp-json\/wp\/v2\/media?parent=8720"}],"wp:term":[{"taxonomy":"pwb-brand","embeddable":true,"href":"https:\/\/veganova.eu\/pl\/wp-json\/wp\/v2\/pwb-brand?post=8720"},{"taxonomy":"product_brand","embeddable":true,"href":"https:\/\/veganova.eu\/pl\/wp-json\/wp\/v2\/product_brand?post=8720"},{"taxonomy":"product_cat","embeddable":true,"href":"https:\/\/veganova.eu\/pl\/wp-json\/wp\/v2\/product_cat?post=8720"},{"taxonomy":"product_tag","embeddable":true,"href":"https:\/\/veganova.eu\/pl\/wp-json\/wp\/v2\/product_tag?post=8720"}],"curies":[{"name":"wp","href":"https:\/\/api.w.org\/{rel}","templated":true}]}}