{"id":8734,"date":"2023-10-01T17:12:25","date_gmt":"2023-10-01T15:12:25","guid":{"rendered":"https:\/\/veganova.eu\/?post_type=product&#038;p=8734"},"modified":"2026-04-21T07:25:04","modified_gmt":"2026-04-21T05:25:04","slug":"kiki-health-cognitive-60-vcaps","status":"publish","type":"product","link":"https:\/\/veganova.eu\/pl\/shop\/kiki-health-cognitive-60-vcaps\/","title":{"rendered":"KIKI Health Cognitive - 60 kapsu\u0142ek"},"content":{"rendered":"<h3>KIKI Health Cognitive - 60 kapsu\u0142ek<\/h3>\n<p>Nasz zesp\u00f3\u0142 ekspert\u00f3w opracowa\u0142 now\u0105 mieszank\u0119 silnych sk\u0142adnik\u00f3w, kt\u00f3re przyczyniaj\u0105 si\u0119 do wspierania m\u00f3zgu, pami\u0119ci, stresu i sprawno\u015bci umys\u0142owej.<\/p>\n<p>Ka\u017cdy sk\u0142adnik zosta\u0142 pozyskany w spos\u00f3b zr\u00f3wnowa\u017cony od wysokiej jako\u015bci dostawc\u00f3w, aby zapewni\u0107 czysto\u015b\u0107 i skuteczno\u015b\u0107.<\/p>\n<p>Ta nowa formu\u0142a \u0142\u0105czy nootropy i adaptogeny, kt\u00f3re wspieraj\u0105 rozw\u00f3j poznawczy.<\/p>\n<p>Opr\u00f3cz jodu z wodorost\u00f3w morskich, kt\u00f3ry wspomaga funkcje poznawcze i neurologiczne oraz ma kluczowe znaczenie dla sprawno\u015bci umys\u0142owej i aktywno\u015bci, nasze kapsu\u0142ki Cognitive zawieraj\u0105 r\u00f3wnie\u017c wysokiej jako\u015bci ekstrakty z Brahmi, Lion's Mane, choliny, Gotu Kola i mi\u0142orz\u0119bu japo\u0144skiego.<\/p>\n<p>Sk\u0142adniki te razem wspieraj\u0105 funkcjonowanie m\u00f3zgu i umys\u0142u.<\/p>","protected":false},"excerpt":{"rendered":"<p>Wega\u0144ski suplement diety KIKI Health Cognitive zawieraj\u0105cy ekstrakt z Brahmi, Lion's Mane, Gotu Kola, cholin\u0119 i Ginkgo, dla zdrowego funkcjonowania m\u00f3zgu, poprawy pami\u0119ci i przezwyci\u0119\u017cenia wi\u0119kszego stresu psychicznego. Zawarto\u015b\u0107 opakowania: 60 wega\u0144skich kapsu\u0142ek.<\/p>","protected":false},"featured_media":52780,"comment_status":"closed","ping_status":"closed","template":"","meta":{"advanced_seo_description":"","jetpack_seo_html_title":"","jetpack_seo_noindex":false},"pwb-brand":[166],"product_brand":[4573],"product_cat":[294,143],"product_tag":[1221,1223,1078],"class_list":{"0":"post-8734","1":"product","2":"type-product","3":"status-publish","4":"has-post-thumbnail","6":"pwb-brand-kiki-health","7":"product_brand-kiki-health","8":"product_cat-for-seniors","9":"product_cat-health-issues","10":"product_tag-brain","11":"product_tag-memory","12":"product_tag-psyche","13":"brand_woo-kiki-health","15":"first","16":"instock","17":"taxable","18":"shipping-taxable","19":"purchasable","20":"product-type-simple"},"jetpack_sharing_enabled":true,"brands":[{"id":166,"name":"KIKI Health","slug":"kiki-health"}],"_links":{"self":[{"href":"https:\/\/veganova.eu\/pl\/wp-json\/wp\/v2\/product\/8734","targetHints":{"allow":["GET"]}}],"collection":[{"href":"https:\/\/veganova.eu\/pl\/wp-json\/wp\/v2\/product"}],"about":[{"href":"https:\/\/veganova.eu\/pl\/wp-json\/wp\/v2\/types\/product"}],"replies":[{"embeddable":true,"href":"https:\/\/veganova.eu\/pl\/wp-json\/wp\/v2\/comments?post=8734"}],"version-history":[{"count":1,"href":"https:\/\/veganova.eu\/pl\/wp-json\/wp\/v2\/product\/8734\/revisions"}],"predecessor-version":[{"id":58642,"href":"https:\/\/veganova.eu\/pl\/wp-json\/wp\/v2\/product\/8734\/revisions\/58642"}],"wp:featuredmedia":[{"embeddable":true,"href":"https:\/\/veganova.eu\/pl\/wp-json\/wp\/v2\/media\/52780"}],"wp:attachment":[{"href":"https:\/\/veganova.eu\/pl\/wp-json\/wp\/v2\/media?parent=8734"}],"wp:term":[{"taxonomy":"pwb-brand","embeddable":true,"href":"https:\/\/veganova.eu\/pl\/wp-json\/wp\/v2\/pwb-brand?post=8734"},{"taxonomy":"product_brand","embeddable":true,"href":"https:\/\/veganova.eu\/pl\/wp-json\/wp\/v2\/product_brand?post=8734"},{"taxonomy":"product_cat","embeddable":true,"href":"https:\/\/veganova.eu\/pl\/wp-json\/wp\/v2\/product_cat?post=8734"},{"taxonomy":"product_tag","embeddable":true,"href":"https:\/\/veganova.eu\/pl\/wp-json\/wp\/v2\/product_tag?post=8734"}],"curies":[{"name":"wp","href":"https:\/\/api.w.org\/{rel}","templated":true}]}}