{"id":9150,"date":"2023-10-01T17:14:14","date_gmt":"2023-10-01T15:14:14","guid":{"rendered":"https:\/\/veganova.eu\/?post_type=product&#038;p=9150"},"modified":"2026-04-21T07:25:19","modified_gmt":"2026-04-21T05:25:19","slug":"swanson-pure-brainpower-60-vcaps","status":"publish","type":"product","link":"https:\/\/veganova.eu\/pl\/shop\/swanson-pure-brainpower-60-vcaps\/","title":{"rendered":"Swanson Pure Brainpower - 60 kapsu\u0142ek"},"content":{"rendered":"<h3>Swanson Pure Brainpower - 60 kapsu\u0142ek<\/h3>\n<ul>\n<li>Klinicznie przebadane zio\u0142a o udowodnionym dzia\u0142aniu wspomagaj\u0105cym pami\u0119\u0107 i og\u00f3lne zdrowie m\u00f3zgu<\/li>\n<li>Zawiera Ginkgo biloba, BaCognize Bacopa monnieri i ekstrakt z owoc\u00f3w kawy NeuroFactor<\/li>\n<li>Adaptogenna formu\u0142a zapewnia naukowo przebadane dawki wspomagaj\u0105ce funkcje poznawcze i koncentracj\u0119.<\/li>\n<\/ul>\n<p>Kiedy my\u015blimy o zdrowym starzeniu si\u0119, \u0142atwo jest skupi\u0107 si\u0119 g\u0142\u00f3wnie na zdrowiu fizycznym - takich rzeczach jak mobilno\u015b\u0107, elastyczno\u015b\u0107 i wytrzyma\u0142o\u015b\u0107. Mamy tendencj\u0119 do pomijania innych kluczowych element\u00f3w zdrowego starzenia si\u0119 - naszego zdrowia psychicznego, emocjonalnego i psychologicznego. Kr\u00f3tko m\u00f3wi\u0105c, zapominamy my\u015ble\u0107 o zdrowiu m\u00f3zgu. Funkcje poznawcze i wydajno\u015b\u0107 mog\u0105 spada\u0107 wraz z wiekiem, zw\u0142aszcza \u017ce badania wykaza\u0142y, \u017ce zdrowa produkcja neurotroficznego czynnika pochodzenia m\u00f3zgowego (BDNF) - zwi\u0105zanego ze zdrowymi funkcjami poznawczymi - mo\u017ce spada\u0107 wraz z wiekiem.<\/p>\n<p>Swanson Pure Science Herbals oferuje Pure Brainpower, aby u\u0142atwi\u0107 od\u017cywianie m\u00f3zgu za pomoc\u0105 klinicznie przebadanych sk\u0142adnik\u00f3w, kt\u00f3re wspieraj\u0105 wa\u017cne neuroprzeka\u017aniki, kt\u00f3re wspomagaj\u0105 funkcje poznawcze, koncentracj\u0119 i zapami\u0119tywanie. Pure Brainpower to mieszanka tradycyjnych zi\u00f3\u0142 adaptogennych i najnowocze\u015bniejszych ekstrakt\u00f3w zio\u0142owych w naukowo przebadanych dawkach, kt\u00f3re, jak wykazano, wspieraj\u0105 og\u00f3lne skupienie umys\u0142u, funkcje poznawcze, a tak\u017ce zdrowy przep\u0142yw krwi do m\u00f3zgu. Swanson Pure Science Herbals oferuje r\u00f3wnie\u017c t\u0119 czyst\u0105, pot\u0119\u017cn\u0105 formu\u0142\u0119 dla zdrowia m\u00f3zgu za u\u0142amek ceny w por\u00f3wnaniu do wiod\u0105cego krajowego brands.<\/p>","protected":false},"excerpt":{"rendered":"<p>Wega\u0144ski suplement diety dla zdrowego m\u00f3zgu i wsparcia pami\u0119ci Swanson Pure Brainpower zawieraj\u0105cy Ginkgo Biloba, Bacognize Bacopa monnieri i ekstrakt z jag\u00f3d kawy. Certyfikat wega\u0144ski. Zawarto\u015b\u0107: 60 wega\u0144skich kapsu\u0142ek.<\/p>","protected":false},"featured_media":53897,"comment_status":"closed","ping_status":"closed","template":"","meta":{"advanced_seo_description":"","jetpack_seo_html_title":"","jetpack_seo_noindex":false},"pwb-brand":[450],"product_brand":[4753],"product_cat":[2599,294,143],"product_tag":[1221,855,1223],"class_list":{"0":"post-9150","1":"product","2":"type-product","3":"status-publish","4":"has-post-thumbnail","6":"pwb-brand-swanson","7":"product_brand-swanson","8":"product_cat-brain-and-memory","9":"product_cat-for-seniors","10":"product_cat-health-issues","11":"product_tag-brain","12":"product_tag-for-seniors","13":"product_tag-memory","14":"brand_woo-swanson","16":"first","17":"outofstock","18":"taxable","19":"shipping-taxable","20":"purchasable","21":"product-type-simple"},"jetpack_sharing_enabled":true,"brands":[{"id":450,"name":"Swanson","slug":"swanson"}],"_links":{"self":[{"href":"https:\/\/veganova.eu\/pl\/wp-json\/wp\/v2\/product\/9150","targetHints":{"allow":["GET"]}}],"collection":[{"href":"https:\/\/veganova.eu\/pl\/wp-json\/wp\/v2\/product"}],"about":[{"href":"https:\/\/veganova.eu\/pl\/wp-json\/wp\/v2\/types\/product"}],"replies":[{"embeddable":true,"href":"https:\/\/veganova.eu\/pl\/wp-json\/wp\/v2\/comments?post=9150"}],"version-history":[{"count":1,"href":"https:\/\/veganova.eu\/pl\/wp-json\/wp\/v2\/product\/9150\/revisions"}],"predecessor-version":[{"id":58834,"href":"https:\/\/veganova.eu\/pl\/wp-json\/wp\/v2\/product\/9150\/revisions\/58834"}],"wp:featuredmedia":[{"embeddable":true,"href":"https:\/\/veganova.eu\/pl\/wp-json\/wp\/v2\/media\/53897"}],"wp:attachment":[{"href":"https:\/\/veganova.eu\/pl\/wp-json\/wp\/v2\/media?parent=9150"}],"wp:term":[{"taxonomy":"pwb-brand","embeddable":true,"href":"https:\/\/veganova.eu\/pl\/wp-json\/wp\/v2\/pwb-brand?post=9150"},{"taxonomy":"product_brand","embeddable":true,"href":"https:\/\/veganova.eu\/pl\/wp-json\/wp\/v2\/product_brand?post=9150"},{"taxonomy":"product_cat","embeddable":true,"href":"https:\/\/veganova.eu\/pl\/wp-json\/wp\/v2\/product_cat?post=9150"},{"taxonomy":"product_tag","embeddable":true,"href":"https:\/\/veganova.eu\/pl\/wp-json\/wp\/v2\/product_tag?post=9150"}],"curies":[{"name":"wp","href":"https:\/\/api.w.org\/{rel}","templated":true}]}}