{"id":14659,"date":"2023-11-13T19:30:02","date_gmt":"2023-11-13T18:30:02","guid":{"rendered":"https:\/\/veganova.eu\/?post_type=product&#038;p=14659"},"modified":"2026-04-21T07:25:27","modified_gmt":"2026-04-21T05:25:27","slug":"himalaya-energizing-day-cream-50g","status":"publish","type":"product","link":"https:\/\/veganova.eu\/ro\/shop\/himalaya-energizing-day-cream-50g\/","title":{"rendered":"Crem\u0103 de zi energizant\u0103 Himalaya - 50g"},"content":{"rendered":"<h3>Crem\u0103 de zi energizant\u0103 Himalaya - 50g<\/h3>\n<p>Himalaya Energizing Day Cream gives the skin a perfect start to the morning. This non-greasy, silky cream is specially formulated for quick absorption into your skin and provides essential actions that skin need to face the day.<\/p>\n<p>Hydrates and energizes skin<br \/>\nProvides UV protection thanks to Spiked Ginger and Greater Galangal (SPF30)<br \/>\nPerfect make-up base<br \/>\nHelps to improve dry lusterless skin<br \/>\nClinically proven for effectiveness<br \/>\nDermatologically tested<\/p>","protected":false},"excerpt":{"rendered":"<p>Himalaya Energizing Day Cream is perfect for dry skin, provides natural UV protection and is perfect start for the day. Perfect make-up base. Content: 50g.<\/p>","protected":false},"featured_media":52438,"comment_status":"closed","ping_status":"closed","template":"","meta":{"advanced_seo_description":"","jetpack_seo_html_title":"","jetpack_seo_noindex":false},"pwb-brand":[690],"product_brand":[4859],"product_cat":[684,689],"product_tag":[],"class_list":{"0":"post-14659","1":"product","2":"type-product","3":"status-publish","4":"has-post-thumbnail","6":"pwb-brand-himalaya","7":"product_brand-himalaya","8":"product_cat-clean-beauty","9":"product_cat-natural-cosmetics","10":"brand_woo-himalaya","12":"first","13":"instock","14":"sale","15":"taxable","16":"shipping-taxable","17":"purchasable","18":"product-type-simple"},"jetpack_sharing_enabled":true,"brands":[{"id":690,"name":"Himalaya","slug":"himalaya"}],"_links":{"self":[{"href":"https:\/\/veganova.eu\/ro\/wp-json\/wp\/v2\/product\/14659","targetHints":{"allow":["GET"]}}],"collection":[{"href":"https:\/\/veganova.eu\/ro\/wp-json\/wp\/v2\/product"}],"about":[{"href":"https:\/\/veganova.eu\/ro\/wp-json\/wp\/v2\/types\/product"}],"replies":[{"embeddable":true,"href":"https:\/\/veganova.eu\/ro\/wp-json\/wp\/v2\/comments?post=14659"}],"version-history":[{"count":1,"href":"https:\/\/veganova.eu\/ro\/wp-json\/wp\/v2\/product\/14659\/revisions"}],"predecessor-version":[{"id":58915,"href":"https:\/\/veganova.eu\/ro\/wp-json\/wp\/v2\/product\/14659\/revisions\/58915"}],"wp:featuredmedia":[{"embeddable":true,"href":"https:\/\/veganova.eu\/ro\/wp-json\/wp\/v2\/media\/52438"}],"wp:attachment":[{"href":"https:\/\/veganova.eu\/ro\/wp-json\/wp\/v2\/media?parent=14659"}],"wp:term":[{"taxonomy":"pwb-brand","embeddable":true,"href":"https:\/\/veganova.eu\/ro\/wp-json\/wp\/v2\/pwb-brand?post=14659"},{"taxonomy":"product_brand","embeddable":true,"href":"https:\/\/veganova.eu\/ro\/wp-json\/wp\/v2\/product_brand?post=14659"},{"taxonomy":"product_cat","embeddable":true,"href":"https:\/\/veganova.eu\/ro\/wp-json\/wp\/v2\/product_cat?post=14659"},{"taxonomy":"product_tag","embeddable":true,"href":"https:\/\/veganova.eu\/ro\/wp-json\/wp\/v2\/product_tag?post=14659"}],"curies":[{"name":"wp","href":"https:\/\/api.w.org\/{rel}","templated":true}]}}