{"id":14665,"date":"2023-11-13T19:30:04","date_gmt":"2023-11-13T18:30:04","guid":{"rendered":"https:\/\/veganova.eu\/?post_type=product&#038;p=14665"},"modified":"2026-04-21T07:25:28","modified_gmt":"2026-04-21T05:25:28","slug":"allnutrition-flex-all-complete-cherry-400g","status":"publish","type":"product","link":"https:\/\/veganova.eu\/ro\/shop\/allnutrition-flex-all-complete-cherry-400g\/","title":{"rendered":"Allnutrition Flex All Complete, Cire\u0219e - 400g"},"content":{"rendered":"<h3>Allnutrition Flex All Complete, Cire\u0219e - 400g<\/h3>\n<p>Cartilajul articular se nume\u0219te \u021besut cartilaginos \u0219i previne abraziunea oaselor care sunt \u00een contact \u00eentre ele. La o v\u00e2rst\u0103 \u00eenaintat\u0103, cartilajul articular nu are capacitatea de a se regenera, ceea ce duce la posibilitatea pierderii sale.<\/p>\n<p>Datorit\u0103 FLEX ALL COMPLETE pute\u021bi accelera regenerarea \u0219i sprijini reconstruc\u021bia structurii cartilajului deteriorat, ceea ce stimuleaz\u0103 produc\u021bia de colagen \u0219i red\u0103 elasticitatea articula\u021biilor. Ingredientele u\u0219or digerabile, disponibile sub form\u0103 de pulbere, sunt cele mai eficiente \u00een acest proces de regenerare.<\/p>\n<p>FLEX ALL COMPLETE este un produs bazat \u00een principal pe colagen. Colagenul este o protein\u0103 care ajut\u0103 la men\u021binerea oaselor s\u0103n\u0103toase. \u00cen plus, are o serie de ingrediente de sprijin. Acestea includ vitamina C, care ajut\u0103 la producerea corect\u0103 de colagen pentru a asigura buna func\u021bionare a cartilajelor \u0219i a pielii.<\/p>","protected":false},"excerpt":{"rendered":"<p>Beauty and health supplement Allnutrition Flex All Complete Content hydrolysed beef collagen, L-Proline, Glucosamine, MSM, Vitamin C, Magnesium and B6. Flavor: Cherry. Content: 400g.<\/p>","protected":false},"featured_media":53753,"comment_status":"closed","ping_status":"closed","template":"","meta":{"advanced_seo_description":"","jetpack_seo_html_title":"","jetpack_seo_noindex":false},"pwb-brand":[475],"product_brand":[4774],"product_cat":[688,684],"product_tag":[],"class_list":{"0":"post-14665","1":"product","2":"type-product","3":"status-publish","4":"has-post-thumbnail","6":"pwb-brand-allnutrition","7":"product_brand-allnutrition","8":"product_cat-beauty-supplements","9":"product_cat-clean-beauty","10":"brand_woo-allnutrition","12":"first","13":"outofstock","14":"taxable","15":"shipping-taxable","16":"purchasable","17":"product-type-simple"},"jetpack_sharing_enabled":true,"brands":[{"id":475,"name":"Toat\u0103 nutri\u021bia","slug":"allnutrition"}],"_links":{"self":[{"href":"https:\/\/veganova.eu\/ro\/wp-json\/wp\/v2\/product\/14665","targetHints":{"allow":["GET"]}}],"collection":[{"href":"https:\/\/veganova.eu\/ro\/wp-json\/wp\/v2\/product"}],"about":[{"href":"https:\/\/veganova.eu\/ro\/wp-json\/wp\/v2\/types\/product"}],"replies":[{"embeddable":true,"href":"https:\/\/veganova.eu\/ro\/wp-json\/wp\/v2\/comments?post=14665"}],"version-history":[{"count":1,"href":"https:\/\/veganova.eu\/ro\/wp-json\/wp\/v2\/product\/14665\/revisions"}],"predecessor-version":[{"id":58918,"href":"https:\/\/veganova.eu\/ro\/wp-json\/wp\/v2\/product\/14665\/revisions\/58918"}],"wp:featuredmedia":[{"embeddable":true,"href":"https:\/\/veganova.eu\/ro\/wp-json\/wp\/v2\/media\/53753"}],"wp:attachment":[{"href":"https:\/\/veganova.eu\/ro\/wp-json\/wp\/v2\/media?parent=14665"}],"wp:term":[{"taxonomy":"pwb-brand","embeddable":true,"href":"https:\/\/veganova.eu\/ro\/wp-json\/wp\/v2\/pwb-brand?post=14665"},{"taxonomy":"product_brand","embeddable":true,"href":"https:\/\/veganova.eu\/ro\/wp-json\/wp\/v2\/product_brand?post=14665"},{"taxonomy":"product_cat","embeddable":true,"href":"https:\/\/veganova.eu\/ro\/wp-json\/wp\/v2\/product_cat?post=14665"},{"taxonomy":"product_tag","embeddable":true,"href":"https:\/\/veganova.eu\/ro\/wp-json\/wp\/v2\/product_tag?post=14665"}],"curies":[{"name":"wp","href":"https:\/\/api.w.org\/{rel}","templated":true}]}}