{"id":14711,"date":"2023-11-13T19:30:30","date_gmt":"2023-11-13T18:30:30","guid":{"rendered":"https:\/\/veganova.eu\/?post_type=product&#038;p=14711"},"modified":"2026-04-21T07:25:30","modified_gmt":"2026-04-21T05:25:30","slug":"himalaya-kids-toothpaste-cool-mint-80g","status":"publish","type":"product","link":"https:\/\/veganova.eu\/ro\/shop\/himalaya-kids-toothpaste-cool-mint-80g\/","title":{"rendered":"Past\u0103 de din\u021bi pentru copii Himalaya, ment\u0103 rece - 80g"},"content":{"rendered":"<h3>Past\u0103 de din\u021bi pentru copii Himalaya, ment\u0103 rece - 80g<\/h3>\n<p>Himalaya Cool Mint Toothpaste for Kids combines fluoride-free cleanliness with great taste. Helps fight cavities and helps prevent tooth decay. Helps protect the teeth against acid attacks. Gentle on tooth enamel. Maintains healthy gums and supports oral hygiene. Helps reduce bad breath and gives a refreshed feeling.<\/p>\n<p>F\u0103r\u0103: fluorur\u0103, SLS, caragen, gluten \u0219i coloran\u021bi alimentari<br \/>\n100% Vegan<br \/>\nF\u0103r\u0103 arome artificiale<br \/>\nCu ingrediente organice<\/p>","protected":false},"excerpt":{"rendered":"<p>Himalaya Kids toothpaste with cool mint taste, 100% vegan, with no artificial flavors and with organic ingredients. Contain: 80g.<\/p>","protected":false},"featured_media":52387,"comment_status":"closed","ping_status":"closed","template":"","meta":{"advanced_seo_description":"","jetpack_seo_html_title":"","jetpack_seo_noindex":false},"pwb-brand":[690],"product_brand":[4859],"product_cat":[684,689],"product_tag":[],"class_list":{"0":"post-14711","1":"product","2":"type-product","3":"status-publish","4":"has-post-thumbnail","6":"pwb-brand-himalaya","7":"product_brand-himalaya","8":"product_cat-clean-beauty","9":"product_cat-natural-cosmetics","10":"brand_woo-himalaya","12":"first","13":"instock","14":"taxable","15":"shipping-taxable","16":"purchasable","17":"product-type-simple"},"jetpack_sharing_enabled":true,"brands":[{"id":690,"name":"Himalaya","slug":"himalaya"}],"_links":{"self":[{"href":"https:\/\/veganova.eu\/ro\/wp-json\/wp\/v2\/product\/14711","targetHints":{"allow":["GET"]}}],"collection":[{"href":"https:\/\/veganova.eu\/ro\/wp-json\/wp\/v2\/product"}],"about":[{"href":"https:\/\/veganova.eu\/ro\/wp-json\/wp\/v2\/types\/product"}],"replies":[{"embeddable":true,"href":"https:\/\/veganova.eu\/ro\/wp-json\/wp\/v2\/comments?post=14711"}],"version-history":[{"count":1,"href":"https:\/\/veganova.eu\/ro\/wp-json\/wp\/v2\/product\/14711\/revisions"}],"predecessor-version":[{"id":58933,"href":"https:\/\/veganova.eu\/ro\/wp-json\/wp\/v2\/product\/14711\/revisions\/58933"}],"wp:featuredmedia":[{"embeddable":true,"href":"https:\/\/veganova.eu\/ro\/wp-json\/wp\/v2\/media\/52387"}],"wp:attachment":[{"href":"https:\/\/veganova.eu\/ro\/wp-json\/wp\/v2\/media?parent=14711"}],"wp:term":[{"taxonomy":"pwb-brand","embeddable":true,"href":"https:\/\/veganova.eu\/ro\/wp-json\/wp\/v2\/pwb-brand?post=14711"},{"taxonomy":"product_brand","embeddable":true,"href":"https:\/\/veganova.eu\/ro\/wp-json\/wp\/v2\/product_brand?post=14711"},{"taxonomy":"product_cat","embeddable":true,"href":"https:\/\/veganova.eu\/ro\/wp-json\/wp\/v2\/product_cat?post=14711"},{"taxonomy":"product_tag","embeddable":true,"href":"https:\/\/veganova.eu\/ro\/wp-json\/wp\/v2\/product_tag?post=14711"}],"curies":[{"name":"wp","href":"https:\/\/api.w.org\/{rel}","templated":true}]}}