{"id":14741,"date":"2023-11-13T19:30:38","date_gmt":"2023-11-13T18:30:38","guid":{"rendered":"https:\/\/veganova.eu\/?post_type=product&#038;p=14741"},"modified":"2026-04-21T07:25:30","modified_gmt":"2026-04-21T05:25:30","slug":"neocell-marine-collagen-120-caps","status":"publish","type":"product","link":"https:\/\/veganova.eu\/ro\/shop\/neocell-marine-collagen-120-caps\/","title":{"rendered":"NeoCell Colagen marin - 120 caps"},"content":{"rendered":"<h3>NeoCell Colagen marin - 120 caps<\/h3>\n<p>Hr\u0103ne\u0219te-\u021bi fericirea \u0219i lumineaz\u0103-\u021bi frumuse\u021bea interioar\u0103 cu colagenul nostru marin. Promov\u00e2nd o piele radiant\u0103, s\u0103n\u0103toas\u0103 \u0219i puternic\u0103, acesta combin\u0103 colagenul \u0219i acidul hialuronic pentru a lucra sinergic cu un amestec vita-mineral pentru a sus\u021bine formarea s\u0103n\u0103toas\u0103 a colagenului \u0219i o piele t\u00e2n\u0103r\u0103 \u0219i radiant\u0103.<\/p>","protected":false},"excerpt":{"rendered":"<p>Supliment nutri\u021bional de frumuse\u021be Colagen marin NeoCell pentru o piele radiant\u0103, s\u0103n\u0103toas\u0103 \u0219i str\u0103lucitoare. Con\u021bine colagen marin Neocell, vitamina C, acid hialuronic, vitaminele B6 \u0219i B12, magneziu, zinc \u0219i cupru. Lumineaz\u0103-\u021bi frumuse\u021bea interioar\u0103. Con\u021bine: 120 de capsule.<\/p>","protected":false},"featured_media":52358,"comment_status":"closed","ping_status":"closed","template":"","meta":{"advanced_seo_description":"","jetpack_seo_html_title":"","jetpack_seo_noindex":false},"pwb-brand":[703],"product_brand":[4862],"product_cat":[688,684],"product_tag":[],"class_list":{"0":"post-14741","1":"product","2":"type-product","3":"status-publish","4":"has-post-thumbnail","6":"pwb-brand-neocell","7":"product_brand-neocell","8":"product_cat-beauty-supplements","9":"product_cat-clean-beauty","10":"brand_woo-neocell","12":"first","13":"instock","14":"taxable","15":"shipping-taxable","16":"purchasable","17":"product-type-simple"},"jetpack_sharing_enabled":true,"brands":[{"id":703,"name":"NeoCell","slug":"neocell"}],"_links":{"self":[{"href":"https:\/\/veganova.eu\/ro\/wp-json\/wp\/v2\/product\/14741","targetHints":{"allow":["GET"]}}],"collection":[{"href":"https:\/\/veganova.eu\/ro\/wp-json\/wp\/v2\/product"}],"about":[{"href":"https:\/\/veganova.eu\/ro\/wp-json\/wp\/v2\/types\/product"}],"replies":[{"embeddable":true,"href":"https:\/\/veganova.eu\/ro\/wp-json\/wp\/v2\/comments?post=14741"}],"version-history":[{"count":1,"href":"https:\/\/veganova.eu\/ro\/wp-json\/wp\/v2\/product\/14741\/revisions"}],"predecessor-version":[{"id":58946,"href":"https:\/\/veganova.eu\/ro\/wp-json\/wp\/v2\/product\/14741\/revisions\/58946"}],"wp:featuredmedia":[{"embeddable":true,"href":"https:\/\/veganova.eu\/ro\/wp-json\/wp\/v2\/media\/52358"}],"wp:attachment":[{"href":"https:\/\/veganova.eu\/ro\/wp-json\/wp\/v2\/media?parent=14741"}],"wp:term":[{"taxonomy":"pwb-brand","embeddable":true,"href":"https:\/\/veganova.eu\/ro\/wp-json\/wp\/v2\/pwb-brand?post=14741"},{"taxonomy":"product_brand","embeddable":true,"href":"https:\/\/veganova.eu\/ro\/wp-json\/wp\/v2\/product_brand?post=14741"},{"taxonomy":"product_cat","embeddable":true,"href":"https:\/\/veganova.eu\/ro\/wp-json\/wp\/v2\/product_cat?post=14741"},{"taxonomy":"product_tag","embeddable":true,"href":"https:\/\/veganova.eu\/ro\/wp-json\/wp\/v2\/product_tag?post=14741"}],"curies":[{"name":"wp","href":"https:\/\/api.w.org\/{rel}","templated":true}]}}