{"id":15475,"date":"2023-12-20T17:29:48","date_gmt":"2023-12-20T16:29:48","guid":{"rendered":"https:\/\/veganova.eu\/?post_type=product&#038;p=15475"},"modified":"2026-04-21T07:25:41","modified_gmt":"2026-04-21T05:25:41","slug":"kiki-health-liquid-iron-50-ml","status":"publish","type":"product","link":"https:\/\/veganova.eu\/ro\/shop\/kiki-health-liquid-iron-50-ml\/","title":{"rendered":"KIKI Health Fier lichid - 50 ml."},"content":{"rendered":"<h3>KIKI Health Fier lichid - 50 ml.<\/h3>\n<ul>\n<li>5mg iron per serving (36% Recommended intake)<\/li>\n<li>Fabricat din 100% minerale naturale din p\u0103m\u00e2nt<\/li>\n<li>Pur \u0219i simplu amestecat cu ap\u0103 deionizat\u0103<\/li>\n<li>Rapid absorbit \u0219i 100% biodisponibil<\/li>\n<li>Promoveaz\u0103 echilibrul mineral optim<\/li>\n<li>Nu necesit\u0103 digestie, datorit\u0103 formei lor lichide<\/li>\n<li>U\u0219or de utilizat, pur \u0219i simplu ad\u0103uga\u021bi c\u00e2teva pic\u0103turi la ap\u0103<\/li>\n<\/ul>\n<p>Iron aids in normal cognitive function, energy-yielding metabolism, red blood cell and haemoglobin formation, and oxygen transport in the body. It alleviates tiredness and fatigue, promotes normal immune system function, and aids in cell division.<\/p>\n<p>Mineralele noastre ionice naturale sunt concepute pentru a restabili mineralele la nivel celular.<\/p>\n<p>Atunci c\u00e2nd sunt ad\u0103ugate la ap\u0103 deionizat\u0103, aceste concentrate lichide ionice realizate din 100% minerale naturale din p\u0103m\u00e2nt, ajut\u0103 la ob\u021binerea unei st\u0103ri de \"mineralibrium\" sau echilibru mineral tisular optim.<\/p>\n<p>Forma lor lichid\u0103 le face u\u0219or digerabile \u0219i pe deplin biodisponibile pentru organism, deoarece pot fi absorbite rapid f\u0103r\u0103 a fi digerate, permi\u021b\u00e2ndu-v\u0103 s\u0103 profita\u021bi de beneficiile lor f\u0103r\u0103 \u00eent\u00e2rziere.<\/p>\n<p>Utilizarea lor este la fel de simpl\u0103 ca ad\u0103ugarea c\u00e2torva pic\u0103turi la un pahar cu ap\u0103.<\/p>","protected":false},"excerpt":{"rendered":"<p>Vegan nutritional supplement with iron in liquid form KIKI Health Liquid Iron contains 5mg of iron per scoop (30 drops\/2ml). 100% bioavailability, natural form of iron, easily digestible. Gluten-free. Package contents: 50ml.<\/p>","protected":false},"featured_media":51351,"comment_status":"closed","ping_status":"closed","template":"","meta":{"advanced_seo_description":"","jetpack_seo_html_title":"","jetpack_seo_noindex":false},"pwb-brand":[166],"product_brand":[4573],"product_cat":[172],"product_tag":[],"class_list":{"0":"post-15475","1":"product","2":"type-product","3":"status-publish","4":"has-post-thumbnail","6":"pwb-brand-kiki-health","7":"product_brand-kiki-health","8":"product_cat-minerals","9":"brand_woo-kiki-health","11":"first","12":"outofstock","13":"taxable","14":"shipping-taxable","15":"purchasable","16":"product-type-simple"},"jetpack_sharing_enabled":true,"brands":[{"id":166,"name":"S\u0103n\u0103tate KIKI","slug":"kiki-health"}],"_links":{"self":[{"href":"https:\/\/veganova.eu\/ro\/wp-json\/wp\/v2\/product\/15475","targetHints":{"allow":["GET"]}}],"collection":[{"href":"https:\/\/veganova.eu\/ro\/wp-json\/wp\/v2\/product"}],"about":[{"href":"https:\/\/veganova.eu\/ro\/wp-json\/wp\/v2\/types\/product"}],"replies":[{"embeddable":true,"href":"https:\/\/veganova.eu\/ro\/wp-json\/wp\/v2\/comments?post=15475"}],"version-history":[{"count":1,"href":"https:\/\/veganova.eu\/ro\/wp-json\/wp\/v2\/product\/15475\/revisions"}],"predecessor-version":[{"id":59073,"href":"https:\/\/veganova.eu\/ro\/wp-json\/wp\/v2\/product\/15475\/revisions\/59073"}],"wp:featuredmedia":[{"embeddable":true,"href":"https:\/\/veganova.eu\/ro\/wp-json\/wp\/v2\/media\/51351"}],"wp:attachment":[{"href":"https:\/\/veganova.eu\/ro\/wp-json\/wp\/v2\/media?parent=15475"}],"wp:term":[{"taxonomy":"pwb-brand","embeddable":true,"href":"https:\/\/veganova.eu\/ro\/wp-json\/wp\/v2\/pwb-brand?post=15475"},{"taxonomy":"product_brand","embeddable":true,"href":"https:\/\/veganova.eu\/ro\/wp-json\/wp\/v2\/product_brand?post=15475"},{"taxonomy":"product_cat","embeddable":true,"href":"https:\/\/veganova.eu\/ro\/wp-json\/wp\/v2\/product_cat?post=15475"},{"taxonomy":"product_tag","embeddable":true,"href":"https:\/\/veganova.eu\/ro\/wp-json\/wp\/v2\/product_tag?post=15475"}],"curies":[{"name":"wp","href":"https:\/\/api.w.org\/{rel}","templated":true}]}}