{"id":2745,"date":"2023-10-01T17:01:17","date_gmt":"2023-10-01T15:01:17","guid":{"rendered":"https:\/\/veganova.eu\/?post_type=product&#038;p=2745"},"modified":"2026-05-04T02:29:38","modified_gmt":"2026-05-04T00:29:38","slug":"doctors-best-fully-active-b-complex-with-quatrefolic-30-kaps","status":"publish","type":"product","link":"https:\/\/veganova.eu\/ro\/shop\/doctors-best-fully-active-b-complex-with-quatrefolic-30-kaps\/","title":{"rendered":"Doctor's Best Complet activ B-Complex cu Quatrefolic (30 caps)"},"content":{"rendered":"<h3>Doctor's Best Complet activ B-Complex cu Quatrefolic<\/h3>\n<ul>\n<li>Produsul Doctor's Best Fully Active B Complex ofer\u0103 energie \u0219i ajut\u0103 la dep\u0103\u0219irea stresului.<\/li>\n<li>Vitaminele B sunt necesare pentru producerea energiei din alimente \u0219i pentru crearea \u0219i men\u021binerea s\u0103n\u0103t\u0103\u021bii ADN-ului, genelor, celulelor, \u021besuturilor, organelor \u0219i func\u021biilor enzimatice.<\/li>\n<li>Vitaminele B sunt baza vie\u021bii; oamenii nu le pot produce, a\u0219a c\u0103 trebuie s\u0103 le ob\u021binem prin alimenta\u021bie.<\/li>\n<li>Doctor's Best Fully Active B Complex furnizeaz\u0103 numai cele mai bune forme utilizabile de vitamina B. Aceasta include folat complet activ, cel mai activ folat din organism, \u0219i MTHF (metil- tetra-hidro-folat). Acesta furnizeaz\u0103 vitamina B12 complet activ\u0103 sub form\u0103 de metilcobalamin\u0103 (metil-B12), care ajut\u0103 la asigurarea unei absorb\u021bii orale excelente.<\/li>\n<li>Best Fully Active B Complex este un supliment de vitamina B cu spectru complet, conceput cu aten\u021bie pentru absorb\u021bie \u0219i utilizare optim\u0103.<\/li>\n<li>Aceast\u0103 formul\u0103 furnizeaz\u0103 vitaminele B \u00een cea mai sigur\u0103, mai bine tolerat\u0103 \u0219i mai activ\u0103 form\u0103 biochimic\u0103.<\/li>\n<\/ul>","protected":false},"excerpt":{"rendered":"<p>Suplimentul alimentar vegan Doctor's Best Fully Active B-Complex with Quatrefolic prezint\u0103 un complex de vitamine din grupa B \u00een forma lor cea mai activ\u0103. Nu con\u021bine gluten \u0219i este f\u0103r\u0103 OMG. Pachetul con\u021bine: 30 de capsule.<\/p>","protected":false},"featured_media":51677,"comment_status":"closed","ping_status":"closed","template":"","meta":{"advanced_seo_description":"","jetpack_seo_html_title":"","jetpack_seo_noindex":false},"pwb-brand":[147],"product_brand":[4565],"product_cat":[153,152],"product_tag":[860,1094,1150],"class_list":{"0":"post-2745","1":"product","2":"type-product","3":"status-publish","4":"has-post-thumbnail","6":"pwb-brand-doctors-best","7":"product_brand-doctors-best","8":"product_cat-vitamins","9":"product_cat-vitamins-and-minerals","10":"product_tag-energy","11":"product_tag-metabolism","12":"product_tag-nervous-system","13":"brand_woo-doctors-best","15":"first","16":"instock","17":"taxable","18":"shipping-taxable","19":"purchasable","20":"product-type-simple"},"jetpack_sharing_enabled":true,"brands":[{"id":147,"name":"Doctor's Best","slug":"doctors-best"}],"_links":{"self":[{"href":"https:\/\/veganova.eu\/ro\/wp-json\/wp\/v2\/product\/2745","targetHints":{"allow":["GET"]}}],"collection":[{"href":"https:\/\/veganova.eu\/ro\/wp-json\/wp\/v2\/product"}],"about":[{"href":"https:\/\/veganova.eu\/ro\/wp-json\/wp\/v2\/types\/product"}],"replies":[{"embeddable":true,"href":"https:\/\/veganova.eu\/ro\/wp-json\/wp\/v2\/comments?post=2745"}],"version-history":[{"count":1,"href":"https:\/\/veganova.eu\/ro\/wp-json\/wp\/v2\/product\/2745\/revisions"}],"predecessor-version":[{"id":57309,"href":"https:\/\/veganova.eu\/ro\/wp-json\/wp\/v2\/product\/2745\/revisions\/57309"}],"wp:featuredmedia":[{"embeddable":true,"href":"https:\/\/veganova.eu\/ro\/wp-json\/wp\/v2\/media\/51677"}],"wp:attachment":[{"href":"https:\/\/veganova.eu\/ro\/wp-json\/wp\/v2\/media?parent=2745"}],"wp:term":[{"taxonomy":"pwb-brand","embeddable":true,"href":"https:\/\/veganova.eu\/ro\/wp-json\/wp\/v2\/pwb-brand?post=2745"},{"taxonomy":"product_brand","embeddable":true,"href":"https:\/\/veganova.eu\/ro\/wp-json\/wp\/v2\/product_brand?post=2745"},{"taxonomy":"product_cat","embeddable":true,"href":"https:\/\/veganova.eu\/ro\/wp-json\/wp\/v2\/product_cat?post=2745"},{"taxonomy":"product_tag","embeddable":true,"href":"https:\/\/veganova.eu\/ro\/wp-json\/wp\/v2\/product_tag?post=2745"}],"curies":[{"name":"wp","href":"https:\/\/api.w.org\/{rel}","templated":true}]}}