{"id":2916,"date":"2023-10-01T17:02:33","date_gmt":"2023-10-01T15:02:33","guid":{"rendered":"https:\/\/veganova.eu\/?post_type=product&#038;p=2916"},"modified":"2026-04-21T07:23:35","modified_gmt":"2026-04-21T05:23:35","slug":"doctors-best-digestive-probiotic-20-billion-cfu-30-kaps","status":"publish","type":"product","link":"https:\/\/veganova.eu\/ro\/shop\/doctors-best-digestive-probiotic-20-billion-cfu-30-kaps\/","title":{"rendered":"Probiotic digestiv Doctor's Best, 20 miliarde UFC (30 caps)"},"content":{"rendered":"<h3>Probiotic digestiv Doctor's Best, 20 miliarde UFC (30 caps)<\/h3>\n<p>Ce este Doctor's Best Probiotic?<br \/>\nDoctor's Best Probiotic furnizeaz\u0103 \u0219ase tulpini de probiotice Bifidobacterium \u0219i Lactobacillus \u0219i ofer\u0103 20 de miliarde de UFC de familii de bacterii cu s\u0103n\u0103tate digestiv\u0103 \u0219i a \u00eentregului corp solid stabilite. Doctor's Best Probiotic promoveaz\u0103 digestia reglarea intestinului \u0219i r\u0103spunsul imunitar s\u0103n\u0103tos. Doctor's Best Probiotic poate ajuta la refacerea pierderilor de bacterii benefice care rezult\u0103 de obicei din stres, diet\u0103 proast\u0103 \u0219i al\u021bi factori agravan\u021bi.<\/p>\n<p>Cum func\u021bioneaz\u0103?<br \/>\nLactobacilii probiotici se g\u0103sesc mai frecvent \u00een gur\u0103, stomac \u0219i intestinul sub\u021bire dec\u00e2t \u00een intestinul gros. Cele \u0219ase tulpini din Doctor's Best Probiotic au o rezisten\u021b\u0103 puternic\u0103 at\u00e2t la acidul gastric, c\u00e2t \u0219i la substan\u021bele biliare dure din partea superioar\u0103 a intestinului sub\u021bire. Acestea se ata\u0219eaz\u0103 la mucoasa intestinal\u0103, locuind \u00een principal \u00een stratul de mucus care se extinde din aceasta. Ele elibereaz\u0103 substan\u021be care le ajut\u0103 s\u0103 concureze \u00eempotriva bacteriilor mai pu\u021bin benefice. Lactobacillus acidophilus La-14 este o tulpin\u0103 bine studiat\u0103, deosebit de rezistent\u0103, care rezist\u0103 puternic condi\u021biilor dificile din mediul intestinal. Lactobacillus salivarius Ls-33 poate ajuta la protejarea mucoasei intestinale vulnerabile \u00eempotriva atacurilor chimice toxice. Lactobacillus paracasei Lpc-37 a fost, de asemenea, utilizat \u00eempreun\u0103 cu al\u021bi lactobacili. Bifidobacteriile probiotice sunt cele mai abundente \u00een intestinul gros, coloniz\u00e2ndu-l imediat dup\u0103 na\u0219tere. Tulpina \u00eenregistrat\u0103 Bifidobacterium lactis HN019 (Bl019) este bine documentat\u0103 pentru beneficiile sale intestinale \u0219i imunitare. Bifidobacterium lactis Bi-07 (Bi07) este bine definit\u0103 genetic, 100% din secven\u021ba sa de ADN fiind cunoscut\u0103, \u0219i are beneficii clinice dovedite. Bifidobacterium lactis Bl-04 (Bl04) este, de asemenea, bine definit genetic. Este capabil s\u0103 se ata\u0219eze la mucoasa intestinal\u0103, tolereaz\u0103 expunerea la fluidele biliare \u0219i este extrem de versatil \u00een utilizarea carbohidra\u021bilor nedigerabili pentru energie. Utilizarea Bifidobacteriilor determin\u0103 un confort \u0219i o func\u021bie gastrointestinale superioare \u00een compara\u021bie cu un placebo.<\/p>","protected":false},"excerpt":{"rendered":"<p>Supliment nutritiv vegan care con\u021bine probiotice Doctor's Best Digestive Probiotic, 20 de miliarde UFC pentru o digestie s\u0103n\u0103toas\u0103 \u0219i repararea mediului intestinal deteriorat dup\u0103 o diet\u0103 necorespunz\u0103toare. Pachetul con\u021bine: 30 de capsule. F\u0103r\u0103 gluten \u0219i f\u0103r\u0103 OMG.<\/p>","protected":false},"featured_media":53240,"comment_status":"closed","ping_status":"closed","template":"","meta":{"advanced_seo_description":"","jetpack_seo_html_title":"","jetpack_seo_noindex":false},"pwb-brand":[147],"product_brand":[4565],"product_cat":[596],"product_tag":[1233,1234,1156,1232],"class_list":{"0":"post-2916","1":"product","2":"type-product","3":"status-publish","4":"has-post-thumbnail","6":"pwb-brand-doctors-best","7":"product_brand-doctors-best","8":"product_cat-digestion","9":"product_tag-diet-mistakes","10":"product_tag-gut-recovery","11":"product_tag-healthy-digestion","12":"product_tag-leaky-gut","13":"brand_woo-doctors-best","15":"first","16":"instock","17":"taxable","18":"shipping-taxable","19":"purchasable","20":"product-type-simple"},"jetpack_sharing_enabled":true,"brands":[{"id":147,"name":"Doctor's Best","slug":"doctors-best"}],"_links":{"self":[{"href":"https:\/\/veganova.eu\/ro\/wp-json\/wp\/v2\/product\/2916","targetHints":{"allow":["GET"]}}],"collection":[{"href":"https:\/\/veganova.eu\/ro\/wp-json\/wp\/v2\/product"}],"about":[{"href":"https:\/\/veganova.eu\/ro\/wp-json\/wp\/v2\/types\/product"}],"replies":[{"embeddable":true,"href":"https:\/\/veganova.eu\/ro\/wp-json\/wp\/v2\/comments?post=2916"}],"version-history":[{"count":1,"href":"https:\/\/veganova.eu\/ro\/wp-json\/wp\/v2\/product\/2916\/revisions"}],"predecessor-version":[{"id":57464,"href":"https:\/\/veganova.eu\/ro\/wp-json\/wp\/v2\/product\/2916\/revisions\/57464"}],"wp:featuredmedia":[{"embeddable":true,"href":"https:\/\/veganova.eu\/ro\/wp-json\/wp\/v2\/media\/53240"}],"wp:attachment":[{"href":"https:\/\/veganova.eu\/ro\/wp-json\/wp\/v2\/media?parent=2916"}],"wp:term":[{"taxonomy":"pwb-brand","embeddable":true,"href":"https:\/\/veganova.eu\/ro\/wp-json\/wp\/v2\/pwb-brand?post=2916"},{"taxonomy":"product_brand","embeddable":true,"href":"https:\/\/veganova.eu\/ro\/wp-json\/wp\/v2\/product_brand?post=2916"},{"taxonomy":"product_cat","embeddable":true,"href":"https:\/\/veganova.eu\/ro\/wp-json\/wp\/v2\/product_cat?post=2916"},{"taxonomy":"product_tag","embeddable":true,"href":"https:\/\/veganova.eu\/ro\/wp-json\/wp\/v2\/product_tag?post=2916"}],"curies":[{"name":"wp","href":"https:\/\/api.w.org\/{rel}","templated":true}]}}