{"id":2934,"date":"2023-10-01T17:02:36","date_gmt":"2023-10-01T15:02:36","guid":{"rendered":"https:\/\/veganova.eu\/?post_type=product&#038;p=2934"},"modified":"2026-04-21T07:23:35","modified_gmt":"2026-04-21T05:23:35","slug":"doctors-best-high-absorption-coq10-with-bioperine-200mg-180-kaps","status":"publish","type":"product","link":"https:\/\/veganova.eu\/ro\/shop\/doctors-best-high-absorption-coq10-with-bioperine-200mg-180-kaps\/","title":{"rendered":"Doctor's Best CoQ10 cu absorb\u021bie ridicat\u0103 cu BioPerine, 200mg (180 caps)"},"content":{"rendered":"<h3>Doctor's Best CoQ10 cu absorb\u021bie ridicat\u0103 cu BioPerine, 200mg (180 caps)<\/h3>\n<p>Doctor's Best High Absorption CoQ10 con\u021bine coenzima Q10 pur\u0103 (Ubiquinon\u0103) plus BioPerine. CoQ10 ajut\u0103 la sus\u021binerea func\u021biei cardiace \u0219i este vital pentru producerea de ATP (adenozin trifosfat), \u00een special \u00een inim\u0103. Stresul, radicalii liberi, medicamentele statinice \u0219i \u00eemb\u0103tr\u00e2nirea pot avea un impact asupra nivelului de CoQ10. CoQ10 este foarte important pentru crearea de energie, contrac\u021bia muscular\u0103 \u0219i sinteza proteinelor. Studiile au ar\u0103tat c\u0103 BioPerine cre\u0219te absorb\u021bia CoQ10.<\/p>\n<p>Ajut\u0103 la sus\u021binerea s\u0103n\u0103t\u0103\u021bii inimii \u0219i a energiei celulare.<br \/>\nAjut\u0103 la restabilirea CoQ10 care poate fi epuizat de \u00eemb\u0103tr\u00e2nire \u0219i de medicamentele statinice.<br \/>\nFormulat cu extract de piper negru BioPerine pentru a spori absorb\u021bia \u0219i biodisponibilitatea.<\/p>","protected":false},"excerpt":{"rendered":"<p>nutrition supplement containing coenzyme Q10 Doctor&#8217;s Best High Absorption CoQ10 with BioPerine, 200mg to support a healthy heart and blood vessels. The package contains: 180 capsules. Gluten-free.<\/p>","protected":false},"featured_media":53233,"comment_status":"closed","ping_status":"closed","template":"","meta":{"advanced_seo_description":"","jetpack_seo_html_title":"","jetpack_seo_noindex":false},"pwb-brand":[147],"product_brand":[4565],"product_cat":[688,2600,2591,284,152],"product_tag":[1159,1167,1158,1052,1133],"class_list":{"0":"post-2934","1":"product","2":"type-product","3":"status-publish","4":"has-post-thumbnail","6":"pwb-brand-doctors-best","7":"product_brand-doctors-best","8":"product_cat-beauty-supplements","9":"product_cat-inflammation","10":"product_cat-liver","11":"product_cat-trace-elements","12":"product_cat-vitamins-and-minerals","13":"product_tag-aging","14":"product_tag-blood-vessels","15":"product_tag-heart","16":"product_tag-pigment-spots","17":"product_tag-wrinkles","18":"brand_woo-doctors-best","20":"first","21":"instock","22":"taxable","23":"shipping-taxable","24":"purchasable","25":"product-type-simple"},"jetpack_sharing_enabled":true,"brands":[{"id":147,"name":"Doctor's Best","slug":"doctors-best"}],"_links":{"self":[{"href":"https:\/\/veganova.eu\/ro\/wp-json\/wp\/v2\/product\/2934","targetHints":{"allow":["GET"]}}],"collection":[{"href":"https:\/\/veganova.eu\/ro\/wp-json\/wp\/v2\/product"}],"about":[{"href":"https:\/\/veganova.eu\/ro\/wp-json\/wp\/v2\/types\/product"}],"replies":[{"embeddable":true,"href":"https:\/\/veganova.eu\/ro\/wp-json\/wp\/v2\/comments?post=2934"}],"version-history":[{"count":1,"href":"https:\/\/veganova.eu\/ro\/wp-json\/wp\/v2\/product\/2934\/revisions"}],"predecessor-version":[{"id":57471,"href":"https:\/\/veganova.eu\/ro\/wp-json\/wp\/v2\/product\/2934\/revisions\/57471"}],"wp:featuredmedia":[{"embeddable":true,"href":"https:\/\/veganova.eu\/ro\/wp-json\/wp\/v2\/media\/53233"}],"wp:attachment":[{"href":"https:\/\/veganova.eu\/ro\/wp-json\/wp\/v2\/media?parent=2934"}],"wp:term":[{"taxonomy":"pwb-brand","embeddable":true,"href":"https:\/\/veganova.eu\/ro\/wp-json\/wp\/v2\/pwb-brand?post=2934"},{"taxonomy":"product_brand","embeddable":true,"href":"https:\/\/veganova.eu\/ro\/wp-json\/wp\/v2\/product_brand?post=2934"},{"taxonomy":"product_cat","embeddable":true,"href":"https:\/\/veganova.eu\/ro\/wp-json\/wp\/v2\/product_cat?post=2934"},{"taxonomy":"product_tag","embeddable":true,"href":"https:\/\/veganova.eu\/ro\/wp-json\/wp\/v2\/product_tag?post=2934"}],"curies":[{"name":"wp","href":"https:\/\/api.w.org\/{rel}","templated":true}]}}