{"id":2978,"date":"2023-10-01T17:02:43","date_gmt":"2023-10-01T15:02:43","guid":{"rendered":"https:\/\/veganova.eu\/?post_type=product&#038;p=2978"},"modified":"2026-04-26T02:21:33","modified_gmt":"2026-04-26T00:21:33","slug":"doctors-best-stabilized-r-lipoic-acid-with-bioenhanced-na-rala-200mg-60-kaps","status":"publish","type":"product","link":"https:\/\/veganova.eu\/ro\/shop\/doctors-best-stabilized-r-lipoic-acid-with-bioenhanced-na-rala-200mg-60-kaps\/","title":{"rendered":"Acid R-Lipoic stabilizat Doctor's Best cu Na-RALA BioEnhanced, 200mg (60 caps)"},"content":{"rendered":"<h3>Acid R-Lipoic stabilizat Doctor's Best cu Na-RALA \u00eembun\u0103t\u0103\u021bit bio<\/h3>\n<ul>\n<li>Acidul alfa-lipoic este un acid gras care con\u021bine sulf \u0219i se g\u0103se\u0219te \u00een mod natural \u00een organism.<\/li>\n<li>Pe m\u0103sur\u0103 ce \u00eemb\u0103tr\u00e2nim , capacitatea noastr\u0103 de a sintetiza acid alfa-lipoic scade.<\/li>\n<li>Cel mai bun acid alfa-lipoic func\u021bioneaz\u0103 ca o coenzim\u0103 \u00een metabolismul carbohidra\u021bilor \u0219i este necesar pentru sinteza acetil CoA, un metabolit cheie \u00een procesul celular care transform\u0103 glucoza (zah\u0103r din s\u00e2nge) \u00een energie.<\/li>\n<li>Acidul lipoic este adesea denumit \"antioxidant universal\".<\/li>\n<\/ul>","protected":false},"excerpt":{"rendered":"<p>Supliment nutri\u021bional vegan Doctor's Best Stabilized R-Lipoic Acid with BioEnhanced Na-RALA 200mg, pachetul con\u021bine: 60 de capsule. F\u0103r\u0103 gluten \u0219i f\u0103r\u0103 OMG.<\/p>","protected":false},"featured_media":11982,"comment_status":"closed","ping_status":"closed","template":"","meta":{"advanced_seo_description":"","jetpack_seo_html_title":"","jetpack_seo_noindex":false},"pwb-brand":[147],"product_brand":[4565],"product_cat":[174,132],"product_tag":[1093,860,1235,1094],"class_list":{"0":"post-2978","1":"product","2":"type-product","3":"status-publish","4":"has-post-thumbnail","6":"pwb-brand-doctors-best","7":"product_brand-doctors-best","8":"product_cat-amino-acids","9":"product_cat-sports-nutrition","10":"product_tag-antioxidant","11":"product_tag-energy","12":"product_tag-free-radical-scavenger","13":"product_tag-metabolism","14":"brand_woo-doctors-best","16":"first","17":"instock","18":"taxable","19":"shipping-taxable","20":"purchasable","21":"product-type-simple"},"jetpack_sharing_enabled":true,"brands":[{"id":147,"name":"Doctor's Best","slug":"doctors-best"}],"_links":{"self":[{"href":"https:\/\/veganova.eu\/ro\/wp-json\/wp\/v2\/product\/2978","targetHints":{"allow":["GET"]}}],"collection":[{"href":"https:\/\/veganova.eu\/ro\/wp-json\/wp\/v2\/product"}],"about":[{"href":"https:\/\/veganova.eu\/ro\/wp-json\/wp\/v2\/types\/product"}],"replies":[{"embeddable":true,"href":"https:\/\/veganova.eu\/ro\/wp-json\/wp\/v2\/comments?post=2978"}],"version-history":[{"count":1,"href":"https:\/\/veganova.eu\/ro\/wp-json\/wp\/v2\/product\/2978\/revisions"}],"predecessor-version":[{"id":57484,"href":"https:\/\/veganova.eu\/ro\/wp-json\/wp\/v2\/product\/2978\/revisions\/57484"}],"wp:featuredmedia":[{"embeddable":true,"href":"https:\/\/veganova.eu\/ro\/wp-json\/wp\/v2\/media\/11982"}],"wp:attachment":[{"href":"https:\/\/veganova.eu\/ro\/wp-json\/wp\/v2\/media?parent=2978"}],"wp:term":[{"taxonomy":"pwb-brand","embeddable":true,"href":"https:\/\/veganova.eu\/ro\/wp-json\/wp\/v2\/pwb-brand?post=2978"},{"taxonomy":"product_brand","embeddable":true,"href":"https:\/\/veganova.eu\/ro\/wp-json\/wp\/v2\/product_brand?post=2978"},{"taxonomy":"product_cat","embeddable":true,"href":"https:\/\/veganova.eu\/ro\/wp-json\/wp\/v2\/product_cat?post=2978"},{"taxonomy":"product_tag","embeddable":true,"href":"https:\/\/veganova.eu\/ro\/wp-json\/wp\/v2\/product_tag?post=2978"}],"curies":[{"name":"wp","href":"https:\/\/api.w.org\/{rel}","templated":true}]}}