{"id":3148,"date":"2023-10-01T17:03:46","date_gmt":"2023-10-01T15:03:46","guid":{"rendered":"https:\/\/veganova.eu\/?post_type=product&#038;p=3148"},"modified":"2026-04-21T07:23:46","modified_gmt":"2026-04-21T05:23:46","slug":"jarrow-formulas-astaxanthin-12mg-30-softgels","status":"publish","type":"product","link":"https:\/\/veganova.eu\/ro\/shop\/jarrow-formulas-astaxanthin-12mg-30-softgels\/","title":{"rendered":"Jarrow Formulas Astaxantin\u0103, 12mg (30 capsule moi)"},"content":{"rendered":"<h3>Jarrow Formulas Astaxantin\u0103, 12mg (30 capsule moi)<\/h3>\n<p>Jarrow Formulas Astaxanthin, featuring AstaPure astaxanthin este derivat \u00een mod natural din cultivarea unei tulpini unice de microalge Haematococcus pluvialis. Studiile clinice au demonstrat c\u0103 astaxantina sus\u021bine s\u0103n\u0103tatea imunitar\u0103, a pielii \u0219i a ochilor.<\/p>","protected":false},"excerpt":{"rendered":"<p>Supliment nutritiv care con\u021bine astaxantin\u0103 Jarrow Formulas Astaxanthin, 12mg. Astaxantina este un antioxidant natural care protejeaz\u0103 pielea de lumina soarelui. Pachetul con\u021bine: 30 de tablete moi. F\u0103r\u0103 gluten.<\/p>","protected":false},"featured_media":53214,"comment_status":"closed","ping_status":"closed","template":"","meta":{"advanced_seo_description":"","jetpack_seo_html_title":"","jetpack_seo_noindex":false},"pwb-brand":[165],"product_brand":[4572],"product_cat":[152],"product_tag":[599],"class_list":{"0":"post-3148","1":"product","2":"type-product","3":"status-publish","4":"has-post-thumbnail","6":"pwb-brand-jarrow-formulas","7":"product_brand-jarrow-formulas","8":"product_cat-vitamins-and-minerals","9":"product_tag-gluten-free","10":"brand_woo-jarrow-formulas","12":"first","13":"outofstock","14":"taxable","15":"shipping-taxable","16":"purchasable","17":"product-type-simple"},"jetpack_sharing_enabled":true,"brands":[{"id":165,"name":"Jarrow Formule","slug":"jarrow-formulas"}],"_links":{"self":[{"href":"https:\/\/veganova.eu\/ro\/wp-json\/wp\/v2\/product\/3148","targetHints":{"allow":["GET"]}}],"collection":[{"href":"https:\/\/veganova.eu\/ro\/wp-json\/wp\/v2\/product"}],"about":[{"href":"https:\/\/veganova.eu\/ro\/wp-json\/wp\/v2\/types\/product"}],"replies":[{"embeddable":true,"href":"https:\/\/veganova.eu\/ro\/wp-json\/wp\/v2\/comments?post=3148"}],"version-history":[{"count":1,"href":"https:\/\/veganova.eu\/ro\/wp-json\/wp\/v2\/product\/3148\/revisions"}],"predecessor-version":[{"id":57635,"href":"https:\/\/veganova.eu\/ro\/wp-json\/wp\/v2\/product\/3148\/revisions\/57635"}],"wp:featuredmedia":[{"embeddable":true,"href":"https:\/\/veganova.eu\/ro\/wp-json\/wp\/v2\/media\/53214"}],"wp:attachment":[{"href":"https:\/\/veganova.eu\/ro\/wp-json\/wp\/v2\/media?parent=3148"}],"wp:term":[{"taxonomy":"pwb-brand","embeddable":true,"href":"https:\/\/veganova.eu\/ro\/wp-json\/wp\/v2\/pwb-brand?post=3148"},{"taxonomy":"product_brand","embeddable":true,"href":"https:\/\/veganova.eu\/ro\/wp-json\/wp\/v2\/product_brand?post=3148"},{"taxonomy":"product_cat","embeddable":true,"href":"https:\/\/veganova.eu\/ro\/wp-json\/wp\/v2\/product_cat?post=3148"},{"taxonomy":"product_tag","embeddable":true,"href":"https:\/\/veganova.eu\/ro\/wp-json\/wp\/v2\/product_tag?post=3148"}],"curies":[{"name":"wp","href":"https:\/\/api.w.org\/{rel}","templated":true}]}}