{"id":3194,"date":"2023-10-01T17:04:05","date_gmt":"2023-10-01T15:04:05","guid":{"rendered":"https:\/\/veganova.eu\/?post_type=product&#038;p=3194"},"modified":"2026-04-21T07:23:49","modified_gmt":"2026-04-21T05:23:49","slug":"jarrow-formulas-same-400-30-tab","status":"publish","type":"product","link":"https:\/\/veganova.eu\/ro\/shop\/jarrow-formulas-same-400-30-tab\/","title":{"rendered":"Jarrow Formulas SAMe 400 (30 file)"},"content":{"rendered":"<h3>Jarrow Formulas SAMe 400 (30 file)<\/h3>\n<p>Jarrow Formulas SAMe 200 ofer\u0103 un total de 200 mg SAMe (randament net) din 400 mg de disulfat tosilat de SAMe. SAMe 200 este fabricat la temperaturi sc\u0103zute \u0219i umiditate sc\u0103zut\u0103 \u0219i este \u00eenvelit enteric pentru a asigura un produs biologic activ.<\/p>\n<p>Cu mai mult din forma biologic activ\u0103 S,S dec\u00e2t R,S<br \/>\nAflat\u0103 \u00een toate celulele vii, SAMe este un metabolit al metioninei (un aminoacid esen\u021bial). SAMe este o molecul\u0103 chiral\u0103 const\u00e2nd din dou\u0103 forme: (S,S) SAMe \u0219i (R,S) SAMe. Forma biologic activ\u0103 este structura (S,S), \u00een timp ce structura (R,S) este inactiv\u0103 biologic. Jarrow Formulas SAMe este fabricat prin fermenta\u021bie microbiologic\u0103 \u0219i apoi procesat f\u0103r\u0103 solven\u021bi chimici pentru a p\u0103stra 68-80% (S,S) SAMe.<\/p>\n<p>SAMe sus\u021bine:<\/p>\n<p>Metabolismul creierului \u0219i starea de spirit*<br \/>\nReac\u021biile de metilare a SAMe sunt implicate \u00een sinteza fosfatidilcolinei, un constituent substan\u021bial al materiei cenu\u0219ii din creier \u0219i al membranelor celulare.* De asemenea, s-a propus implicarea<br \/>\n\u00een formarea sau metabolismul neurotransmi\u021b\u0103torilor, care ajut\u0103 la<br \/>\nsus\u021bin o dispozi\u021bie echilibrat\u0103.*<\/p>\n<p>S\u0103n\u0103tatea articula\u021biilor*<br \/>\nSAMe sus\u021bine produc\u021bia de \u021besut conjunctiv s\u0103n\u0103tos prin transulfurare.* \u00cen acest proces de transsulfurare, componentele critice ale \u021besutului conjunctiv cunoscute sub numele de glicozaminoglicani (GAG), inclusiv glucozamina \u0219i condroitina, sunt sulfate de metaboli\u021bii SAMe pentru a produce GAG sulfate, cum ar fi sulfatul de glucozamin\u0103 \u0219i sulfatul de condroitin\u0103, elementele de baz\u0103 ale cartilajului.*<\/p>\n<p>Func\u021bia hepatic\u0103*<br \/>\nSAMe sus\u021bine sinteza glutationului (GSH), care este esen\u021bial pentru ap\u0103rarea antioxidant\u0103 \u0219i func\u021biile hepatice, inclusiv detoxifierea fazei II.*<\/p>\n<p>Jarrow Formulas SAMe 200 este ambalat \u00een blistere de folie pentru a maximiza stabilitatea \u0219i ofer\u0103 200 mg S-Adenosyl Methionine derivat din 400 mg de SAMe Tosylate Disulfate.<\/p>","protected":false},"excerpt":{"rendered":"<p>The vegan nutritional supplement Jarrow Formulas SAMe 400 is suitable for healthy joints, detoxification of the liver, strengthening of brain functions and support of good mood. The package contains: 30 tablets.<\/p>","protected":false},"featured_media":11252,"comment_status":"closed","ping_status":"closed","template":"","meta":{"advanced_seo_description":"","jetpack_seo_html_title":"","jetpack_seo_noindex":false},"pwb-brand":[165],"product_brand":[4572],"product_cat":[294,143],"product_tag":[1146,1273,1272,1271],"class_list":{"0":"post-3194","1":"product","2":"type-product","3":"status-publish","4":"has-post-thumbnail","6":"pwb-brand-jarrow-formulas","7":"product_brand-jarrow-formulas","8":"product_cat-for-seniors","9":"product_cat-health-issues","10":"product_tag-good-mood","11":"product_tag-healthy-brain","12":"product_tag-healthy-joints","13":"product_tag-liver-detox","14":"brand_woo-jarrow-formulas","16":"first","17":"instock","18":"taxable","19":"shipping-taxable","20":"purchasable","21":"product-type-simple"},"jetpack_sharing_enabled":true,"brands":[{"id":165,"name":"Jarrow Formule","slug":"jarrow-formulas"}],"_links":{"self":[{"href":"https:\/\/veganova.eu\/ro\/wp-json\/wp\/v2\/product\/3194","targetHints":{"allow":["GET"]}}],"collection":[{"href":"https:\/\/veganova.eu\/ro\/wp-json\/wp\/v2\/product"}],"about":[{"href":"https:\/\/veganova.eu\/ro\/wp-json\/wp\/v2\/types\/product"}],"replies":[{"embeddable":true,"href":"https:\/\/veganova.eu\/ro\/wp-json\/wp\/v2\/comments?post=3194"}],"version-history":[{"count":1,"href":"https:\/\/veganova.eu\/ro\/wp-json\/wp\/v2\/product\/3194\/revisions"}],"predecessor-version":[{"id":57680,"href":"https:\/\/veganova.eu\/ro\/wp-json\/wp\/v2\/product\/3194\/revisions\/57680"}],"wp:featuredmedia":[{"embeddable":true,"href":"https:\/\/veganova.eu\/ro\/wp-json\/wp\/v2\/media\/11252"}],"wp:attachment":[{"href":"https:\/\/veganova.eu\/ro\/wp-json\/wp\/v2\/media?parent=3194"}],"wp:term":[{"taxonomy":"pwb-brand","embeddable":true,"href":"https:\/\/veganova.eu\/ro\/wp-json\/wp\/v2\/pwb-brand?post=3194"},{"taxonomy":"product_brand","embeddable":true,"href":"https:\/\/veganova.eu\/ro\/wp-json\/wp\/v2\/product_brand?post=3194"},{"taxonomy":"product_cat","embeddable":true,"href":"https:\/\/veganova.eu\/ro\/wp-json\/wp\/v2\/product_cat?post=3194"},{"taxonomy":"product_tag","embeddable":true,"href":"https:\/\/veganova.eu\/ro\/wp-json\/wp\/v2\/product_tag?post=3194"}],"curies":[{"name":"wp","href":"https:\/\/api.w.org\/{rel}","templated":true}]}}