{"id":3274,"date":"2023-10-01T17:04:27","date_gmt":"2023-10-01T15:04:27","guid":{"rendered":"https:\/\/veganova.eu\/?post_type=product&#038;p=3274"},"modified":"2026-04-21T07:23:53","modified_gmt":"2026-04-21T05:23:53","slug":"nordic-naturals-prenatal-dha-vegan-500mg-60-softgels","status":"publish","type":"product","link":"https:\/\/veganova.eu\/ro\/shop\/nordic-naturals-prenatal-dha-vegan-500mg-60-softgels\/","title":{"rendered":"Nordic Naturals Prenatal DHA Vegan, 500mg (60 capsule moi)"},"content":{"rendered":"<h3>Nordic Naturals Prenatal DHA Vegan<\/h3>\n<ul>\n<li>Acidul gras omega-3 DHA joac\u0103 un rol deosebit de important \u00een timpul sarcinii \u0219i al\u0103pt\u0103rii, deoarece contribuie la dezvoltarea optim\u0103 a creierului \u0219i a vederii la copii.<\/li>\n<li>Cu toate acestea, poate fi dificil pentru mamele vegetariene \u0219i vegane s\u0103 ob\u021bin\u0103 suficient DHA doar din surse vegetale.<\/li>\n<li>Formula noastr\u0103 prenatal\u0103 vegan\u0103 DHA ofer\u0103 mamelor cantit\u0103\u021bi benefice de DHA \u00eenainte, \u00een timpul \u0219i dup\u0103 sarcin\u0103.<\/li>\n<li>Vegan Prenatal DHA, derivat din microalge, ofer\u0103 o alternativ\u0103 durabil\u0103, f\u0103r\u0103 pe\u0219te, la suplimentele cu ulei de pe\u0219te pentru vegetarieni, vegani \u0219i toate viitoarele mame care nu consum\u0103 pe\u0219te.<\/li>\n<\/ul>","protected":false},"excerpt":{"rendered":"<p>Supliment nutritiv vegan destinat femeilor \u00eens\u0103rcinate Nordic Naturals Prenatal DHA Vegan, 500 mg con\u021bine acizi gra\u0219i Omega 3, care sunt importan\u021bi pentru buna dezvoltare a copilului, \u00een special a creierului \u0219i a func\u021biilor nervoase. Poate fi utilizat \u00eenainte, \u00een timpul \u0219i dup\u0103 sarcin\u0103, precum \u0219i \u00een timpul al\u0103pt\u0103rii. Pachetul con\u021bine: 60 de tablete moi.<\/p>","protected":false},"featured_media":53605,"comment_status":"closed","ping_status":"closed","template":"","meta":{"advanced_seo_description":"","jetpack_seo_html_title":"","jetpack_seo_noindex":false},"pwb-brand":[171],"product_brand":[4579],"product_cat":[267,143],"product_tag":[929,1292,1104],"class_list":{"0":"post-3274","1":"product","2":"type-product","3":"status-publish","4":"has-post-thumbnail","6":"pwb-brand-nordic-naturals","7":"product_brand-nordic-naturals","8":"product_cat-for-women","9":"product_cat-health-issues","10":"product_tag-for-women","11":"product_tag-healthy-baby-development","12":"product_tag-pregnancy","13":"brand_woo-nordic-naturals","15":"first","16":"outofstock","17":"taxable","18":"shipping-taxable","19":"purchasable","20":"product-type-simple"},"jetpack_sharing_enabled":true,"brands":[{"id":171,"name":"Nordic Naturals","slug":"nordic-naturals"}],"_links":{"self":[{"href":"https:\/\/veganova.eu\/ro\/wp-json\/wp\/v2\/product\/3274","targetHints":{"allow":["GET"]}}],"collection":[{"href":"https:\/\/veganova.eu\/ro\/wp-json\/wp\/v2\/product"}],"about":[{"href":"https:\/\/veganova.eu\/ro\/wp-json\/wp\/v2\/types\/product"}],"replies":[{"embeddable":true,"href":"https:\/\/veganova.eu\/ro\/wp-json\/wp\/v2\/comments?post=3274"}],"version-history":[{"count":1,"href":"https:\/\/veganova.eu\/ro\/wp-json\/wp\/v2\/product\/3274\/revisions"}],"predecessor-version":[{"id":57727,"href":"https:\/\/veganova.eu\/ro\/wp-json\/wp\/v2\/product\/3274\/revisions\/57727"}],"wp:featuredmedia":[{"embeddable":true,"href":"https:\/\/veganova.eu\/ro\/wp-json\/wp\/v2\/media\/53605"}],"wp:attachment":[{"href":"https:\/\/veganova.eu\/ro\/wp-json\/wp\/v2\/media?parent=3274"}],"wp:term":[{"taxonomy":"pwb-brand","embeddable":true,"href":"https:\/\/veganova.eu\/ro\/wp-json\/wp\/v2\/pwb-brand?post=3274"},{"taxonomy":"product_brand","embeddable":true,"href":"https:\/\/veganova.eu\/ro\/wp-json\/wp\/v2\/product_brand?post=3274"},{"taxonomy":"product_cat","embeddable":true,"href":"https:\/\/veganova.eu\/ro\/wp-json\/wp\/v2\/product_cat?post=3274"},{"taxonomy":"product_tag","embeddable":true,"href":"https:\/\/veganova.eu\/ro\/wp-json\/wp\/v2\/product_tag?post=3274"}],"curies":[{"name":"wp","href":"https:\/\/api.w.org\/{rel}","templated":true}]}}