{"id":3310,"date":"2023-10-01T17:04:45","date_gmt":"2023-10-01T15:04:45","guid":{"rendered":"https:\/\/veganova.eu\/?post_type=product&#038;p=3310"},"modified":"2026-04-21T07:23:56","modified_gmt":"2026-04-21T05:23:56","slug":"now-foods-alpha-lipoic-acid-with-vitamins-c-e-100mg-60-kaps","status":"publish","type":"product","link":"https:\/\/veganova.eu\/ro\/shop\/now-foods-alpha-lipoic-acid-with-vitamins-c-e-100mg-60-kaps\/","title":{"rendered":"NOW Foods Acid alfa lipoic cu vitaminele C \u0219i E, 100mg (60 caps)"},"content":{"rendered":"<h3>NOW Foods Acid alfa lipoic cu vitaminele C \u0219i E<\/h3>\n<ul>\n<li>Sus\u021bine produc\u021bia de glutation, cu vitaminele C \u0219i E, acidul alfa lipoic (ALA) este produs \u00een mod natural \u00een organismul uman \u00een cantit\u0103\u021bi foarte mici, dar este disponibil \u0219i prin surse alimentare.<\/li>\n<li>ALA este unic deoarece sus\u021bine sistemele de eliminare a radicalilor liberi din organism \u0219i poate func\u021biona at\u00e2t \u00een medii apoase, c\u00e2t \u0219i \u00een medii grase.<\/li>\n<li>De asemenea, ALA poate recicla vitaminele antioxidante C \u0219i E, extinz\u00e2nd astfel activitatea acestora.<\/li>\n<\/ul>","protected":false},"excerpt":{"rendered":"<p>Suplimentul nutri\u021bional vegan NOW Foods Acid alfa lipoic cu vitaminele C \u0219i E, 100mg este o combina\u021bie care sus\u021bine o mai bun\u0103 absorb\u021bie a vitaminelor C \u0219i E, ceea ce le confer\u0103 un efect antioxidant mai mare (nu numai). Pachetul con\u021bine: 60 capsule. F\u0103r\u0103 gluten, f\u0103r\u0103 OMG.<\/p>","protected":false},"featured_media":53583,"comment_status":"closed","ping_status":"closed","template":"","meta":{"advanced_seo_description":"","jetpack_seo_html_title":"","jetpack_seo_noindex":false},"pwb-brand":[173],"product_brand":[4580],"product_cat":[174,132],"product_tag":[1235,1094],"class_list":{"0":"post-3310","1":"product","2":"type-product","3":"status-publish","4":"has-post-thumbnail","6":"pwb-brand-now-foods","7":"product_brand-now-foods","8":"product_cat-amino-acids","9":"product_cat-sports-nutrition","10":"product_tag-free-radical-scavenger","11":"product_tag-metabolism","12":"brand_woo-now-foods","14":"first","15":"outofstock","16":"taxable","17":"shipping-taxable","18":"purchasable","19":"product-type-simple"},"jetpack_sharing_enabled":true,"brands":[{"id":173,"name":"NOW Foods","slug":"now-foods"}],"_links":{"self":[{"href":"https:\/\/veganova.eu\/ro\/wp-json\/wp\/v2\/product\/3310","targetHints":{"allow":["GET"]}}],"collection":[{"href":"https:\/\/veganova.eu\/ro\/wp-json\/wp\/v2\/product"}],"about":[{"href":"https:\/\/veganova.eu\/ro\/wp-json\/wp\/v2\/types\/product"}],"replies":[{"embeddable":true,"href":"https:\/\/veganova.eu\/ro\/wp-json\/wp\/v2\/comments?post=3310"}],"version-history":[{"count":1,"href":"https:\/\/veganova.eu\/ro\/wp-json\/wp\/v2\/product\/3310\/revisions"}],"predecessor-version":[{"id":57759,"href":"https:\/\/veganova.eu\/ro\/wp-json\/wp\/v2\/product\/3310\/revisions\/57759"}],"wp:featuredmedia":[{"embeddable":true,"href":"https:\/\/veganova.eu\/ro\/wp-json\/wp\/v2\/media\/53583"}],"wp:attachment":[{"href":"https:\/\/veganova.eu\/ro\/wp-json\/wp\/v2\/media?parent=3310"}],"wp:term":[{"taxonomy":"pwb-brand","embeddable":true,"href":"https:\/\/veganova.eu\/ro\/wp-json\/wp\/v2\/pwb-brand?post=3310"},{"taxonomy":"product_brand","embeddable":true,"href":"https:\/\/veganova.eu\/ro\/wp-json\/wp\/v2\/product_brand?post=3310"},{"taxonomy":"product_cat","embeddable":true,"href":"https:\/\/veganova.eu\/ro\/wp-json\/wp\/v2\/product_cat?post=3310"},{"taxonomy":"product_tag","embeddable":true,"href":"https:\/\/veganova.eu\/ro\/wp-json\/wp\/v2\/product_tag?post=3310"}],"curies":[{"name":"wp","href":"https:\/\/api.w.org\/{rel}","templated":true}]}}