{"id":3326,"date":"2023-10-01T17:04:51","date_gmt":"2023-10-01T15:04:51","guid":{"rendered":"https:\/\/veganova.eu\/?post_type=product&#038;p=3326"},"modified":"2026-04-21T07:23:57","modified_gmt":"2026-04-21T05:23:57","slug":"now-foods-beet-root-powder-340g","status":"publish","type":"product","link":"https:\/\/veganova.eu\/ro\/shop\/now-foods-beet-root-powder-340g\/","title":{"rendered":"NOW Foods Pulbere de r\u0103d\u0103cin\u0103 de sfecl\u0103 (340g)"},"content":{"rendered":"<h3>NOW Foods Pulbere de r\u0103d\u0103cin\u0103 de sfecl\u0103 (340g)<\/h3>\n<ul>\n<li>Super alimente<\/li>\n<li>Pulbere pur\u0103<\/li>\n<li>Nitra\u021bi prezen\u021bi \u00een mod natural<\/li>\n<\/ul>\n<p>Pulberea de r\u0103d\u0103cin\u0103 de sfecl\u0103 NOW Sports este un derivat pur din sfecl\u0103 non-GMO care este uscat \u0219i nu extras. Sfecla este un adev\u0103rat superaliment \u0219i este abundent\u0103 \u00een mod natural \u00eentr-o varietate de nutrien\u021bi, inclusiv nitra\u021bi. Fiecare por\u021bie de lingur\u0103 de NOW Sports Beet Root Powder este echivalent\u0103 cu 2,5 sfecle \u00eentregi.<\/p>","protected":false},"excerpt":{"rendered":"<p>NOW Foods Pulbere de r\u0103d\u0103cin\u0103 de sfecl\u0103, un supliment nutritiv vegan cu extract de superalimente din sfecl\u0103, este bogat \u00een vitamine, minerale \u0219i antioxidan\u021bi. Forma de pulbere este potrivit\u0103 pentru utilizare \u00een mese sau smoothie-uri. Pachetul con\u021bine: 340g. F\u0103r\u0103 OMG-uri.<\/p>","protected":false},"featured_media":53901,"comment_status":"closed","ping_status":"closed","template":"","meta":{"advanced_seo_description":"","jetpack_seo_html_title":"","jetpack_seo_noindex":false},"pwb-brand":[173],"product_brand":[4580],"product_cat":[2592,597,2600,149],"product_tag":[1093,1128,1167,1058,1304,1117],"class_list":{"0":"post-3326","1":"product","2":"type-product","3":"status-publish","4":"has-post-thumbnail","6":"pwb-brand-now-foods","7":"product_brand-now-foods","8":"product_cat-detox","9":"product_cat-body-immunity","10":"product_cat-inflammation","11":"product_cat-superfoods","12":"product_tag-antioxidant","13":"product_tag-beauty","14":"product_tag-blood-vessels","15":"product_tag-healthy-skin","16":"product_tag-hematopoiesis","17":"product_tag-immunity","18":"brand_woo-now-foods","20":"first","21":"outofstock","22":"taxable","23":"shipping-taxable","24":"purchasable","25":"product-type-simple"},"jetpack_sharing_enabled":true,"brands":[{"id":173,"name":"NOW Foods","slug":"now-foods"}],"_links":{"self":[{"href":"https:\/\/veganova.eu\/ro\/wp-json\/wp\/v2\/product\/3326","targetHints":{"allow":["GET"]}}],"collection":[{"href":"https:\/\/veganova.eu\/ro\/wp-json\/wp\/v2\/product"}],"about":[{"href":"https:\/\/veganova.eu\/ro\/wp-json\/wp\/v2\/types\/product"}],"replies":[{"embeddable":true,"href":"https:\/\/veganova.eu\/ro\/wp-json\/wp\/v2\/comments?post=3326"}],"version-history":[{"count":1,"href":"https:\/\/veganova.eu\/ro\/wp-json\/wp\/v2\/product\/3326\/revisions"}],"predecessor-version":[{"id":57774,"href":"https:\/\/veganova.eu\/ro\/wp-json\/wp\/v2\/product\/3326\/revisions\/57774"}],"wp:featuredmedia":[{"embeddable":true,"href":"https:\/\/veganova.eu\/ro\/wp-json\/wp\/v2\/media\/53901"}],"wp:attachment":[{"href":"https:\/\/veganova.eu\/ro\/wp-json\/wp\/v2\/media?parent=3326"}],"wp:term":[{"taxonomy":"pwb-brand","embeddable":true,"href":"https:\/\/veganova.eu\/ro\/wp-json\/wp\/v2\/pwb-brand?post=3326"},{"taxonomy":"product_brand","embeddable":true,"href":"https:\/\/veganova.eu\/ro\/wp-json\/wp\/v2\/product_brand?post=3326"},{"taxonomy":"product_cat","embeddable":true,"href":"https:\/\/veganova.eu\/ro\/wp-json\/wp\/v2\/product_cat?post=3326"},{"taxonomy":"product_tag","embeddable":true,"href":"https:\/\/veganova.eu\/ro\/wp-json\/wp\/v2\/product_tag?post=3326"}],"curies":[{"name":"wp","href":"https:\/\/api.w.org\/{rel}","templated":true}]}}