{"id":3398,"date":"2023-10-01T17:05:20","date_gmt":"2023-10-01T15:05:20","guid":{"rendered":"https:\/\/veganova.eu\/?post_type=product&#038;p=3398"},"modified":"2026-04-21T07:24:01","modified_gmt":"2026-04-21T05:24:01","slug":"now-foods-coq10-30mg-120-kaps","status":"publish","type":"product","link":"https:\/\/veganova.eu\/ro\/shop\/now-foods-coq10-30mg-120-kaps\/","title":{"rendered":"NOW Foods CoQ10, 30mg (120 caps)"},"content":{"rendered":"<h3>NOW Foods CoQ10 with Hawthorn Berry<\/h3>\n<ul>\n<li>Cellular Energy Production: With Hawthorn Berry<\/li>\n<li>Coenzima Q10 (CoQ10) este un compus asem\u0103n\u0103tor vitaminei care joac\u0103 un rol central \u00een producerea de energie celular\u0103.<\/li>\n<li>CoQ10 se g\u0103se\u0219te \u00een tot corpul, dar este concentrat\u0103 \u00een special \u00een inim\u0103, ficat \u0219i rinichi, iar produc\u021bia sa a fost descoperit\u0103 c\u0103 scade odat\u0103 cu v\u00e2rsta.<\/li>\n<li>CoQ10 ac\u021bioneaz\u0103 ca un scavenger puternic al radicalilor liberi \u00een membranele celulare, precum \u0219i \u00een vasele de s\u00e2nge.<\/li>\n<li>Anii de cercetare \u0219tiin\u021bific\u0103 au ar\u0103tat c\u0103 CoQ10 ajut\u0103 la men\u021binerea s\u0103n\u0103t\u0103\u021bii inimii \u0219i a sistemului vascular.<\/li>\n<\/ul>","protected":false},"excerpt":{"rendered":"<p>Vegan nutritional supplement NOW Foods CoQ10, 30mg is suitable for a healthy heart and vascular system. The package contains: 120 capsules. Gluten-free, GMO-free.<\/p>","protected":false},"featured_media":51527,"comment_status":"closed","ping_status":"closed","template":"","meta":{"advanced_seo_description":"","jetpack_seo_html_title":"","jetpack_seo_noindex":false},"pwb-brand":[173],"product_brand":[4580],"product_cat":[289,2591,152],"product_tag":[1159,1167,1235,1158,1133],"class_list":{"0":"post-3398","1":"product","2":"type-product","3":"status-publish","4":"has-post-thumbnail","6":"pwb-brand-now-foods","7":"product_brand-now-foods","8":"product_cat-heart-and-blood-vessels","9":"product_cat-liver","10":"product_cat-vitamins-and-minerals","11":"product_tag-aging","12":"product_tag-blood-vessels","13":"product_tag-free-radical-scavenger","14":"product_tag-heart","15":"product_tag-wrinkles","16":"brand_woo-now-foods","18":"first","19":"instock","20":"taxable","21":"shipping-taxable","22":"purchasable","23":"product-type-simple"},"jetpack_sharing_enabled":true,"brands":[{"id":173,"name":"NOW Foods","slug":"now-foods"}],"_links":{"self":[{"href":"https:\/\/veganova.eu\/ro\/wp-json\/wp\/v2\/product\/3398","targetHints":{"allow":["GET"]}}],"collection":[{"href":"https:\/\/veganova.eu\/ro\/wp-json\/wp\/v2\/product"}],"about":[{"href":"https:\/\/veganova.eu\/ro\/wp-json\/wp\/v2\/types\/product"}],"replies":[{"embeddable":true,"href":"https:\/\/veganova.eu\/ro\/wp-json\/wp\/v2\/comments?post=3398"}],"version-history":[{"count":1,"href":"https:\/\/veganova.eu\/ro\/wp-json\/wp\/v2\/product\/3398\/revisions"}],"predecessor-version":[{"id":57830,"href":"https:\/\/veganova.eu\/ro\/wp-json\/wp\/v2\/product\/3398\/revisions\/57830"}],"wp:featuredmedia":[{"embeddable":true,"href":"https:\/\/veganova.eu\/ro\/wp-json\/wp\/v2\/media\/51527"}],"wp:attachment":[{"href":"https:\/\/veganova.eu\/ro\/wp-json\/wp\/v2\/media?parent=3398"}],"wp:term":[{"taxonomy":"pwb-brand","embeddable":true,"href":"https:\/\/veganova.eu\/ro\/wp-json\/wp\/v2\/pwb-brand?post=3398"},{"taxonomy":"product_brand","embeddable":true,"href":"https:\/\/veganova.eu\/ro\/wp-json\/wp\/v2\/product_brand?post=3398"},{"taxonomy":"product_cat","embeddable":true,"href":"https:\/\/veganova.eu\/ro\/wp-json\/wp\/v2\/product_cat?post=3398"},{"taxonomy":"product_tag","embeddable":true,"href":"https:\/\/veganova.eu\/ro\/wp-json\/wp\/v2\/product_tag?post=3398"}],"curies":[{"name":"wp","href":"https:\/\/api.w.org\/{rel}","templated":true}]}}