{"id":3407,"date":"2023-10-01T17:05:25","date_gmt":"2023-10-01T15:05:25","guid":{"rendered":"https:\/\/veganova.eu\/?post_type=product&#038;p=3407"},"modified":"2026-04-26T02:21:34","modified_gmt":"2026-04-26T00:21:34","slug":"now-foods-cordyceps-750mg-90-kaps","status":"publish","type":"product","link":"https:\/\/veganova.eu\/ro\/shop\/now-foods-cordyceps-750mg-90-kaps\/","title":{"rendered":"NOW Foods Cordyceps, 750mg (90 caps)"},"content":{"rendered":"<h3>NOW Foods Cordyceps, 750mg (90 caps)<\/h3>\n<p>Scavenger de radicali liberi<br \/>\nFunc\u021bie vascular\u0103 s\u0103n\u0103toas\u0103<br \/>\nCordyceps sinensis is a fungus that has been used by traditional Chinese herbalists for its energizing and adaptogenic properties for centuries. Cordyceps has numerous bioactive compounds, including polysaccharides and nucleosides, which have been studied for their broad range of biological activities. Modern scientific studies have shown that Cordyceps constituents possess free radical scavenging properties and suggest that they may also support a healthy immune system and promote normal vascular function.<\/p>","protected":false},"excerpt":{"rendered":"<p>Vegan nutritional supplement NOW Foods Cordyceps, 750mg containing the mushroom Cordyceps sinensis, which has been used in Traditional Chinese Medicine for centuries. It supports immunity, healthy blood circulation, fights against the action of free radicals and supports many other healing effects in the body. The package contains: 90 capsules. Gluten-free, GMO-free.<\/p>","protected":false},"featured_media":51441,"comment_status":"closed","ping_status":"closed","template":"","meta":{"advanced_seo_description":"","jetpack_seo_html_title":"","jetpack_seo_noindex":false},"pwb-brand":[173],"product_brand":[4580],"product_cat":[2592,289,597,2597,2595,149],"product_tag":[1200,1235,1117,1216,1217],"class_list":{"0":"post-3407","1":"product","2":"type-product","3":"status-publish","4":"has-post-thumbnail","6":"pwb-brand-now-foods","7":"product_brand-now-foods","8":"product_cat-detox","9":"product_cat-heart-and-blood-vessels","10":"product_cat-body-immunity","11":"product_cat-mushrooms","12":"product_cat-stress","13":"product_cat-superfoods","14":"product_tag-blood-circulation","15":"product_tag-free-radical-scavenger","16":"product_tag-immunity","17":"product_tag-tcm","18":"product_tag-traditional-chinese-medicine","19":"brand_woo-now-foods","21":"first","22":"instock","23":"taxable","24":"shipping-taxable","25":"purchasable","26":"product-type-simple"},"jetpack_sharing_enabled":true,"brands":[{"id":173,"name":"NOW Foods","slug":"now-foods"}],"_links":{"self":[{"href":"https:\/\/veganova.eu\/ro\/wp-json\/wp\/v2\/product\/3407","targetHints":{"allow":["GET"]}}],"collection":[{"href":"https:\/\/veganova.eu\/ro\/wp-json\/wp\/v2\/product"}],"about":[{"href":"https:\/\/veganova.eu\/ro\/wp-json\/wp\/v2\/types\/product"}],"replies":[{"embeddable":true,"href":"https:\/\/veganova.eu\/ro\/wp-json\/wp\/v2\/comments?post=3407"}],"version-history":[{"count":1,"href":"https:\/\/veganova.eu\/ro\/wp-json\/wp\/v2\/product\/3407\/revisions"}],"predecessor-version":[{"id":57838,"href":"https:\/\/veganova.eu\/ro\/wp-json\/wp\/v2\/product\/3407\/revisions\/57838"}],"wp:featuredmedia":[{"embeddable":true,"href":"https:\/\/veganova.eu\/ro\/wp-json\/wp\/v2\/media\/51441"}],"wp:attachment":[{"href":"https:\/\/veganova.eu\/ro\/wp-json\/wp\/v2\/media?parent=3407"}],"wp:term":[{"taxonomy":"pwb-brand","embeddable":true,"href":"https:\/\/veganova.eu\/ro\/wp-json\/wp\/v2\/pwb-brand?post=3407"},{"taxonomy":"product_brand","embeddable":true,"href":"https:\/\/veganova.eu\/ro\/wp-json\/wp\/v2\/product_brand?post=3407"},{"taxonomy":"product_cat","embeddable":true,"href":"https:\/\/veganova.eu\/ro\/wp-json\/wp\/v2\/product_cat?post=3407"},{"taxonomy":"product_tag","embeddable":true,"href":"https:\/\/veganova.eu\/ro\/wp-json\/wp\/v2\/product_tag?post=3407"}],"curies":[{"name":"wp","href":"https:\/\/api.w.org\/{rel}","templated":true}]}}