{"id":3414,"date":"2023-10-01T17:05:30","date_gmt":"2023-10-01T15:05:30","guid":{"rendered":"https:\/\/veganova.eu\/?post_type=product&#038;p=3414"},"modified":"2026-04-21T07:24:04","modified_gmt":"2026-04-21T05:24:04","slug":"now-foods-curcubrain-400mg-50-kaps","status":"publish","type":"product","link":"https:\/\/veganova.eu\/ro\/shop\/now-foods-curcubrain-400mg-50-kaps\/","title":{"rendered":"NOW Foods CurcuBrain, 400mg (50 caps)"},"content":{"rendered":"<h3>NOW Foods CurcuBrain<\/h3>\n<ul>\n<li>Curcumin\u0103 optimizat\u0103 Longvida<\/li>\n<li>Traverseaz\u0103 bariera hemato-encefalic\u0103<\/li>\n<li>Curcumin\u0103 \u00een form\u0103 liber\u0103 cu biodisponibilitate excelent\u0103<\/li>\n<li>Curcumina este un puternic neutralizator al radicalilor liberi cunoscut pentru sus\u021binerea func\u021biei imunitare echilibrate, dar este, de asemenea, cunoscut pentru biodisponibilitatea redus\u0103.<\/li>\n<li>Acum CurcuBrain con\u021bine Longvida Optimized Curcumin, care \u00een studii arat\u0103 o biodisponibilitate de p\u00e2n\u0103 la 65 de ori mai mare a curcuminoidelor libere comparativ cu curcumina generic\u0103.<\/li>\n<li>Longvida este absorbit\u0103 de tractul digestiv \u0219i distribuit\u0103 \u00een restul corpului sub form\u0103 de curcumin\u0103 liber\u0103, forma activ\u0103 din organism.<\/li>\n<\/ul>","protected":false},"excerpt":{"rendered":"<p>Supliment nutri\u021bional vegan NOW Foods CurcuBrain, 400mg, care con\u021bine un extract patentat din curcumin\u0103, care garanteaz\u0103 o absorb\u021bie \u0219i o utilizare mai mare dec\u00e2t utilizarea regulat\u0103 a turmericului. Pachetul con\u021bine: 50 de capsule. F\u0103r\u0103 gluten, f\u0103r\u0103 organisme modificate genetic.<\/p>","protected":false},"featured_media":53560,"comment_status":"closed","ping_status":"closed","template":"","meta":{"advanced_seo_description":"","jetpack_seo_html_title":"","jetpack_seo_noindex":false},"pwb-brand":[173],"product_brand":[4580],"product_cat":[2592,294,143,597,2600,2591],"product_tag":[1273,1117],"class_list":{"0":"post-3414","1":"product","2":"type-product","3":"status-publish","4":"has-post-thumbnail","6":"pwb-brand-now-foods","7":"product_brand-now-foods","8":"product_cat-detox","9":"product_cat-for-seniors","10":"product_cat-health-issues","11":"product_cat-body-immunity","12":"product_cat-inflammation","13":"product_cat-liver","14":"product_tag-healthy-brain","15":"product_tag-immunity","16":"brand_woo-now-foods","18":"first","19":"instock","20":"taxable","21":"shipping-taxable","22":"purchasable","23":"product-type-simple"},"jetpack_sharing_enabled":true,"brands":[{"id":173,"name":"NOW Foods","slug":"now-foods"}],"_links":{"self":[{"href":"https:\/\/veganova.eu\/ro\/wp-json\/wp\/v2\/product\/3414","targetHints":{"allow":["GET"]}}],"collection":[{"href":"https:\/\/veganova.eu\/ro\/wp-json\/wp\/v2\/product"}],"about":[{"href":"https:\/\/veganova.eu\/ro\/wp-json\/wp\/v2\/types\/product"}],"replies":[{"embeddable":true,"href":"https:\/\/veganova.eu\/ro\/wp-json\/wp\/v2\/comments?post=3414"}],"version-history":[{"count":1,"href":"https:\/\/veganova.eu\/ro\/wp-json\/wp\/v2\/product\/3414\/revisions"}],"predecessor-version":[{"id":57845,"href":"https:\/\/veganova.eu\/ro\/wp-json\/wp\/v2\/product\/3414\/revisions\/57845"}],"wp:featuredmedia":[{"embeddable":true,"href":"https:\/\/veganova.eu\/ro\/wp-json\/wp\/v2\/media\/53560"}],"wp:attachment":[{"href":"https:\/\/veganova.eu\/ro\/wp-json\/wp\/v2\/media?parent=3414"}],"wp:term":[{"taxonomy":"pwb-brand","embeddable":true,"href":"https:\/\/veganova.eu\/ro\/wp-json\/wp\/v2\/pwb-brand?post=3414"},{"taxonomy":"product_brand","embeddable":true,"href":"https:\/\/veganova.eu\/ro\/wp-json\/wp\/v2\/product_brand?post=3414"},{"taxonomy":"product_cat","embeddable":true,"href":"https:\/\/veganova.eu\/ro\/wp-json\/wp\/v2\/product_cat?post=3414"},{"taxonomy":"product_tag","embeddable":true,"href":"https:\/\/veganova.eu\/ro\/wp-json\/wp\/v2\/product_tag?post=3414"}],"curies":[{"name":"wp","href":"https:\/\/api.w.org\/{rel}","templated":true}]}}