{"id":3417,"date":"2023-10-01T17:05:31","date_gmt":"2023-10-01T15:05:31","guid":{"rendered":"https:\/\/veganova.eu\/?post_type=product&#038;p=3417"},"modified":"2026-04-21T07:24:04","modified_gmt":"2026-04-21T05:24:04","slug":"now-foods-curcumin-60-kaps","status":"publish","type":"product","link":"https:\/\/veganova.eu\/ro\/shop\/now-foods-curcumin-60-kaps\/","title":{"rendered":"NOW Foods Curcumin (60 caps)"},"content":{"rendered":"<h3>NOW Foods Curcumin (60 caps)<\/h3>\n<p>Extract standardizat<br \/>\n95% Curcuminoide<\/p>\n<p>Curcumina este principala component\u0103 bioactiv\u0103 care se g\u0103se\u0219te \u00een r\u0103d\u0103cinile de turmeric (Curcuma longa), o plant\u0103 care face parte din familia ghimbirului. Turmericul a fost utilizat ca agent colorant \u0219i aromatizant \u00een buc\u0103t\u0103riile din Asia de Sud timp de secole \u0219i a fost, de asemenea, recomandat de fitoterapeu\u021bii tradi\u021bionali ayurvedici timp de mii de ani. Curcumina a fost intens cercetat\u0103 de oamenii de \u0219tiin\u021b\u0103 moderni pentru diferitele sale activit\u0103\u021bi biologice.<\/p>","protected":false},"excerpt":{"rendered":"<p>Supliment alimentar vegan NOW Foods Curcumin cu extract natural din turmeric, care este utilizat pentru inflama\u021bii \u00een organism sau \u00eent\u0103rirea imunit\u0103\u021bii. Are efecte antibacteriene. Pachetul con\u021bine: 60 capsule. F\u0103r\u0103 gluten, f\u0103r\u0103 organisme modificate genetic.<\/p>","protected":false},"featured_media":51425,"comment_status":"closed","ping_status":"closed","template":"","meta":{"advanced_seo_description":"","jetpack_seo_html_title":"","jetpack_seo_noindex":false},"pwb-brand":[173],"product_brand":[4580],"product_cat":[2593,2592,2596,597,2600,2591,149],"product_tag":[1164,1117,1155],"class_list":{"0":"post-3417","1":"product","2":"type-product","3":"status-publish","4":"has-post-thumbnail","6":"pwb-brand-now-foods","7":"product_brand-now-foods","8":"product_cat-antioxidants","9":"product_cat-detox","10":"product_cat-herbs","11":"product_cat-body-immunity","12":"product_cat-inflammation","13":"product_cat-liver","14":"product_cat-superfoods","15":"product_tag-bacteria","16":"product_tag-immunity","17":"product_tag-inflammation","18":"brand_woo-now-foods","20":"first","21":"instock","22":"taxable","23":"shipping-taxable","24":"purchasable","25":"product-type-simple"},"jetpack_sharing_enabled":true,"brands":[{"id":173,"name":"NOW Foods","slug":"now-foods"}],"_links":{"self":[{"href":"https:\/\/veganova.eu\/ro\/wp-json\/wp\/v2\/product\/3417","targetHints":{"allow":["GET"]}}],"collection":[{"href":"https:\/\/veganova.eu\/ro\/wp-json\/wp\/v2\/product"}],"about":[{"href":"https:\/\/veganova.eu\/ro\/wp-json\/wp\/v2\/types\/product"}],"replies":[{"embeddable":true,"href":"https:\/\/veganova.eu\/ro\/wp-json\/wp\/v2\/comments?post=3417"}],"version-history":[{"count":1,"href":"https:\/\/veganova.eu\/ro\/wp-json\/wp\/v2\/product\/3417\/revisions"}],"predecessor-version":[{"id":57848,"href":"https:\/\/veganova.eu\/ro\/wp-json\/wp\/v2\/product\/3417\/revisions\/57848"}],"wp:featuredmedia":[{"embeddable":true,"href":"https:\/\/veganova.eu\/ro\/wp-json\/wp\/v2\/media\/51425"}],"wp:attachment":[{"href":"https:\/\/veganova.eu\/ro\/wp-json\/wp\/v2\/media?parent=3417"}],"wp:term":[{"taxonomy":"pwb-brand","embeddable":true,"href":"https:\/\/veganova.eu\/ro\/wp-json\/wp\/v2\/pwb-brand?post=3417"},{"taxonomy":"product_brand","embeddable":true,"href":"https:\/\/veganova.eu\/ro\/wp-json\/wp\/v2\/product_brand?post=3417"},{"taxonomy":"product_cat","embeddable":true,"href":"https:\/\/veganova.eu\/ro\/wp-json\/wp\/v2\/product_cat?post=3417"},{"taxonomy":"product_tag","embeddable":true,"href":"https:\/\/veganova.eu\/ro\/wp-json\/wp\/v2\/product_tag?post=3417"}],"curies":[{"name":"wp","href":"https:\/\/api.w.org\/{rel}","templated":true}]}}