{"id":3462,"date":"2023-10-01T17:05:49","date_gmt":"2023-10-01T15:05:49","guid":{"rendered":"https:\/\/veganova.eu\/?post_type=product&#038;p=3462"},"modified":"2026-04-26T02:21:34","modified_gmt":"2026-04-26T00:21:34","slug":"now-foods-gastro-comfort-with-pepzin-gi-60-kaps","status":"publish","type":"product","link":"https:\/\/veganova.eu\/ro\/shop\/now-foods-gastro-comfort-with-pepzin-gi-60-kaps\/","title":{"rendered":"NOW Foods Gastro Comfort cu PepZin GI (60 caps)"},"content":{"rendered":"<h3>NOW Foods Gastro Comfort cu PepZin GI (60 caps)<\/h3>\n<p>Plus gum\u0103 de mastic, aloe vera \u0219i ulm alunecos<br \/>\nSus\u021bine s\u0103n\u0103tatea gastric\u0103<\/p>\n<p>NOW Gastro Comfort este formulat pentru a sus\u021bine o mucoas\u0103 stomacal\u0103 s\u0103n\u0103toas\u0103. Gastro Comfort con\u021bine ingredientul PepZin GI, testat clinic, care este o form\u0103 patentat\u0103 de zinc complexat cu carnosin\u0103, despre care s-a demonstrat c\u0103 sus\u021bine integritatea mucoasei stomacului prin promovarea propriilor sale procese naturale de vindecare. Gastro Comfort include, de asemenea, gum\u0103 de mastic, o r\u0103\u0219in\u0103 din arborele de mastic, care a fost utilizat\u0103 \u00een mod tradi\u021bional pentru men\u021binerea s\u0103n\u0103t\u0103\u021bii gastrice. \u00cen plus, acest produs are ulm alunecos \u0219i aloe vera pentru a sus\u021bine un sistem digestiv s\u0103n\u0103tos.<\/p>","protected":false},"excerpt":{"rendered":"<p>Supliment alimentar vegan NOW Foods Gastro Comfort cu PepZin GI pentru s\u0103n\u0103tatea sistemului digestiv \u0219i sus\u021binerea proceselor de autovindecare ale organismului. Pachetul con\u021bine: 60 capsule. F\u0103r\u0103 gluten, f\u0103r\u0103 OMG.<\/p>","protected":false},"featured_media":53107,"comment_status":"closed","ping_status":"closed","template":"","meta":{"advanced_seo_description":"","jetpack_seo_html_title":"","jetpack_seo_noindex":false},"pwb-brand":[173],"product_brand":[4580],"product_cat":[596],"product_tag":[1191,1344,903],"class_list":{"0":"post-3462","1":"product","2":"type-product","3":"status-publish","4":"has-post-thumbnail","6":"pwb-brand-now-foods","7":"product_brand-now-foods","8":"product_cat-digestion","9":"product_tag-digestive-problems","10":"product_tag-digestive-system","11":"product_tag-digestive-tract","12":"brand_woo-now-foods","14":"first","15":"instock","16":"taxable","17":"shipping-taxable","18":"purchasable","19":"product-type-simple"},"jetpack_sharing_enabled":true,"brands":[{"id":173,"name":"NOW Foods","slug":"now-foods"}],"_links":{"self":[{"href":"https:\/\/veganova.eu\/ro\/wp-json\/wp\/v2\/product\/3462","targetHints":{"allow":["GET"]}}],"collection":[{"href":"https:\/\/veganova.eu\/ro\/wp-json\/wp\/v2\/product"}],"about":[{"href":"https:\/\/veganova.eu\/ro\/wp-json\/wp\/v2\/types\/product"}],"replies":[{"embeddable":true,"href":"https:\/\/veganova.eu\/ro\/wp-json\/wp\/v2\/comments?post=3462"}],"version-history":[{"count":1,"href":"https:\/\/veganova.eu\/ro\/wp-json\/wp\/v2\/product\/3462\/revisions"}],"predecessor-version":[{"id":57888,"href":"https:\/\/veganova.eu\/ro\/wp-json\/wp\/v2\/product\/3462\/revisions\/57888"}],"wp:featuredmedia":[{"embeddable":true,"href":"https:\/\/veganova.eu\/ro\/wp-json\/wp\/v2\/media\/53107"}],"wp:attachment":[{"href":"https:\/\/veganova.eu\/ro\/wp-json\/wp\/v2\/media?parent=3462"}],"wp:term":[{"taxonomy":"pwb-brand","embeddable":true,"href":"https:\/\/veganova.eu\/ro\/wp-json\/wp\/v2\/pwb-brand?post=3462"},{"taxonomy":"product_brand","embeddable":true,"href":"https:\/\/veganova.eu\/ro\/wp-json\/wp\/v2\/product_brand?post=3462"},{"taxonomy":"product_cat","embeddable":true,"href":"https:\/\/veganova.eu\/ro\/wp-json\/wp\/v2\/product_cat?post=3462"},{"taxonomy":"product_tag","embeddable":true,"href":"https:\/\/veganova.eu\/ro\/wp-json\/wp\/v2\/product_tag?post=3462"}],"curies":[{"name":"wp","href":"https:\/\/api.w.org\/{rel}","templated":true}]}}