{"id":3475,"date":"2023-10-01T17:05:53","date_gmt":"2023-10-01T15:05:53","guid":{"rendered":"https:\/\/veganova.eu\/?post_type=product&#038;p=3475"},"modified":"2026-04-21T07:24:07","modified_gmt":"2026-04-21T05:24:07","slug":"now-foods-glucosamine-1000-180-kaps","status":"publish","type":"product","link":"https:\/\/veganova.eu\/ro\/shop\/now-foods-glucosamine-1000-180-kaps\/","title":{"rendered":"NOW Foods Glucozamin\u0103 1000 (180 caps)"},"content":{"rendered":"<h3>NOW Foods Glucozamin\u0103 1000 (180 caps)<\/h3>\n<p>Un gram pe capsul\u0103<br \/>\nSus\u021bine func\u021bionarea s\u0103n\u0103toas\u0103 a articula\u021biilor<br \/>\nSus\u021bine formarea cartilajului<br \/>\nGlucozamina este o component\u0103 esen\u021bial\u0103 pentru formarea glicozaminoglicanilor (GAG) \u0219i a proteoglicanilor, principalele componente ale \u021besutului cartilaginos. Ace\u0219ti compu\u0219i favorizeaz\u0103 reten\u021bia apei \u00een articula\u021bie, conferindu-i elasticitate prin faptul c\u0103 ac\u021bioneaz\u0103 ca un lubrifiant \u0219i ca un mijloc de absorb\u021bie a \u0219ocurilor.<\/p>","protected":false},"excerpt":{"rendered":"<p>Suplimentul alimentar vegetarian NOW Foods Glucosamine 1000 sus\u021bine s\u0103n\u0103tatea articula\u021biilor, ajut\u0103 la lubrifierea acestora \u0219i la reducerea tremur\u0103turilor. Pachetul con\u021bine: 180 de capsule. F\u0103r\u0103 gluten, f\u0103r\u0103 OMG, f\u0103r\u0103 soia.<\/p>","protected":false},"featured_media":51658,"comment_status":"closed","ping_status":"closed","template":"","meta":{"advanced_seo_description":"","jetpack_seo_html_title":"","jetpack_seo_noindex":false},"pwb-brand":[173],"product_brand":[4580],"product_cat":[284,152],"product_tag":[1345],"class_list":{"0":"post-3475","1":"product","2":"type-product","3":"status-publish","4":"has-post-thumbnail","6":"pwb-brand-now-foods","7":"product_brand-now-foods","8":"product_cat-trace-elements","9":"product_cat-vitamins-and-minerals","10":"product_tag-cartilage","11":"brand_woo-now-foods","13":"first","14":"instock","15":"sale","16":"taxable","17":"shipping-taxable","18":"purchasable","19":"product-type-simple"},"jetpack_sharing_enabled":true,"brands":[{"id":173,"name":"NOW Foods","slug":"now-foods"}],"_links":{"self":[{"href":"https:\/\/veganova.eu\/ro\/wp-json\/wp\/v2\/product\/3475","targetHints":{"allow":["GET"]}}],"collection":[{"href":"https:\/\/veganova.eu\/ro\/wp-json\/wp\/v2\/product"}],"about":[{"href":"https:\/\/veganova.eu\/ro\/wp-json\/wp\/v2\/types\/product"}],"replies":[{"embeddable":true,"href":"https:\/\/veganova.eu\/ro\/wp-json\/wp\/v2\/comments?post=3475"}],"version-history":[{"count":1,"href":"https:\/\/veganova.eu\/ro\/wp-json\/wp\/v2\/product\/3475\/revisions"}],"predecessor-version":[{"id":57897,"href":"https:\/\/veganova.eu\/ro\/wp-json\/wp\/v2\/product\/3475\/revisions\/57897"}],"wp:featuredmedia":[{"embeddable":true,"href":"https:\/\/veganova.eu\/ro\/wp-json\/wp\/v2\/media\/51658"}],"wp:attachment":[{"href":"https:\/\/veganova.eu\/ro\/wp-json\/wp\/v2\/media?parent=3475"}],"wp:term":[{"taxonomy":"pwb-brand","embeddable":true,"href":"https:\/\/veganova.eu\/ro\/wp-json\/wp\/v2\/pwb-brand?post=3475"},{"taxonomy":"product_brand","embeddable":true,"href":"https:\/\/veganova.eu\/ro\/wp-json\/wp\/v2\/product_brand?post=3475"},{"taxonomy":"product_cat","embeddable":true,"href":"https:\/\/veganova.eu\/ro\/wp-json\/wp\/v2\/product_cat?post=3475"},{"taxonomy":"product_tag","embeddable":true,"href":"https:\/\/veganova.eu\/ro\/wp-json\/wp\/v2\/product_tag?post=3475"}],"curies":[{"name":"wp","href":"https:\/\/api.w.org\/{rel}","templated":true}]}}