{"id":3504,"date":"2023-10-01T17:06:06","date_gmt":"2023-10-01T15:06:06","guid":{"rendered":"https:\/\/veganova.eu\/?post_type=product&#038;p=3504"},"modified":"2026-04-26T02:21:36","modified_gmt":"2026-04-26T00:21:36","slug":"now-foods-hmb-powder-90g","status":"publish","type":"product","link":"https:\/\/veganova.eu\/ro\/shop\/now-foods-hmb-powder-90g\/","title":{"rendered":"NOW Foods HMB, pulbere (90g)"},"content":{"rendered":"<h3>NOW Foods HMB, pulbere (90g)<\/h3>\n<p>\u00cembun\u0103t\u0103\u021be\u0219te recuperarea<br \/>\nP\u0103streaz\u0103 masa slab\u0103<br \/>\nMen\u021bine musculatura<br \/>\nHMB (\u00df-hidroxi \u00df-metilbutirat) este un metabolit natural, cercetat clinic, al aminoacidului leucin\u0103 cu lan\u021b ramificat. HMB joac\u0103 \u00een mod normal un rol \u00een reglarea descompunerii proteinelor \u00een organism, ajut\u00e2nd la men\u021binerea \u021besutului muscular slab. Prin urmare, HMB poate ajuta la men\u021binerea for\u021bei \u0219i masei musculare atunci c\u00e2nd este combinat cu exerci\u021bii fizice regulate \u0219i o diet\u0103 s\u0103n\u0103toas\u0103. \u00cen plus, poate contribui la \u00eembun\u0103t\u0103\u021birea recuper\u0103rii dup\u0103 exerci\u021bii intense.<\/p>","protected":false},"excerpt":{"rendered":"<p>Suplimentul alimentar vegan NOW Foods HMB sus\u021bine regenerarea muscular\u0103 mai rapid\u0103 dup\u0103 antrenament \u0219i ajut\u0103 la construirea masei musculare slabe. Pachetul con\u021bine: 90g (pulbere pur\u0103). F\u0103r\u0103 OMG.<\/p>","protected":false},"featured_media":53100,"comment_status":"closed","ping_status":"closed","template":"","meta":{"advanced_seo_description":"","jetpack_seo_html_title":"","jetpack_seo_noindex":false},"pwb-brand":[173],"product_brand":[4580],"product_cat":[174,132],"product_tag":[1353,1197],"class_list":{"0":"post-3504","1":"product","2":"type-product","3":"status-publish","4":"has-post-thumbnail","6":"pwb-brand-now-foods","7":"product_brand-now-foods","8":"product_cat-amino-acids","9":"product_cat-sports-nutrition","10":"product_tag-lean-muscle","11":"product_tag-regeneration","12":"brand_woo-now-foods","14":"first","15":"instock","16":"taxable","17":"shipping-taxable","18":"purchasable","19":"product-type-simple"},"jetpack_sharing_enabled":true,"brands":[{"id":173,"name":"NOW Foods","slug":"now-foods"}],"_links":{"self":[{"href":"https:\/\/veganova.eu\/ro\/wp-json\/wp\/v2\/product\/3504","targetHints":{"allow":["GET"]}}],"collection":[{"href":"https:\/\/veganova.eu\/ro\/wp-json\/wp\/v2\/product"}],"about":[{"href":"https:\/\/veganova.eu\/ro\/wp-json\/wp\/v2\/types\/product"}],"replies":[{"embeddable":true,"href":"https:\/\/veganova.eu\/ro\/wp-json\/wp\/v2\/comments?post=3504"}],"version-history":[{"count":1,"href":"https:\/\/veganova.eu\/ro\/wp-json\/wp\/v2\/product\/3504\/revisions"}],"predecessor-version":[{"id":57922,"href":"https:\/\/veganova.eu\/ro\/wp-json\/wp\/v2\/product\/3504\/revisions\/57922"}],"wp:featuredmedia":[{"embeddable":true,"href":"https:\/\/veganova.eu\/ro\/wp-json\/wp\/v2\/media\/53100"}],"wp:attachment":[{"href":"https:\/\/veganova.eu\/ro\/wp-json\/wp\/v2\/media?parent=3504"}],"wp:term":[{"taxonomy":"pwb-brand","embeddable":true,"href":"https:\/\/veganova.eu\/ro\/wp-json\/wp\/v2\/pwb-brand?post=3504"},{"taxonomy":"product_brand","embeddable":true,"href":"https:\/\/veganova.eu\/ro\/wp-json\/wp\/v2\/product_brand?post=3504"},{"taxonomy":"product_cat","embeddable":true,"href":"https:\/\/veganova.eu\/ro\/wp-json\/wp\/v2\/product_cat?post=3504"},{"taxonomy":"product_tag","embeddable":true,"href":"https:\/\/veganova.eu\/ro\/wp-json\/wp\/v2\/product_tag?post=3504"}],"curies":[{"name":"wp","href":"https:\/\/api.w.org\/{rel}","templated":true}]}}